{"id":125,"date":"2023-10-10T10:05:25","date_gmt":"2023-10-10T10:05:25","guid":{"rendered":"https:\/\/stilladser.dk\/?page_id=125"},"modified":"2024-10-25T09:23:57","modified_gmt":"2024-10-25T09:23:57","slug":"stilladstyper","status":"publish","type":"page","link":"https:\/\/stilladser.dk\/index.php\/mesmerize\/stilladstyper\/","title":{"rendered":"STILLADSTYPER"},"content":{"rendered":"<div  data-label=\"Content\" data-id=\"content--3\" data-export-id=\"content-12\" data-category=\"content\" class=\"content-12 content-section content-section-spacing\" id=\"content-3\" style=\"background-color: rgb(255, 255, 255);\"><div  class=\"gridContainer\"> <div  class=\"row text-center\"><div  class=\"section-title-col\" data-type=\"column\">  <p  class=\"lead\">Vi tilbyder flere forskellige stilladstyper, som g\u00f8r det muligt for os at klare n\u00e6sten alle former for stilladsprojekter. Disse stilladstyper inkluderer f.eks. allroundstillads, let facadestillads, rullestilladser, overd\u00e6kninger og special opgaver.<\/p><\/div> <\/div> <div  class=\"row center-xs middle-xs\"> <div  class=\"col-sm-9\" data-type=\"column\"> <\/div> <\/div><\/div> <\/div><div  data-label=\"Portfolio\" data-id=\"portfolio--1\" data-export-id=\"portfolio-5-mc\" data-category=\"portfolio\" class=\"portfolio-5-mc content-section content-section-spacing section-title-col-white-text bg-color1 content-relative\" id=\"portfolio-1\" style=\"background-image: none; background-color: rgb(251, 251, 251);\"><div  class=\"gridContainer\">  <div  class=\"row space-bottom spaced-cols center-sm\" data-type=\"row\"> <div  class=\"col-xs-12 col-sm-4 text-center col-md-3 \"> <div  class=\"card no-padding bordered\"> <div  data-hover-fx=\"portfolio-6\" class=\"contentswap-effect contentswap-overlay\" style=\"float: none; margin: 0; width: 100%;\"> <div  class=\"initial-image\" style=\"float: none; margin: 0;\"> <img  decoding=\"async\" data-size=\"500x333\" src=\"\"><\/div> <div  class=\"overlay bg-color-white\" style=\"display: block; transition: opacity 800ms ease 0s; -webkit-transition-timing-function: ease; -moz-transition-timing-function: ease; -o-transition-timing-function: ease; transition-timing-function: ease;\"><\/div> <div  class=\"swap-inner col-xs-12\" style=\"display: block; transition: all 800ms ease 0s; background-color: rgba(0,0,0,0); margin-top: 0;\"> <div  class=\"row full-height-row middle-xs middle-sm\"> <div  class=\"col-xs-12 text-center content-holder\"> <a class=\"button small color2\" href=\"#\" target=\"_self\" data-cp-link=\"1\" data-icon=\"\" rel=\"noopener\">View case study<\/a><\/div> <\/div><\/div> <\/div> <div  class=\"col-xs-12\"> <div  class=\"space-bottom space-top\" data-type=\"column\"> <a data-cp-link=\"1\" href=\"https:\/\/stilladser.dk\/index.php\/mesmerize\/stilladstyper\/let-facadestillads\" class=\"\" target=\"_blank\" rel=\"noopener\"><img  decoding=\"async\" class=\"custom-image\" src=\"https:\/\/stilladser.dk\/wp-content\/uploads\/2023\/10\/cropped-a3f32cee-77a3-478f-bfe7-e1ee0e9fdc9b.jpg\" title=\"cropped-a3f32cee-77a3-478f-bfe7-e1ee0e9fdc9b.jpg\" alt=\"\"><\/a><h5  class=\"\"><a data-mce-href=\"let-facadestillads\/\" href=\"https:\/\/stilladser.dk\/index.php\/mesmerize\/stilladstyper\/let-facadestillads\" target=\"_blank\" rel=\"noopener\" data-mce-selected=\"inline-boundary\" data-cp-link=\"1\"><span  style=\"color: rgb(23, 46, 103); font-weight: 600;\">Let facade stillads<\/span><\/a><\/h5> <p  class=\"small italic\"><span  style=\"color: rgb(0, 0, 0);\">Stilladssystemet til de mindre renoveringsopgaver. Vi arbejder med let facadestillads fra det kvalitetsdygtige Layher system som sikrer en h\u00f8j sikkerhed for vores kunder i udf\u00f8relsen af facaderenoveringer mm.<\/span><br ><a data-mce-href=\"let-facadestillads\/\" href=\"https:\/\/stilladser.dk\/index.php\/mesmerize\/stilladstyper\/let-facadestillads\" target=\"_blank\" rel=\"noopener\" data-mce-selected=\"inline-boundary\" data-cp-link=\"1\"><span  style=\"color: rgb(3, 169, 244); font-weight: 600;\">Klik her og l\u00e6s m\u00e6re om vores lette facade stilladser!<\/span><\/a><\/p><\/div> <\/div><\/div> <\/div>  <div  class=\"col-xs-12 col-sm-4 text-center col-md-3 \"> <div  class=\"card no-padding bordered\"> <div  data-hover-fx=\"portfolio-6\" class=\"contentswap-effect contentswap-overlay\" style=\"float: none; margin: 0; width: 100%;\"> <div  class=\"initial-image\" style=\"float: none; margin: 0;\"> <img  decoding=\"async\" data-size=\"500x333\" src=\"\"><\/div> <div  class=\"overlay bg-color-white\" style=\"display: block; transition: opacity 800ms ease 0s; -webkit-transition-timing-function: ease; -moz-transition-timing-function: ease; -o-transition-timing-function: ease; transition-timing-function: ease;\"><\/div> <div  class=\"swap-inner col-xs-12\" style=\"display: block; transition: all 800ms ease 0s; background-color: rgba(0,0,0,0); margin-top: 0;\"> <div  class=\"row full-height-row middle-xs middle-sm\"> <div  class=\"col-xs-12 text-center content-holder\"> <a class=\"button small color2\" href=\"#\" target=\"_self\" data-cp-link=\"1\" data-icon=\"\" rel=\"noopener\">View case study<\/a><\/div> <\/div><\/div> <\/div> <div  class=\"col-xs-12\"> <div  class=\"space-bottom space-top\" data-type=\"column\"> <a data-cp-link=\"1\" href=\"https:\/\/stilladser.dk\/index.php\/mesmerize\/stilladstyper\/alround-stillads\" class=\"\" target=\"_blank\" rel=\"noopener\"><img  decoding=\"async\" class=\"custom-image\" src=\"https:\/\/stilladser.dk\/wp-content\/uploads\/2023\/10\/cropped-cropped-ac2acbde-e3dc-4794-a832-a2ca69741da6.jpg\" title=\"cropped-cropped-ac2acbde-e3dc-4794-a832-a2ca69741da6.jpg\" alt=\"\"><\/a><h5  class=\"\"><a data-mce-href=\"allround-stillads\/\" href=\"allround-stillads\" target=\"_blank\" rel=\"noopener\" data-mce-selected=\"inline-boundary\" data-cp-link=\"1\"><span  style=\"font-weight: 600; color: rgb(23, 46, 103);\">Allround stillads<\/span><\/a><\/h5> <p  class=\"small italic\"><span  style=\"color: rgb(0, 0, 0);\">Alround stillads er et af vores foretrukne og mest benyttede systemer fra Layher. Som navnet antyder, kan det bruges til en bred vifte af projekttyper pga. den fleksibilitet det tilbyder.<\/span>\n<br ><br ><a data-mce-href=\"allround-stillads\/\" href=\"allround-stillads\" target=\"_blank\" rel=\"noopener\" data-mce-selected=\"inline-boundary\" data-cp-link=\"1\"><span  style=\"font-weight: 600; color: rgb(3, 169, 244);\">\nKlik her og l\u00e6s m\u00e6re om vores Allround stilladser!<\/span><\/a><\/p><\/div> <\/div><\/div> <\/div><div  class=\"col-xs-12 col-sm-4 text-center col-md-3\"> <div  class=\"card no-padding bordered\"> <div  data-hover-fx=\"portfolio-6\" class=\"contentswap-effect contentswap-overlay\" style=\"float: none; margin: 0; width: 100%;\"> <div  class=\"initial-image\" style=\"float: none; margin: 0;\"> <img  decoding=\"async\" data-size=\"500x333\" src=\"\"><\/div> <div  class=\"overlay bg-color-white\" style=\"display: block; transition: opacity 800ms ease 0s; -webkit-transition-timing-function: ease; -moz-transition-timing-function: ease; -o-transition-timing-function: ease; transition-timing-function: ease;\"><\/div> <div  class=\"swap-inner col-xs-12\" style=\"display: block; transition: all 800ms ease 0s; background-color: rgba(0,0,0,0); margin-top: 0;\"> <div  class=\"row full-height-row middle-xs middle-sm\"> <div  class=\"col-xs-12 text-center content-holder\"> <a class=\"button small color2\" href=\"#\" target=\"_self\" data-cp-link=\"1\" data-icon=\"\" rel=\"noopener\">View case study<\/a><\/div> <\/div><\/div> <\/div> <div  class=\"col-xs-12\"> <div  class=\"space-bottom space-top\" data-type=\"column\"> <a data-cp-link=\"1\" href=\"https:\/\/stilladser.dk\/index.php\/mesmerize\/stilladstyper\/totaloverdaekninger\" class=\"\" target=\"_blank\" rel=\"noopener\"><img  decoding=\"async\" class=\"custom-image\" src=\"https:\/\/stilladser.dk\/wp-content\/uploads\/2023\/10\/cropped-cropped-cropped-IMG_4968-1-1.jpg\" title=\"IMG_4968\" alt=\"\"><\/a><h5  class=\"\"><a data-mce-href=\"totaloverdaekninger\/\" href=\"https:\/\/stilladser.dk\/index.php\/mesmerize\/stilladstyper\/totaloverdaekninger\" target=\"_blank\" rel=\"noopener\" data-mce-selected=\"inline-boundary\" data-cp-link=\"1\"><span  style=\"color: rgb(23, 46, 103); font-weight: 600;\">Totaloverd\u00e6kninger<\/span><\/a><\/h5> <p  class=\"small italic\"><span  style=\"color: rgb(0, 0, 0);\">Har dit byggeprojekt behov for beskyttelse mod det danske vejr er en overd\u00e6kning m\u00e5ske den rigtige l\u00f8sning for dig, da det giver mulighed for at arbejde trygt og i l\u00e6 for vejret.\n<\/span><br ><br ><a data-mce-href=\"totaloverdaekninger\/\" href=\"https:\/\/stilladser.dk\/index.php\/mesmerize\/stilladstyper\/totaloverdaekninger\" target=\"_blank\" rel=\"noopener\" data-mce-selected=\"inline-boundary\" data-cp-link=\"1\"><span  style=\"font-weight: 600; color: rgb(3, 169, 244);\">\nKlik her og l\u00e6s m\u00e6re om vores totaloverd\u00e6kninger!<\/span><\/a><\/p><\/div> <\/div><\/div> <\/div><div  class=\"col-xs-12 col-sm-4 text-center col-md-3\"> <div  class=\"card no-padding bordered\"> <div  data-hover-fx=\"portfolio-6\" class=\"contentswap-effect contentswap-overlay\" style=\"float: none; margin: 0; width: 100%;\"> <div  class=\"initial-image\" style=\"float: none; margin: 0;\"> <img  decoding=\"async\" data-size=\"500x333\" src=\"\"><\/div> <div  class=\"overlay bg-color-white\" style=\"display: block; transition: opacity 800ms ease 0s; -webkit-transition-timing-function: ease; -moz-transition-timing-function: ease; -o-transition-timing-function: ease; transition-timing-function: ease;\"><\/div> <div  class=\"swap-inner col-xs-12\" style=\"display: block; transition: all 800ms ease 0s; background-color: rgba(0,0,0,0); margin-top: 0;\"> <div  class=\"row full-height-row middle-xs middle-sm\"> <div  class=\"col-xs-12 text-center content-holder\"> <a class=\"button small color2\" href=\"#\" target=\"_self\" data-cp-link=\"1\" data-icon=\"\" rel=\"noopener\">View case study<\/a><\/div> <\/div><\/div> <\/div> <div  class=\"col-xs-12\"> <div  class=\"space-bottom space-top\" data-type=\"column\"> <a data-cp-link=\"1\" href=\"https:\/\/stilladser.dk\/index.php\/mesmerize\/stilladstyper\/rullestilladser\" class=\"\" target=\"_blank\" rel=\"noopener\"><img  decoding=\"async\" class=\"custom-image\" src=\"https:\/\/stilladser.dk\/wp-content\/uploads\/2023\/10\/cropped-cropped-fc1322dc-e270-43a5-8b2f-4102c167abe5.png\" title=\"cropped-cropped-fc1322dc-e270-43a5-8b2f-4102c167abe5.png\" alt=\"\"><\/a><h5  class=\"\"><a data-mce-href=\"rullestilladser\/\" href=\"https:\/\/stilladser.dk\/index.php\/mesmerize\/stilladstyper\/rullestilladser\" target=\"_blank\" rel=\"noopener\" data-mce-selected=\"inline-boundary\" data-cp-link=\"1\"><font  color=\"#172e67\"><b >Alu rullestilladser<\/b><\/font><\/a><\/h5> <p  class=\"small italic\"><span  style=\"color: rgb(0, 0, 0);\">Stilladssystemet til de mindre renoveringer af p\u00e5 facader, vinduer osv. Vores rullestilladser sikrer en h\u00f8j sikkerhed, hvor der prim\u00e6rt er behov for solidt underlag, men lidt oppe i h\u00f8jden.<\/span><br ><br ><a data-mce-href=\"rullestilladser\/\" href=\"https:\/\/stilladser.dk\/index.php\/mesmerize\/stilladstyper\/rullestilladser\" target=\"_blank\" rel=\"noopener\" data-mce-selected=\"inline-boundary\" data-cp-link=\"1\"><span  style=\"color: rgb(3, 169, 244); font-weight: 600;\">Klik her og l\u00e6s m\u00e6re om vores lette alu rullestilladser!\ufeff<\/span><\/a><\/p><\/div> <\/div><\/div> <\/div><\/div> <div  class=\"row\"><div  data-type=\"column\" class=\"col-xs-12 text-center\"> <\/div> <\/div><\/div> <\/div><div  data-label=\"About\" data-id=\"about--1\" data-export-id=\"about-text-image\" data-category=\"about\" class=\"about-text-image content-section content-section-spacing\" id=\"about-1\" style=\"background-color: rgb(255, 255, 255);\"><div  class=\"gridContainer\"> <div  class=\"row\"><div  class=\"col-sm-6 col-padding-small-xs col-sm-padding-large bg-color5 white-text content-col\" data-type=\"column\">  <h2  class=\"\">Stillads til specialopgaver<\/h2> <p  class=\"\">Vi tilbyder ikke kun stillads til byggeribranchen, men har ogs\u00e5 en bred erfaring indenfor stillads til specialkonstrukttioner til events eller lignende med sikkerheden i fokus. Dette er muligt, da vi har flere forskellige stilladstyper med forkellige muligheder som kan bruges i kombination med hinanden.<\/p><a class=\"button force-shadow color8 dark-text\" href=\"https:\/\/stilladser.dk\/index.php\/mesmerize\/stilladstyper\/stillads-til-specialopgaver\" target=\"_blank\" data-cp-link=\"1\" data-icon=\"\" rel=\"noopener\">L\u00e6s mere<\/a><\/div> <div  class=\"col-sm-6 flexbox-strech center-xs middle-xs no-gutter-col\"><div  class=\"shadow-large overlap-left-large flexbox middle-xs center-xs right-img\" data-bg=\"image\" style=\"background-image: url(&quot;https:\/\/stilladser.dk\/wp-content\/uploads\/2023\/10\/cropped-IMG_3477-2.jpg&quot;);\"><\/div><\/div> <\/div><\/div> <\/div><div  data-label=\"Content\" data-id=\"content--1\" data-export-id=\"content-3\" data-category=\"content\" class=\"content-3 content-section content-section-spacing\" id=\"content-1\" style=\"background-color: rgb(255, 255, 255);\"><div > <div  class=\"row middle-xs\"><div  class=\"col-sm-7 full-col-left-padding full-col-right-padding\"> <div  class=\"row\"><div  data-type=\"column\" class=\"space-bottom-small content-title-col\">  <h2  class=\"\">Hvordan v\u00e6lger man den rigtige type stillads?<\/h2><p  class=\"\">Ja, det kan v\u00e6re sv\u00e6rt.. Men vi st\u00e5r klar til at r\u00e5dgive dig i processen. Med vores mange \u00e5rs erfaring ved vi hvilke sp\u00f8rgsm\u00e5l der skal stilles og besvares for at opn\u00e5 det bedste resultat. Som kunde er det vigtigt at du g\u00f8r dig nogle tanker om opgavens omfang og kompleksitet. Som r\u00e5dgivende partner hj\u00e6lper vi gerne med at f\u00e5 d\u00e6kket disse behov og tilbyder vores ekspertise omkring andre omkringliggende forhold. Vores m\u00e5l er at tilbyde det rigtige stillads til den rigtige pris, for at garantere den bedste oplevelse for vores kunder. Vi har altid sikkerhed og kvalitet i centrum, s\u00e5 du som kunde kan udf\u00f8re dit arbejde p\u00e5 de bedste vilk\u00e5r.&nbsp;<\/p> <\/div> <\/div> <div  class=\"row spaced-cols\" data-type=\"row\"> <div  class=\"col-xs-6\" data-type=\"column\">  <\/div>    <\/div><\/div> <div  class=\"col-sm-5 bg-image shadow-large-black revert-classes-holder\" data-bg=\"image\" style=\"background-image: url(&quot;https:\/\/stilladser.dk\/wp-content\/uploads\/2023\/10\/cropped-cropped-IMG_6614-1-rotated-2.jpg&quot;);\"><\/div><\/div> <\/div><\/div><div  data-label=\"Content\" data-id=\"content--2\" data-export-id=\"content-2\" data-category=\"content\" class=\"content-2 content-section content-section-spacing\" id=\"content-2\" style=\"background-color: rgb(245, 250, 253);\"><div > <div  class=\"row middle-xs\"><div  class=\"col-sm-5 bg-image shadow-large-black\" data-bg=\"image\" style=\"background-image: url(&quot;https:\/\/stilladser.dk\/wp-content\/uploads\/2023\/10\/cropped-IMG_0490-scaled-1.jpg&quot;);\"><\/div> <div  class=\"col-sm-7 full-col-left-padding full-col-right-padding\"> <div  class=\"row\"> <div  data-type=\"column\" class=\"space-bottom-small content-title-col\">  <h2  class=\"\"><span  style=\"color: rgb(23, 46, 103);\"><b >Brug dit stillads til salg af reklameplads\u2026<\/b><\/span><\/h2> <p  class=\"lead\"><span  style=\"color: rgb(23, 46, 103); font-weight: 600;\">og spar penge p\u00e5 dit projekt!<\/span><\/p><p  class=\"\"><span  style=\"color: rgb(0, 0, 0);\">N\u00e5r du handler hos os, f\u00e5r du muligheden for at udleje reklamepladsen som dit stilladsprojekt tilbyder. Vi faciliterer kontakt og eksikvering af mega reklamer p\u00e5 dit stillads og hj\u00e6lper dig med at spare penge p\u00e5 dit projekt. Kontakt os og h\u00f8r mere om mulighederne for salg af reklameplads p\u00e5 stilladser og overd\u00e6kninger.&nbsp;<\/span><\/p><\/div> <\/div> <div  class=\"row spaced-cols \" data-type=\"row\">  <div  class=\"col-xs-6\" data-type=\"column\"> <\/div>   <\/div><\/div> <\/div><\/div> <\/div>","protected":false},"excerpt":{"rendered":"<p>Vi tilbyder flere forskellige stilladstyper, som g\u00f8r det muligt for os at klare n\u00e6sten alle former for stilladsprojekter. Disse stilladstyper inkluderer f.eks. allroundstillads, let facadestillads, rullestilladser, overd\u00e6kninger og special opgaver. View case study Let facade stillads Stilladssystemet til de mindre renoveringsopgaver. Vi arbejder med let facadestillads fra det kvalitetsdygtige Layher system som sikrer en h\u00f8j&hellip; <br \/> <a class=\"read-more\" href=\"https:\/\/stilladser.dk\/index.php\/mesmerize\/stilladstyper\/\">L\u00e6s mere<\/a><\/p>\n","protected":false},"author":1,"featured_media":0,"parent":23,"menu_order":2,"comment_status":"closed","ping_status":"closed","template":"pro\/page-templates\/full-width-page.php","meta":{"footnotes":""},"class_list":["post-125","page","type-page","status-publish","hentry"],"yoast_head":"<!-- This site is optimized with the Yoast SEO plugin v26.8 - https:\/\/yoast.com\/product\/yoast-seo-wordpress\/ -->\n<title>STILLADSTYPER - MARS Stilladser A\/S<\/title>\n<meta name=\"description\" content=\"Vi tilbyder flere forskellige stilladstyper efter behov, s\u00e5 vi kan tilbyde de bedste og sikreste stilladsl\u00f8sninger til vores kunder.\" \/>\n<meta name=\"robots\" content=\"index, follow, max-snippet:-1, max-image-preview:large, max-video-preview:-1\" \/>\n<link rel=\"canonical\" href=\"https:\/\/stilladser.dk\/index.php\/mesmerize\/stilladstyper\/\" \/>\n<meta property=\"og:locale\" content=\"da_DK\" \/>\n<meta property=\"og:type\" content=\"article\" \/>\n<meta property=\"og:title\" content=\"STILLADSTYPER - MARS Stilladser A\/S\" \/>\n<meta property=\"og:description\" content=\"Vi tilbyder flere forskellige stilladstyper efter behov, s\u00e5 vi kan tilbyde de bedste og sikreste stilladsl\u00f8sninger til vores kunder.\" \/>\n<meta property=\"og:url\" content=\"https:\/\/stilladser.dk\/index.php\/mesmerize\/stilladstyper\/\" \/>\n<meta property=\"og:site_name\" content=\"MARS Stilladser A\/S\" \/>\n<meta property=\"article:modified_time\" content=\"2024-10-25T09:23:57+00:00\" \/>\n<meta property=\"og:image\" content=\"https:\/\/stilladser.dk\/wp-content\/uploads\/2023\/10\/cropped-a3f32cee-77a3-478f-bfe7-e1ee0e9fdc9b.jpg\" \/>\n<meta name=\"twitter:card\" content=\"summary_large_image\" \/>\n<meta name=\"twitter:label1\" content=\"Estimeret l\u00e6setid\" \/>\n\t<meta name=\"twitter:data1\" content=\"4 minutter\" \/>\n<script type=\"application\/ld+json\" class=\"yoast-schema-graph\">{\"@context\":\"https:\/\/schema.org\",\"@graph\":[{\"@type\":\"WebPage\",\"@id\":\"https:\/\/stilladser.dk\/index.php\/mesmerize\/stilladstyper\/\",\"url\":\"https:\/\/stilladser.dk\/index.php\/mesmerize\/stilladstyper\/\",\"name\":\"STILLADSTYPER - MARS Stilladser A\/S\",\"isPartOf\":{\"@id\":\"https:\/\/stilladser.dk\/#website\"},\"primaryImageOfPage\":{\"@id\":\"https:\/\/stilladser.dk\/index.php\/mesmerize\/stilladstyper\/#primaryimage\"},\"image\":{\"@id\":\"https:\/\/stilladser.dk\/index.php\/mesmerize\/stilladstyper\/#primaryimage\"},\"thumbnailUrl\":\"https:\/\/stilladser.dk\/wp-content\/uploads\/2023\/10\/cropped-a3f32cee-77a3-478f-bfe7-e1ee0e9fdc9b.jpg\",\"datePublished\":\"2023-10-10T10:05:25+00:00\",\"dateModified\":\"2024-10-25T09:23:57+00:00\",\"description\":\"Vi tilbyder flere forskellige stilladstyper efter behov, s\u00e5 vi kan tilbyde de bedste og sikreste stilladsl\u00f8sninger til vores kunder.\",\"breadcrumb\":{\"@id\":\"https:\/\/stilladser.dk\/index.php\/mesmerize\/stilladstyper\/#breadcrumb\"},\"inLanguage\":\"da-DK\",\"potentialAction\":[{\"@type\":\"ReadAction\",\"target\":[\"https:\/\/stilladser.dk\/index.php\/mesmerize\/stilladstyper\/\"]}]},{\"@type\":\"ImageObject\",\"inLanguage\":\"da-DK\",\"@id\":\"https:\/\/stilladser.dk\/index.php\/mesmerize\/stilladstyper\/#primaryimage\",\"url\":\"https:\/\/stilladser.dk\/wp-content\/uploads\/2023\/10\/cropped-a3f32cee-77a3-478f-bfe7-e1ee0e9fdc9b.jpg\",\"contentUrl\":\"https:\/\/stilladser.dk\/wp-content\/uploads\/2023\/10\/cropped-a3f32cee-77a3-478f-bfe7-e1ee0e9fdc9b.jpg\",\"width\":567,\"height\":571},{\"@type\":\"BreadcrumbList\",\"@id\":\"https:\/\/stilladser.dk\/index.php\/mesmerize\/stilladstyper\/#breadcrumb\",\"itemListElement\":[{\"@type\":\"ListItem\",\"position\":1,\"name\":\"Home\",\"item\":\"https:\/\/stilladser.dk\/\"},{\"@type\":\"ListItem\",\"position\":2,\"name\":\"MARS Stilladser A\/S\",\"item\":\"https:\/\/stilladser.dk\/\"},{\"@type\":\"ListItem\",\"position\":3,\"name\":\"STILLADSTYPER\"}]},{\"@type\":\"WebSite\",\"@id\":\"https:\/\/stilladser.dk\/#website\",\"url\":\"https:\/\/stilladser.dk\/\",\"name\":\"MARS Stilladser A\/S\",\"description\":\"Vi har gennem tiden udf\u00f8rt mange sp\u00e6ndende og varierende stilladsopgaver. Om det er allround stillads, overd\u00e6kninger eller specialopgaver, s\u00e5 kan vi klare det langt det meste! Herunder ses et udpluk af de stilladscases vi tidligere har l\u00f8st. S\u00e5 st\u00e5r I og mangler et stillads til jeres n\u00e6ste projekt, s\u00e5 har vi helt sikkert den helt rigtige l\u00f8sning til jer.\",\"publisher\":{\"@id\":\"https:\/\/stilladser.dk\/#organization\"},\"potentialAction\":[{\"@type\":\"SearchAction\",\"target\":{\"@type\":\"EntryPoint\",\"urlTemplate\":\"https:\/\/stilladser.dk\/?s={search_term_string}\"},\"query-input\":{\"@type\":\"PropertyValueSpecification\",\"valueRequired\":true,\"valueName\":\"search_term_string\"}}],\"inLanguage\":\"da-DK\"},{\"@type\":\"Organization\",\"@id\":\"https:\/\/stilladser.dk\/#organization\",\"name\":\"MARS Stilladser A\/S\",\"url\":\"https:\/\/stilladser.dk\/\",\"logo\":{\"@type\":\"ImageObject\",\"inLanguage\":\"da-DK\",\"@id\":\"https:\/\/stilladser.dk\/#\/schema\/logo\/image\/\",\"url\":\"https:\/\/stilladser.dk\/wp-content\/uploads\/2023\/10\/Mars_Stillads_logo-kopi-5.gif\",\"contentUrl\":\"https:\/\/stilladser.dk\/wp-content\/uploads\/2023\/10\/Mars_Stillads_logo-kopi-5.gif\",\"width\":150,\"height\":42,\"caption\":\"MARS Stilladser A\/S\"},\"image\":{\"@id\":\"https:\/\/stilladser.dk\/#\/schema\/logo\/image\/\"}}]}<\/script>\n<!-- \/ Yoast SEO plugin. -->","yoast_head_json":{"title":"STILLADSTYPER - MARS Stilladser A\/S","description":"Vi tilbyder flere forskellige stilladstyper efter behov, s\u00e5 vi kan tilbyde de bedste og sikreste stilladsl\u00f8sninger til vores kunder.","robots":{"index":"index","follow":"follow","max-snippet":"max-snippet:-1","max-image-preview":"max-image-preview:large","max-video-preview":"max-video-preview:-1"},"canonical":"https:\/\/stilladser.dk\/index.php\/mesmerize\/stilladstyper\/","og_locale":"da_DK","og_type":"article","og_title":"STILLADSTYPER - MARS Stilladser A\/S","og_description":"Vi tilbyder flere forskellige stilladstyper efter behov, s\u00e5 vi kan tilbyde de bedste og sikreste stilladsl\u00f8sninger til vores kunder.","og_url":"https:\/\/stilladser.dk\/index.php\/mesmerize\/stilladstyper\/","og_site_name":"MARS Stilladser A\/S","article_modified_time":"2024-10-25T09:23:57+00:00","og_image":[{"url":"https:\/\/stilladser.dk\/wp-content\/uploads\/2023\/10\/cropped-a3f32cee-77a3-478f-bfe7-e1ee0e9fdc9b.jpg","type":"","width":"","height":""}],"twitter_card":"summary_large_image","twitter_misc":{"Estimeret l\u00e6setid":"4 minutter"},"schema":{"@context":"https:\/\/schema.org","@graph":[{"@type":"WebPage","@id":"https:\/\/stilladser.dk\/index.php\/mesmerize\/stilladstyper\/","url":"https:\/\/stilladser.dk\/index.php\/mesmerize\/stilladstyper\/","name":"STILLADSTYPER - MARS Stilladser A\/S","isPartOf":{"@id":"https:\/\/stilladser.dk\/#website"},"primaryImageOfPage":{"@id":"https:\/\/stilladser.dk\/index.php\/mesmerize\/stilladstyper\/#primaryimage"},"image":{"@id":"https:\/\/stilladser.dk\/index.php\/mesmerize\/stilladstyper\/#primaryimage"},"thumbnailUrl":"https:\/\/stilladser.dk\/wp-content\/uploads\/2023\/10\/cropped-a3f32cee-77a3-478f-bfe7-e1ee0e9fdc9b.jpg","datePublished":"2023-10-10T10:05:25+00:00","dateModified":"2024-10-25T09:23:57+00:00","description":"Vi tilbyder flere forskellige stilladstyper efter behov, s\u00e5 vi kan tilbyde de bedste og sikreste stilladsl\u00f8sninger til vores kunder.","breadcrumb":{"@id":"https:\/\/stilladser.dk\/index.php\/mesmerize\/stilladstyper\/#breadcrumb"},"inLanguage":"da-DK","potentialAction":[{"@type":"ReadAction","target":["https:\/\/stilladser.dk\/index.php\/mesmerize\/stilladstyper\/"]}]},{"@type":"ImageObject","inLanguage":"da-DK","@id":"https:\/\/stilladser.dk\/index.php\/mesmerize\/stilladstyper\/#primaryimage","url":"https:\/\/stilladser.dk\/wp-content\/uploads\/2023\/10\/cropped-a3f32cee-77a3-478f-bfe7-e1ee0e9fdc9b.jpg","contentUrl":"https:\/\/stilladser.dk\/wp-content\/uploads\/2023\/10\/cropped-a3f32cee-77a3-478f-bfe7-e1ee0e9fdc9b.jpg","width":567,"height":571},{"@type":"BreadcrumbList","@id":"https:\/\/stilladser.dk\/index.php\/mesmerize\/stilladstyper\/#breadcrumb","itemListElement":[{"@type":"ListItem","position":1,"name":"Home","item":"https:\/\/stilladser.dk\/"},{"@type":"ListItem","position":2,"name":"MARS Stilladser A\/S","item":"https:\/\/stilladser.dk\/"},{"@type":"ListItem","position":3,"name":"STILLADSTYPER"}]},{"@type":"WebSite","@id":"https:\/\/stilladser.dk\/#website","url":"https:\/\/stilladser.dk\/","name":"MARS Stilladser A\/S","description":"Vi har gennem tiden udf\u00f8rt mange sp\u00e6ndende og varierende stilladsopgaver. Om det er allround stillads, overd\u00e6kninger eller specialopgaver, s\u00e5 kan vi klare det langt det meste! Herunder ses et udpluk af de stilladscases vi tidligere har l\u00f8st. S\u00e5 st\u00e5r I og mangler et stillads til jeres n\u00e6ste projekt, s\u00e5 har vi helt sikkert den helt rigtige l\u00f8sning til jer.","publisher":{"@id":"https:\/\/stilladser.dk\/#organization"},"potentialAction":[{"@type":"SearchAction","target":{"@type":"EntryPoint","urlTemplate":"https:\/\/stilladser.dk\/?s={search_term_string}"},"query-input":{"@type":"PropertyValueSpecification","valueRequired":true,"valueName":"search_term_string"}}],"inLanguage":"da-DK"},{"@type":"Organization","@id":"https:\/\/stilladser.dk\/#organization","name":"MARS Stilladser A\/S","url":"https:\/\/stilladser.dk\/","logo":{"@type":"ImageObject","inLanguage":"da-DK","@id":"https:\/\/stilladser.dk\/#\/schema\/logo\/image\/","url":"https:\/\/stilladser.dk\/wp-content\/uploads\/2023\/10\/Mars_Stillads_logo-kopi-5.gif","contentUrl":"https:\/\/stilladser.dk\/wp-content\/uploads\/2023\/10\/Mars_Stillads_logo-kopi-5.gif","width":150,"height":42,"caption":"MARS Stilladser A\/S"},"image":{"@id":"https:\/\/stilladser.dk\/#\/schema\/logo\/image\/"}}]}},"_links":{"self":[{"href":"https:\/\/stilladser.dk\/index.php\/wp-json\/wp\/v2\/pages\/125","targetHints":{"allow":["GET"]}}],"collection":[{"href":"https:\/\/stilladser.dk\/index.php\/wp-json\/wp\/v2\/pages"}],"about":[{"href":"https:\/\/stilladser.dk\/index.php\/wp-json\/wp\/v2\/types\/page"}],"author":[{"embeddable":true,"href":"https:\/\/stilladser.dk\/index.php\/wp-json\/wp\/v2\/users\/1"}],"replies":[{"embeddable":true,"href":"https:\/\/stilladser.dk\/index.php\/wp-json\/wp\/v2\/comments?post=125"}],"version-history":[{"count":29,"href":"https:\/\/stilladser.dk\/index.php\/wp-json\/wp\/v2\/pages\/125\/revisions"}],"predecessor-version":[{"id":1123,"href":"https:\/\/stilladser.dk\/index.php\/wp-json\/wp\/v2\/pages\/125\/revisions\/1123"}],"up":[{"embeddable":true,"href":"https:\/\/stilladser.dk\/index.php\/wp-json\/wp\/v2\/pages\/23"}],"wp:attachment":[{"href":"https:\/\/stilladser.dk\/index.php\/wp-json\/wp\/v2\/media?parent=125"}],"curies":[{"name":"wp","href":"https:\/\/api.w.org\/{rel}","templated":true}]}}