{"id":128,"date":"2023-10-10T10:04:49","date_gmt":"2023-10-10T10:04:49","guid":{"rendered":"https:\/\/stilladser.dk\/?page_id=128"},"modified":"2024-10-25T08:45:15","modified_gmt":"2024-10-25T08:45:15","slug":"karriere","status":"publish","type":"page","link":"https:\/\/stilladser.dk\/index.php\/mesmerize\/karriere\/","title":{"rendered":"KARRIERE"},"content":{"rendered":"<div  data-label=\"Overlappable\" data-id=\"overlappable--1\" data-export-id=\"overlappable-3\" data-category=\"overlappable\" class=\"overlappable-3 content-section content-section-spacing\" data-overlap=\"true\" id=\"overlappable-1\" style=\"background-color: rgb(255, 255, 255);\"><div  class=\"gridContainer\"> <div  class=\"row bg-color-white shadow-medium\"><div  class=\"col-xs-12 col-sm-6 image-col first-image-col\" data-bg=\"image\" style=\"background-image: url(&quot;https:\/\/stilladser.dk\/wp-content\/uploads\/2023\/10\/cropped-cropped-DF58010D-F383-4CCB-A7C1-3F856949A4A4-scaled-1.jpg&quot;);\"><\/div> <div  class=\"col-xs-12 col-sm-6 content-col col-padding col-padding-xs\"> <div  class=\"col-padding\" data-type=\"column\"> <h4  class=\"\"><span  style=\"color: rgb(23, 46, 103);\">Jobs\u00f8gende stilladsmont\u00f8r?<\/span><\/h4> <p  class=\"\"><span  style=\"color: rgb(0, 0, 0);\">Forts\u00e6t din karriere hos Mars Stilladser A\/S. Vi s\u00f8ger altid flere nye kollegaer til vores team. Vi \u00f8nsker at skabe et arbejdsmilj\u00f8 med fokus p\u00e5 b\u00e5de sociale og faglige aspekter. Hos os er der mulighed for faglig udvikling og \u00f8get ansvar i takt med udviklingen. Hvis du er uddannet stilladsmont\u00f8r og leder efter nye karrieremuligheder, m\u00e5ske endda med et stort k\u00f8rekort, er du velkommen til at kontakte os for at h\u00f8re mere om dine muligheder. Du kan l\u00e6se mere om jobbet som stilladsmont\u00f8r hos Mars Stilladser <a data-mce-href=\"bliv-stilladsmontoer\/\" href=\"bliv-stilladsmontoer\" target=\"_blank\" rel=\"noopener\" data-mce-selected=\"inline-boundary\" data-cp-link=\"1\">her<\/a>.<\/span><\/p> <\/div> <\/div><\/div> <div  class=\"row bg-color-white shadow-medium\"><div  class=\"col-xs-12 col-sm-6 content-col col-padding col-padding-xs\"> <div  class=\"col-padding\" data-type=\"column\"><h4  class=\"\"><span  style=\"color: rgb(23, 46, 103); font-weight: 600;\">Start din stilladskarriere som l\u00e6rling hos Mars Stilladser A\/S<\/span><\/h4> <p  class=\"\"><span  style=\"color: rgb(0, 0, 0);\">Overvejer du at starte en karriere indenfor stilladsmontage, s\u00e5 kan en l\u00e6rlingeplads hos os v\u00e6re det rigtige for dig. Vi har gennem vores n\u00e6sten 100 \u00e5r i branchen udl\u00e6rt mange dygtige mont\u00f8rer. Dette har givet os en bred erfaring med uddannelsen og hvordan vi skaber den bedste l\u00e6ringsproces. Vores l\u00e6rlinge arbejder med mange forkellige stilladsprojekter i l\u00f8bet af deres l\u00e6retid, i t\u00e6t samarbejde med erfarne stilladsmont\u00f8rer. Som l\u00e6rling indg\u00e5r man i teamet p\u00e5 lige fod med de andre ansatte. Dermed f\u00e5r du dermed mulighed for at blive en del af f\u00e6llesskabet fra start. Lyder det interessant for dig, s\u00e5 <a data-mce-href=\"bliv-stilladsmontoer-laerling-hos-mars\/\" href=\"bliv-stilladsmontoer-laerling-hos-mars\" target=\"_blank\" rel=\"noopener\" data-mce-selected=\"inline-boundary\" data-cp-link=\"1\">klik her\ufeff<\/a> og l\u00e6s mere om det at v\u00e6re l\u00e6rling hos Mars Stilladser A\/S.<\/span><\/p> <\/div> <\/div> <div  class=\"col-xs-12 col-sm-6 image-col second-image-col first-xs last-sm\" data-bg=\"image\" style=\"background-image: url(&quot;https:\/\/stilladser.dk\/wp-content\/uploads\/2023\/10\/cropped-cropped-cropped-IMG_9617-scaled-1.jpeg&quot;);\"><\/div> <\/div><\/div> <\/div><div  data-label=\"Cta\" data-id=\"cta--1\" data-export-id=\"cta-centered-section-grid\" data-category=\"cta\" class=\"cta-centered-section-grid content-section content-section-spacing-medium bg-color1 white-text content-relative\" id=\"cta-1\" style=\"background-image: none; background-color: rgb(23, 46, 103);\"><div  class=\"gridContainer\"> <div  class=\"row text-center\"><div  class=\"col-xs-12 col-sm-10 col-sm-offset-1 col-md-8 col-md-offset-2\" data-type=\"column\"> <h2  class=\"\">Jobs\u00f8gende?<\/h2> <p  class=\"\">Vi er ofte p\u00e5 udkig efter flere engagerede folk til vores team med lyst til et sp\u00e6ndende og afvekslende job som stilladsmont\u00f8r. S\u00e5 hvis det kunne v\u00e6re noget for dig, s\u00e5 send os en mail hvor du fort\u00e6ller lidt om dig selv og din interesse i faget. Inklud\u00e9r gerne kontaktinfo og lidt om hvad du har lavet tidligere (f.eks. CV med evt. erfaring, kurser, certificeringer og k\u00f8rekort). Har du interessen, men endnu ikke er uddannet, s\u00e5 hold dig ikke tilbage, da vi har uddannet mange dygtige mont\u00f8rer gennem tiden.<br >\n<br >Vi gl\u00e6der os til at h\u00f8re fra dig!<\/p> <a class=\"button color8 dark-text\" href=\"mailto:mars@stilladser.dk\" target=\"_blank\" data-cp-link=\"1\" data-icon=\"\" rel=\"noopener\">Send mail<\/a><\/div> <\/div><\/div> <div  class=\"section-separator-bottom\">\n    <svg  xmlns=\"http:\/\/www.w3.org\/2000\/svg\" viewBox=\"0 0 2600 131.1\" preserveAspectRatio=\"none\" data-separator-name=\"opacity-tilt\" class=\"section-separator-bottom\">\n\t<path  class=\"svg-white-bg\" d=\"M0 0L2600 0 2600 69.1 0 0z\"><\/path>\n\t<path  class=\"svg-white-bg\" style=\"opacity: 0.5;\" d=\"M0 0L2600 0 2600 69.1 0 69.1z\"><\/path>\n\t<path  class=\"svg-white-bg\" style=\"opacity: 0.25;\" d=\"M2600 0L0 0 0 130.1 2600 69.1z\"><\/path>\n<\/svg>\n<\/div><\/div><div  data-label=\"Cta\" data-id=\"cta--3\" data-export-id=\"cta-centered-section-grid\" data-category=\"cta\" class=\"cta-centered-section-grid content-section content-section-spacing-medium bg-color1 dark-text\" id=\"cta-3\" style=\"background-image: none; background-color: rgb(255, 255, 255);\"><div  class=\"gridContainer\"> <div  class=\"row text-center\"><div  class=\"col-xs-12 col-sm-10 col-sm-offset-1 col-md-8 col-md-offset-2\" data-type=\"column\"> <h2  class=\"\">Behandling af persondata<\/h2> <p  class=\"\">Ans\u00f8geren giver MARS Stilladser A\/S ret til at behandle de fremsendte personoplysninger med det form\u00e5l at oplysningerne kan indg\u00e5 i en rekrutteringsproces. Oplysningerne bliver opbevaret i overensstemmelse med god databehandlingsskik.\n<br ><br >\nOplysningerne bliver maksimalt opbevaret i 6 m\u00e5neder, eller til rekrutteringsprocessen er overst\u00e5et, hvorefter de vil blive slettet permanent.<br >\nEnhver henvendelse i relation til personoplysninger kan rettes til Klaus Bjerregaard.<br >\nAlle oplysninger behandles i fortrolighed.\n<br ><br >\nAns\u00f8gningerne m\u00e5 ikke indeholde personf\u00f8lsomme oplysninger, i form af oplysninger om seksualitet, fagforeningsm\u00e6ssige tilh\u00f8rsforhold, race, religion, filosofisk overbevisning samt politisk overbevisning.<\/p> <\/div> <\/div><\/div> <\/div>","protected":false},"excerpt":{"rendered":"<p>Jobs\u00f8gende stilladsmont\u00f8r? Forts\u00e6t din karriere hos Mars Stilladser A\/S. Vi s\u00f8ger altid flere nye kollegaer til vores team. Vi \u00f8nsker at skabe et arbejdsmilj\u00f8 med fokus p\u00e5 b\u00e5de sociale og faglige aspekter. Hos os er der mulighed for faglig udvikling og \u00f8get ansvar i takt med udviklingen. Hvis du er uddannet stilladsmont\u00f8r og leder efter&hellip; <br \/> <a class=\"read-more\" href=\"https:\/\/stilladser.dk\/index.php\/mesmerize\/karriere\/\">L\u00e6s mere<\/a><\/p>\n","protected":false},"author":1,"featured_media":479,"parent":23,"menu_order":4,"comment_status":"closed","ping_status":"closed","template":"pro\/page-templates\/full-width-page.php","meta":{"footnotes":""},"class_list":["post-128","page","type-page","status-publish","has-post-thumbnail","hentry"],"yoast_head":"<!-- This site is optimized with the Yoast SEO plugin v26.8 - https:\/\/yoast.com\/product\/yoast-seo-wordpress\/ -->\n<title>KARRIERE - MARS Stilladser A\/S<\/title>\n<meta name=\"description\" content=\"Er du interesseret i en karriere indenfor stilladsbranchen? Hos Mars Stilladser A\/S er vi altid p\u00e5 udkig efter nye kollegaer. Vi ans\u00e6tter gerne b\u00e5de uddannede mont\u00f8rer og mulige stilladselever med interesse i faget og god arbejdsmoral.\" \/>\n<meta name=\"robots\" content=\"index, follow, max-snippet:-1, max-image-preview:large, max-video-preview:-1\" \/>\n<link rel=\"canonical\" href=\"https:\/\/stilladser.dk\/index.php\/mesmerize\/karriere\/\" \/>\n<meta property=\"og:locale\" content=\"da_DK\" \/>\n<meta property=\"og:type\" content=\"article\" \/>\n<meta property=\"og:title\" content=\"KARRIERE - MARS Stilladser A\/S\" \/>\n<meta property=\"og:description\" content=\"Er du interesseret i en karriere indenfor stilladsbranchen? Hos Mars Stilladser A\/S er vi altid p\u00e5 udkig efter nye kollegaer. Vi ans\u00e6tter gerne b\u00e5de uddannede mont\u00f8rer og mulige stilladselever med interesse i faget og god arbejdsmoral.\" \/>\n<meta property=\"og:url\" content=\"https:\/\/stilladser.dk\/index.php\/mesmerize\/karriere\/\" \/>\n<meta property=\"og:site_name\" content=\"MARS Stilladser A\/S\" \/>\n<meta property=\"article:modified_time\" content=\"2024-10-25T08:45:15+00:00\" \/>\n<meta property=\"og:image\" content=\"https:\/\/stilladser.dk\/wp-content\/uploads\/2023\/10\/cropped-IMG_8275-1-rotated-1.jpg\" \/>\n\t<meta property=\"og:image:width\" content=\"1509\" \/>\n\t<meta property=\"og:image:height\" content=\"628\" \/>\n\t<meta property=\"og:image:type\" content=\"image\/jpeg\" \/>\n<meta name=\"twitter:card\" content=\"summary_large_image\" \/>\n<meta name=\"twitter:label1\" content=\"Estimeret l\u00e6setid\" \/>\n\t<meta name=\"twitter:data1\" content=\"2 minutter\" \/>\n<script type=\"application\/ld+json\" class=\"yoast-schema-graph\">{\"@context\":\"https:\/\/schema.org\",\"@graph\":[{\"@type\":\"WebPage\",\"@id\":\"https:\/\/stilladser.dk\/index.php\/mesmerize\/karriere\/\",\"url\":\"https:\/\/stilladser.dk\/index.php\/mesmerize\/karriere\/\",\"name\":\"KARRIERE - MARS Stilladser A\/S\",\"isPartOf\":{\"@id\":\"https:\/\/stilladser.dk\/#website\"},\"primaryImageOfPage\":{\"@id\":\"https:\/\/stilladser.dk\/index.php\/mesmerize\/karriere\/#primaryimage\"},\"image\":{\"@id\":\"https:\/\/stilladser.dk\/index.php\/mesmerize\/karriere\/#primaryimage\"},\"thumbnailUrl\":\"https:\/\/stilladser.dk\/wp-content\/uploads\/2023\/10\/cropped-IMG_8275-1-rotated-1.jpg\",\"datePublished\":\"2023-10-10T10:04:49+00:00\",\"dateModified\":\"2024-10-25T08:45:15+00:00\",\"description\":\"Er du interesseret i en karriere indenfor stilladsbranchen? Hos Mars Stilladser A\/S er vi altid p\u00e5 udkig efter nye kollegaer. Vi ans\u00e6tter gerne b\u00e5de uddannede mont\u00f8rer og mulige stilladselever med interesse i faget og god arbejdsmoral.\",\"breadcrumb\":{\"@id\":\"https:\/\/stilladser.dk\/index.php\/mesmerize\/karriere\/#breadcrumb\"},\"inLanguage\":\"da-DK\",\"potentialAction\":[{\"@type\":\"ReadAction\",\"target\":[\"https:\/\/stilladser.dk\/index.php\/mesmerize\/karriere\/\"]}]},{\"@type\":\"ImageObject\",\"inLanguage\":\"da-DK\",\"@id\":\"https:\/\/stilladser.dk\/index.php\/mesmerize\/karriere\/#primaryimage\",\"url\":\"https:\/\/stilladser.dk\/wp-content\/uploads\/2023\/10\/cropped-IMG_8275-1-rotated-1.jpg\",\"contentUrl\":\"https:\/\/stilladser.dk\/wp-content\/uploads\/2023\/10\/cropped-IMG_8275-1-rotated-1.jpg\",\"width\":1509,\"height\":628},{\"@type\":\"BreadcrumbList\",\"@id\":\"https:\/\/stilladser.dk\/index.php\/mesmerize\/karriere\/#breadcrumb\",\"itemListElement\":[{\"@type\":\"ListItem\",\"position\":1,\"name\":\"Home\",\"item\":\"https:\/\/stilladser.dk\/\"},{\"@type\":\"ListItem\",\"position\":2,\"name\":\"MARS Stilladser A\/S\",\"item\":\"https:\/\/stilladser.dk\/\"},{\"@type\":\"ListItem\",\"position\":3,\"name\":\"KARRIERE\"}]},{\"@type\":\"WebSite\",\"@id\":\"https:\/\/stilladser.dk\/#website\",\"url\":\"https:\/\/stilladser.dk\/\",\"name\":\"MARS Stilladser A\/S\",\"description\":\"Vi har gennem tiden udf\u00f8rt mange sp\u00e6ndende og varierende stilladsopgaver. Om det er allround stillads, overd\u00e6kninger eller specialopgaver, s\u00e5 kan vi klare det langt det meste! Herunder ses et udpluk af de stilladscases vi tidligere har l\u00f8st. S\u00e5 st\u00e5r I og mangler et stillads til jeres n\u00e6ste projekt, s\u00e5 har vi helt sikkert den helt rigtige l\u00f8sning til jer.\",\"publisher\":{\"@id\":\"https:\/\/stilladser.dk\/#organization\"},\"potentialAction\":[{\"@type\":\"SearchAction\",\"target\":{\"@type\":\"EntryPoint\",\"urlTemplate\":\"https:\/\/stilladser.dk\/?s={search_term_string}\"},\"query-input\":{\"@type\":\"PropertyValueSpecification\",\"valueRequired\":true,\"valueName\":\"search_term_string\"}}],\"inLanguage\":\"da-DK\"},{\"@type\":\"Organization\",\"@id\":\"https:\/\/stilladser.dk\/#organization\",\"name\":\"MARS Stilladser A\/S\",\"url\":\"https:\/\/stilladser.dk\/\",\"logo\":{\"@type\":\"ImageObject\",\"inLanguage\":\"da-DK\",\"@id\":\"https:\/\/stilladser.dk\/#\/schema\/logo\/image\/\",\"url\":\"https:\/\/stilladser.dk\/wp-content\/uploads\/2023\/10\/Mars_Stillads_logo-kopi-5.gif\",\"contentUrl\":\"https:\/\/stilladser.dk\/wp-content\/uploads\/2023\/10\/Mars_Stillads_logo-kopi-5.gif\",\"width\":150,\"height\":42,\"caption\":\"MARS Stilladser A\/S\"},\"image\":{\"@id\":\"https:\/\/stilladser.dk\/#\/schema\/logo\/image\/\"}}]}<\/script>\n<!-- \/ Yoast SEO plugin. -->","yoast_head_json":{"title":"KARRIERE - MARS Stilladser A\/S","description":"Er du interesseret i en karriere indenfor stilladsbranchen? Hos Mars Stilladser A\/S er vi altid p\u00e5 udkig efter nye kollegaer. Vi ans\u00e6tter gerne b\u00e5de uddannede mont\u00f8rer og mulige stilladselever med interesse i faget og god arbejdsmoral.","robots":{"index":"index","follow":"follow","max-snippet":"max-snippet:-1","max-image-preview":"max-image-preview:large","max-video-preview":"max-video-preview:-1"},"canonical":"https:\/\/stilladser.dk\/index.php\/mesmerize\/karriere\/","og_locale":"da_DK","og_type":"article","og_title":"KARRIERE - MARS Stilladser A\/S","og_description":"Er du interesseret i en karriere indenfor stilladsbranchen? Hos Mars Stilladser A\/S er vi altid p\u00e5 udkig efter nye kollegaer. Vi ans\u00e6tter gerne b\u00e5de uddannede mont\u00f8rer og mulige stilladselever med interesse i faget og god arbejdsmoral.","og_url":"https:\/\/stilladser.dk\/index.php\/mesmerize\/karriere\/","og_site_name":"MARS Stilladser A\/S","article_modified_time":"2024-10-25T08:45:15+00:00","og_image":[{"width":1509,"height":628,"url":"https:\/\/stilladser.dk\/wp-content\/uploads\/2023\/10\/cropped-IMG_8275-1-rotated-1.jpg","type":"image\/jpeg"}],"twitter_card":"summary_large_image","twitter_misc":{"Estimeret l\u00e6setid":"2 minutter"},"schema":{"@context":"https:\/\/schema.org","@graph":[{"@type":"WebPage","@id":"https:\/\/stilladser.dk\/index.php\/mesmerize\/karriere\/","url":"https:\/\/stilladser.dk\/index.php\/mesmerize\/karriere\/","name":"KARRIERE - MARS Stilladser A\/S","isPartOf":{"@id":"https:\/\/stilladser.dk\/#website"},"primaryImageOfPage":{"@id":"https:\/\/stilladser.dk\/index.php\/mesmerize\/karriere\/#primaryimage"},"image":{"@id":"https:\/\/stilladser.dk\/index.php\/mesmerize\/karriere\/#primaryimage"},"thumbnailUrl":"https:\/\/stilladser.dk\/wp-content\/uploads\/2023\/10\/cropped-IMG_8275-1-rotated-1.jpg","datePublished":"2023-10-10T10:04:49+00:00","dateModified":"2024-10-25T08:45:15+00:00","description":"Er du interesseret i en karriere indenfor stilladsbranchen? Hos Mars Stilladser A\/S er vi altid p\u00e5 udkig efter nye kollegaer. Vi ans\u00e6tter gerne b\u00e5de uddannede mont\u00f8rer og mulige stilladselever med interesse i faget og god arbejdsmoral.","breadcrumb":{"@id":"https:\/\/stilladser.dk\/index.php\/mesmerize\/karriere\/#breadcrumb"},"inLanguage":"da-DK","potentialAction":[{"@type":"ReadAction","target":["https:\/\/stilladser.dk\/index.php\/mesmerize\/karriere\/"]}]},{"@type":"ImageObject","inLanguage":"da-DK","@id":"https:\/\/stilladser.dk\/index.php\/mesmerize\/karriere\/#primaryimage","url":"https:\/\/stilladser.dk\/wp-content\/uploads\/2023\/10\/cropped-IMG_8275-1-rotated-1.jpg","contentUrl":"https:\/\/stilladser.dk\/wp-content\/uploads\/2023\/10\/cropped-IMG_8275-1-rotated-1.jpg","width":1509,"height":628},{"@type":"BreadcrumbList","@id":"https:\/\/stilladser.dk\/index.php\/mesmerize\/karriere\/#breadcrumb","itemListElement":[{"@type":"ListItem","position":1,"name":"Home","item":"https:\/\/stilladser.dk\/"},{"@type":"ListItem","position":2,"name":"MARS Stilladser A\/S","item":"https:\/\/stilladser.dk\/"},{"@type":"ListItem","position":3,"name":"KARRIERE"}]},{"@type":"WebSite","@id":"https:\/\/stilladser.dk\/#website","url":"https:\/\/stilladser.dk\/","name":"MARS Stilladser A\/S","description":"Vi har gennem tiden udf\u00f8rt mange sp\u00e6ndende og varierende stilladsopgaver. Om det er allround stillads, overd\u00e6kninger eller specialopgaver, s\u00e5 kan vi klare det langt det meste! Herunder ses et udpluk af de stilladscases vi tidligere har l\u00f8st. S\u00e5 st\u00e5r I og mangler et stillads til jeres n\u00e6ste projekt, s\u00e5 har vi helt sikkert den helt rigtige l\u00f8sning til jer.","publisher":{"@id":"https:\/\/stilladser.dk\/#organization"},"potentialAction":[{"@type":"SearchAction","target":{"@type":"EntryPoint","urlTemplate":"https:\/\/stilladser.dk\/?s={search_term_string}"},"query-input":{"@type":"PropertyValueSpecification","valueRequired":true,"valueName":"search_term_string"}}],"inLanguage":"da-DK"},{"@type":"Organization","@id":"https:\/\/stilladser.dk\/#organization","name":"MARS Stilladser A\/S","url":"https:\/\/stilladser.dk\/","logo":{"@type":"ImageObject","inLanguage":"da-DK","@id":"https:\/\/stilladser.dk\/#\/schema\/logo\/image\/","url":"https:\/\/stilladser.dk\/wp-content\/uploads\/2023\/10\/Mars_Stillads_logo-kopi-5.gif","contentUrl":"https:\/\/stilladser.dk\/wp-content\/uploads\/2023\/10\/Mars_Stillads_logo-kopi-5.gif","width":150,"height":42,"caption":"MARS Stilladser A\/S"},"image":{"@id":"https:\/\/stilladser.dk\/#\/schema\/logo\/image\/"}}]}},"_links":{"self":[{"href":"https:\/\/stilladser.dk\/index.php\/wp-json\/wp\/v2\/pages\/128","targetHints":{"allow":["GET"]}}],"collection":[{"href":"https:\/\/stilladser.dk\/index.php\/wp-json\/wp\/v2\/pages"}],"about":[{"href":"https:\/\/stilladser.dk\/index.php\/wp-json\/wp\/v2\/types\/page"}],"author":[{"embeddable":true,"href":"https:\/\/stilladser.dk\/index.php\/wp-json\/wp\/v2\/users\/1"}],"replies":[{"embeddable":true,"href":"https:\/\/stilladser.dk\/index.php\/wp-json\/wp\/v2\/comments?post=128"}],"version-history":[{"count":17,"href":"https:\/\/stilladser.dk\/index.php\/wp-json\/wp\/v2\/pages\/128\/revisions"}],"predecessor-version":[{"id":1115,"href":"https:\/\/stilladser.dk\/index.php\/wp-json\/wp\/v2\/pages\/128\/revisions\/1115"}],"up":[{"embeddable":true,"href":"https:\/\/stilladser.dk\/index.php\/wp-json\/wp\/v2\/pages\/23"}],"wp:featuredmedia":[{"embeddable":true,"href":"https:\/\/stilladser.dk\/index.php\/wp-json\/wp\/v2\/media\/479"}],"wp:attachment":[{"href":"https:\/\/stilladser.dk\/index.php\/wp-json\/wp\/v2\/media?parent=128"}],"curies":[{"name":"wp","href":"https:\/\/api.w.org\/{rel}","templated":true}]}}