{"id":129,"date":"2023-10-10T10:05:19","date_gmt":"2023-10-10T10:05:19","guid":{"rendered":"https:\/\/stilladser.dk\/?page_id=129"},"modified":"2024-10-04T06:39:14","modified_gmt":"2024-10-04T06:39:14","slug":"om-os","status":"publish","type":"page","link":"https:\/\/stilladser.dk\/index.php\/mesmerize\/om-os\/","title":{"rendered":"OM OS"},"content":{"rendered":"<div  data-label=\"Content\" data-id=\"content--1\" data-export-id=\"content-7-mc\" data-category=\"content\" class=\"content-7-mc content-section content-section-spacing content-relative\" id=\"content-1\" style=\"background-color: rgb(245, 250, 253);\"><div  class=\"gridContainer\"> <div  class=\"row middle-sm\"><div  class=\"col-sm-6 space-bottom-xs\" data-type=\"column\"> <h2  class=\"\"><span  style=\"color: rgb(23, 46, 103); font-weight: 400;\">H\u00f8j ansvarlighed og kvalitet som m\u00e5ls\u00e6tning<\/span><\/h2> <p  class=\"\"><span  style=\"color: rgb(0, 0, 0);\">Hos MARS Stilladser A\/S bestr\u00e6ber vi os altid p\u00e5 at v\u00e6re de bedste til at kombinere h\u00f8j service og indfrielse af kundernes behov. Vores ekspertise g\u00f8r os samtidig til en af de mest konkurrencedygtige stilladsudbydere p\u00e5 markedet.\n<\/span><br >\n<br ><span  style=\"color: rgb(0, 0, 0);\">Vi har h\u00f8j ansvarlighed og kvalitet som m\u00e5ls\u00e6tning for vores daglige drift. Det betyder at vores kunder kan stole p\u00e5 vores ydelser, vejledning og vores medarbejdere. Dette er et resultat af en bevisthed om at vi arbejder med andre menneskers sikkerhed og dermed b\u00e6rer et stort ansvar.&nbsp;\n<\/span><br >\n<br ><span  style=\"color: rgb(0, 0, 0);\">Vores overordnede filosofi er derudover ogs\u00e5 at vi \u00f8nsker at v\u00e6re en stabil og behagelig samarbejdspartner inden for stilladsbrancen med fokus p\u00e5 sparring og dialog, h\u00e5ndv\u00e6rker til h\u00e5ndv\u00e6rker. Nedenfor kan du l\u00e6se mere om os og vores historie i branchen.<\/span><\/p> <\/div> <div  class=\"col-sm-6\" data-type=\"column\"> <img  decoding=\"async\" class=\"shadow-large\" src=\"https:\/\/stilladser.dk\/wp-content\/uploads\/2023\/10\/cropped-IMG_7257-1-rotated-1.jpg\" title=\"IMG_7257\" alt=\"\"><\/div> <\/div><\/div> <\/div><div  data-label=\"Content\" data-id=\"content--2\" data-export-id=\"content-8-mc\" data-category=\"content\" class=\"content-8-mc content-section content-section-spacing content-relative\" id=\"content-2\" style=\"background-color: rgb(245, 250, 253);\"><div  class=\"gridContainer\"> <div  class=\"row middle-sm\"><div  class=\"col-sm-6 space-bottom-xs space-top-xs\" data-type=\"column\"> <img  decoding=\"async\" class=\"custom-image\" src=\"https:\/\/stilladser.dk\/wp-content\/uploads\/2023\/10\/cropped-5f2dd255-32e9-41e6-95e4-fe845bc2874c.png\" title=\"cropped-5f2dd255-32e9-41e6-95e4-fe845bc2874c.png\" alt=\"\"><img  decoding=\"async\" class=\"custom-image\" src=\"https:\/\/stilladser.dk\/wp-content\/uploads\/2023\/10\/cropped-cropped-9ff61799-ad42-4da7-b04e-a2158ccd165c-e1697701333706.png\" title=\"cropped-9ff61799-ad42-4da7-b04e-a2158ccd165c.png\" alt=\"\"><h6  class=\"\">Fotos: Stillads fra MARS p\u00e5 Aarhus Domkirke\n<br >1955<\/h6><\/div> <div  class=\"col-sm-6\" data-type=\"column\"><h2  class=\"\"><span  style=\"color: rgb(23, 46, 103); font-weight: 400;\">Hos os bygger vi fremtidens l\u00f8sninger p\u00e5 snart 100 \u00e5rs erfaring.<\/span><\/h2> <p  class=\"\"><span  style=\"color: rgb(0, 0, 0);\">En ting der er vigtig at vide om os, er at vi er en virksomhed med kunden i centrum. Vores m\u00e5l er, at vores produkter og services lever op til krav og forventninger fra interessenter. Dette har vi perfektioneret over mange \u00e5r, da vores firma har r\u00f8dder i byggebranchen, der g\u00e5r n\u00e6sten 100 \u00e5r tilbage. MARS blev grundlagt i 1927 som en bibesk\u00e6ftigelse til t\u00f8mrervirksomheden Chr. N. Withen som var en aktiv h\u00e5ndv\u00e6rksmester. Han bem\u00e6rkede en stigende eftersp\u00f8rgsel efter stiger, stilladser og lignende produkter fra byens forskellige h\u00e5ndv\u00e6rksmestre. Han valgte at forf\u00f8lge denne eftersp\u00f8rgsel og etablerede i den forbindelse et helt nyt udlejningsfirma, nemlig Stilladsforretningen MARS.\n<\/span><br ><br ><span  style=\"color: rgb(0, 0, 0);\">Det oprindelige t\u00f8mrerfirma begyndte ogs\u00e5 at specialisere sig i produktion af mandskabsvogne til byggepladser med henblik p\u00e5 salg. Det nye udlejningsfirma begyndte senere at udleje disse vogne, hvilket senere f\u00f8rte til etableringen af MARS Eventsupply A\/S, der i dag besk\u00e6ftiger sig med udlejning af eventmateriel til b\u00e5de event- og byggebranchen. Efter 2. verdenskrig skete der opdeling af de forskellige virksomheder og deres aktiver mellem diverse familiemedlemmer. Dette f\u00f8rte siden hen til at  t\u00f8mrerfirmaet blev lukket, vognproduktionen solgt, og stilladsforretningen og vognudlejningen forblev i familien. I dag ejes de af Chr. N. Withens oldeb\u00f8rn, Jan og Klaus W. Bjerregaard.\n<\/span><br ><span  style=\"color: rgb(0, 0, 0);\">\nGennem tiden har virksomheden fulgt markedets udvikling, hvilket har f\u00f8rt til et firma med ekspertise i udlejning og montering af stilladser. Med stadigt fokus p\u00e5 sikkerhed og kvalitet anvender vi i dag stilladssystemer fra Layher i Tyskland, der er en af Europas st\u00f8rste producenter af stilladser. Layher har i mange \u00e5r v\u00e6ret f\u00f8rende inden for udvikling af stilladser og producerer fleksible l\u00f8sninger af h\u00f8j kvalitet med fokus p\u00e5 sikkerhed.\n<\/span><br ><span  style=\"color: rgb(0, 0, 0);\">\nVores brede erfaring inden for byggebranchen giver os en unik fordel i dagens dynamiske marked. P\u00e5 baggrund af dette s\u00e5vel som vores dygtige mont\u00f8rer og st\u00e6rke stilladssystemer kan vi tilbyde attraktive totall\u00f8sninger til vores kunder. Vi kan ogs\u00e5 klare sanitet og mandskabsvogne, som er optimale til byggepladsen, takket v\u00e6re vores stadig t\u00e6tte samarbejde med vores s\u00f8stervirksomhed MARS Eventsupply A\/S.<\/span><\/p> <\/div> <\/div><\/div> <\/div><div  data-label=\"Cta\" data-id=\"cta--1\" data-export-id=\"cta-centered-section-grid\" data-category=\"cta\" class=\"cta-centered-section-grid content-section content-section-spacing-medium bg-color1 dark-text content-relative\" id=\"cta-1\" style=\"background-image: none; background-color: rgb(255, 255, 255);\"><div  class=\"gridContainer\"> <div  class=\"row text-center\"><div  class=\"col-xs-12 col-sm-10 col-sm-offset-1 col-md-8 col-md-offset-2\" data-type=\"column\"> <h2  class=\"\"><span  style=\"color: rgb(23, 46, 103); font-weight: 400;\">Kontoret<\/span><\/h2> <p  class=\"\"><span  style=\"color: rgb(0, 0, 0);\">Den daglige drift af MARS Stilladser A\/S bliver f\u00f8rt af DirektorKlaus Bjerregaard og afdelingsleder Sebastian Seerup. Med deres store erfaring og dybdeg\u00e5ende forst\u00e5else for stilladser og byggebranchen sidder de dagligt med udarbejdelse af tilbud og stilladskonstruktionsplaner til vores brede kundesortiment.<br ><br >Er du interesseret i at h\u00f8re mere om os og hvad vi kan g\u00f8re for dig og dit projekt, s\u00e5 <a data-mce-href=\"..\/kontakt\/\" href=\"https:\/\/stilladser.dk\/index.php\/mesmerize\/kontakt\" target=\"_blank\" rel=\"noopener\" data-mce-selected=\"inline-boundary\" data-cp-link=\"1\">kontakt<\/a> os endelig!<\/span><\/p> <\/div> <\/div><\/div> <\/div><div  data-label=\"Overlappable\" data-id=\"overlappable--1\" data-export-id=\"overlappable-4-mc\" data-category=\"overlappable\" class=\"overlappable-4-mc content-section content-section-spacing\" data-overlap=\"true\" id=\"overlappable-1\" style=\"background-color: rgb(255, 255, 255);\"><div  class=\"gridContainer\"> <div  data-type=\"row\" class=\"row spaced-cols text-center content-center-sm center-sm\"> <div  class=\"col-xs-12 col-sm-4 col-padding\">  <div  data-type=\"column\" class=\"\"><h5  class=\"font-400\">Sebastian Seerup\n<br >Afdelingsleder, Stillads<\/h5> <a class=\"button color1\" href=\"mailto:sse@mars-as.dk\" target=\"_blank\" data-cp-link=\"1\" data-icon=\"\" rel=\"noopener\">sse@mars-as.dk<\/a><\/div> <\/div> <\/div> <\/div><\/div>","protected":false},"excerpt":{"rendered":"<p>H\u00f8j ansvarlighed og kvalitet som m\u00e5ls\u00e6tning Hos MARS Stilladser A\/S bestr\u00e6ber vi os altid p\u00e5 at v\u00e6re de bedste til at kombinere h\u00f8j service og indfrielse af kundernes behov. Vores ekspertise g\u00f8r os samtidig til en af de mest konkurrencedygtige stilladsudbydere p\u00e5 markedet. Vi har h\u00f8j ansvarlighed og kvalitet som m\u00e5ls\u00e6tning for vores daglige drift.&hellip; <br \/> <a class=\"read-more\" href=\"https:\/\/stilladser.dk\/index.php\/mesmerize\/om-os\/\">L\u00e6s mere<\/a><\/p>\n","protected":false},"author":1,"featured_media":843,"parent":23,"menu_order":5,"comment_status":"closed","ping_status":"closed","template":"pro\/page-templates\/full-width-page.php","meta":{"footnotes":""},"class_list":["post-129","page","type-page","status-publish","has-post-thumbnail","hentry"],"yoast_head":"<!-- This site is optimized with the Yoast SEO plugin v26.8 - https:\/\/yoast.com\/product\/yoast-seo-wordpress\/ -->\n<title>OM OS - MARS Stilladser A\/S<\/title>\n<meta name=\"description\" content=\"Vil du vide med om os? Vi er en virksomhed, der s\u00e6tter kunden i centrum med produkter og services lever op til vores intressenters krav.\" \/>\n<meta name=\"robots\" content=\"index, follow, max-snippet:-1, max-image-preview:large, max-video-preview:-1\" \/>\n<link rel=\"canonical\" href=\"https:\/\/stilladser.dk\/index.php\/mesmerize\/om-os\/\" \/>\n<meta property=\"og:locale\" content=\"da_DK\" \/>\n<meta property=\"og:type\" content=\"article\" \/>\n<meta property=\"og:title\" content=\"OM OS - MARS Stilladser A\/S\" \/>\n<meta property=\"og:description\" content=\"Vil du vide med om os? Vi er en virksomhed, der s\u00e6tter kunden i centrum med produkter og services lever op til vores intressenters krav.\" \/>\n<meta property=\"og:url\" content=\"https:\/\/stilladser.dk\/index.php\/mesmerize\/om-os\/\" \/>\n<meta property=\"og:site_name\" content=\"MARS Stilladser A\/S\" \/>\n<meta property=\"article:modified_time\" content=\"2024-10-04T06:39:14+00:00\" \/>\n<meta property=\"og:image\" content=\"https:\/\/stilladser.dk\/wp-content\/uploads\/2023\/10\/cropped-Mars_Stillads_logo-kopi-e1698409719985.png\" \/>\n\t<meta property=\"og:image:width\" content=\"2539\" \/>\n\t<meta property=\"og:image:height\" content=\"1468\" \/>\n\t<meta property=\"og:image:type\" content=\"image\/png\" \/>\n<meta name=\"twitter:card\" content=\"summary_large_image\" \/>\n<meta name=\"twitter:label1\" content=\"Estimeret l\u00e6setid\" \/>\n\t<meta name=\"twitter:data1\" content=\"4 minutter\" \/>\n<script type=\"application\/ld+json\" class=\"yoast-schema-graph\">{\"@context\":\"https:\/\/schema.org\",\"@graph\":[{\"@type\":\"WebPage\",\"@id\":\"https:\/\/stilladser.dk\/index.php\/mesmerize\/om-os\/\",\"url\":\"https:\/\/stilladser.dk\/index.php\/mesmerize\/om-os\/\",\"name\":\"OM OS - MARS Stilladser A\/S\",\"isPartOf\":{\"@id\":\"https:\/\/stilladser.dk\/#website\"},\"primaryImageOfPage\":{\"@id\":\"https:\/\/stilladser.dk\/index.php\/mesmerize\/om-os\/#primaryimage\"},\"image\":{\"@id\":\"https:\/\/stilladser.dk\/index.php\/mesmerize\/om-os\/#primaryimage\"},\"thumbnailUrl\":\"https:\/\/stilladser.dk\/wp-content\/uploads\/2023\/10\/cropped-Mars_Stillads_logo-kopi-e1698409719985.png\",\"datePublished\":\"2023-10-10T10:05:19+00:00\",\"dateModified\":\"2024-10-04T06:39:14+00:00\",\"description\":\"Vil du vide med om os? Vi er en virksomhed, der s\u00e6tter kunden i centrum med produkter og services lever op til vores intressenters krav.\",\"breadcrumb\":{\"@id\":\"https:\/\/stilladser.dk\/index.php\/mesmerize\/om-os\/#breadcrumb\"},\"inLanguage\":\"da-DK\",\"potentialAction\":[{\"@type\":\"ReadAction\",\"target\":[\"https:\/\/stilladser.dk\/index.php\/mesmerize\/om-os\/\"]}]},{\"@type\":\"ImageObject\",\"inLanguage\":\"da-DK\",\"@id\":\"https:\/\/stilladser.dk\/index.php\/mesmerize\/om-os\/#primaryimage\",\"url\":\"https:\/\/stilladser.dk\/wp-content\/uploads\/2023\/10\/cropped-Mars_Stillads_logo-kopi-e1698409719985.png\",\"contentUrl\":\"https:\/\/stilladser.dk\/wp-content\/uploads\/2023\/10\/cropped-Mars_Stillads_logo-kopi-e1698409719985.png\",\"width\":2539,\"height\":1468},{\"@type\":\"BreadcrumbList\",\"@id\":\"https:\/\/stilladser.dk\/index.php\/mesmerize\/om-os\/#breadcrumb\",\"itemListElement\":[{\"@type\":\"ListItem\",\"position\":1,\"name\":\"Home\",\"item\":\"https:\/\/stilladser.dk\/\"},{\"@type\":\"ListItem\",\"position\":2,\"name\":\"MARS Stilladser A\/S\",\"item\":\"https:\/\/stilladser.dk\/\"},{\"@type\":\"ListItem\",\"position\":3,\"name\":\"OM OS\"}]},{\"@type\":\"WebSite\",\"@id\":\"https:\/\/stilladser.dk\/#website\",\"url\":\"https:\/\/stilladser.dk\/\",\"name\":\"MARS Stilladser A\/S\",\"description\":\"Vi har gennem tiden udf\u00f8rt mange sp\u00e6ndende og varierende stilladsopgaver. Om det er allround stillads, overd\u00e6kninger eller specialopgaver, s\u00e5 kan vi klare det langt det meste! Herunder ses et udpluk af de stilladscases vi tidligere har l\u00f8st. S\u00e5 st\u00e5r I og mangler et stillads til jeres n\u00e6ste projekt, s\u00e5 har vi helt sikkert den helt rigtige l\u00f8sning til jer.\",\"publisher\":{\"@id\":\"https:\/\/stilladser.dk\/#organization\"},\"potentialAction\":[{\"@type\":\"SearchAction\",\"target\":{\"@type\":\"EntryPoint\",\"urlTemplate\":\"https:\/\/stilladser.dk\/?s={search_term_string}\"},\"query-input\":{\"@type\":\"PropertyValueSpecification\",\"valueRequired\":true,\"valueName\":\"search_term_string\"}}],\"inLanguage\":\"da-DK\"},{\"@type\":\"Organization\",\"@id\":\"https:\/\/stilladser.dk\/#organization\",\"name\":\"MARS Stilladser A\/S\",\"url\":\"https:\/\/stilladser.dk\/\",\"logo\":{\"@type\":\"ImageObject\",\"inLanguage\":\"da-DK\",\"@id\":\"https:\/\/stilladser.dk\/#\/schema\/logo\/image\/\",\"url\":\"https:\/\/stilladser.dk\/wp-content\/uploads\/2023\/10\/Mars_Stillads_logo-kopi-5.gif\",\"contentUrl\":\"https:\/\/stilladser.dk\/wp-content\/uploads\/2023\/10\/Mars_Stillads_logo-kopi-5.gif\",\"width\":150,\"height\":42,\"caption\":\"MARS Stilladser A\/S\"},\"image\":{\"@id\":\"https:\/\/stilladser.dk\/#\/schema\/logo\/image\/\"}}]}<\/script>\n<!-- \/ Yoast SEO plugin. -->","yoast_head_json":{"title":"OM OS - MARS Stilladser A\/S","description":"Vil du vide med om os? Vi er en virksomhed, der s\u00e6tter kunden i centrum med produkter og services lever op til vores intressenters krav.","robots":{"index":"index","follow":"follow","max-snippet":"max-snippet:-1","max-image-preview":"max-image-preview:large","max-video-preview":"max-video-preview:-1"},"canonical":"https:\/\/stilladser.dk\/index.php\/mesmerize\/om-os\/","og_locale":"da_DK","og_type":"article","og_title":"OM OS - MARS Stilladser A\/S","og_description":"Vil du vide med om os? Vi er en virksomhed, der s\u00e6tter kunden i centrum med produkter og services lever op til vores intressenters krav.","og_url":"https:\/\/stilladser.dk\/index.php\/mesmerize\/om-os\/","og_site_name":"MARS Stilladser A\/S","article_modified_time":"2024-10-04T06:39:14+00:00","og_image":[{"width":2539,"height":1468,"url":"https:\/\/stilladser.dk\/wp-content\/uploads\/2023\/10\/cropped-Mars_Stillads_logo-kopi-e1698409719985.png","type":"image\/png"}],"twitter_card":"summary_large_image","twitter_misc":{"Estimeret l\u00e6setid":"4 minutter"},"schema":{"@context":"https:\/\/schema.org","@graph":[{"@type":"WebPage","@id":"https:\/\/stilladser.dk\/index.php\/mesmerize\/om-os\/","url":"https:\/\/stilladser.dk\/index.php\/mesmerize\/om-os\/","name":"OM OS - MARS Stilladser A\/S","isPartOf":{"@id":"https:\/\/stilladser.dk\/#website"},"primaryImageOfPage":{"@id":"https:\/\/stilladser.dk\/index.php\/mesmerize\/om-os\/#primaryimage"},"image":{"@id":"https:\/\/stilladser.dk\/index.php\/mesmerize\/om-os\/#primaryimage"},"thumbnailUrl":"https:\/\/stilladser.dk\/wp-content\/uploads\/2023\/10\/cropped-Mars_Stillads_logo-kopi-e1698409719985.png","datePublished":"2023-10-10T10:05:19+00:00","dateModified":"2024-10-04T06:39:14+00:00","description":"Vil du vide med om os? Vi er en virksomhed, der s\u00e6tter kunden i centrum med produkter og services lever op til vores intressenters krav.","breadcrumb":{"@id":"https:\/\/stilladser.dk\/index.php\/mesmerize\/om-os\/#breadcrumb"},"inLanguage":"da-DK","potentialAction":[{"@type":"ReadAction","target":["https:\/\/stilladser.dk\/index.php\/mesmerize\/om-os\/"]}]},{"@type":"ImageObject","inLanguage":"da-DK","@id":"https:\/\/stilladser.dk\/index.php\/mesmerize\/om-os\/#primaryimage","url":"https:\/\/stilladser.dk\/wp-content\/uploads\/2023\/10\/cropped-Mars_Stillads_logo-kopi-e1698409719985.png","contentUrl":"https:\/\/stilladser.dk\/wp-content\/uploads\/2023\/10\/cropped-Mars_Stillads_logo-kopi-e1698409719985.png","width":2539,"height":1468},{"@type":"BreadcrumbList","@id":"https:\/\/stilladser.dk\/index.php\/mesmerize\/om-os\/#breadcrumb","itemListElement":[{"@type":"ListItem","position":1,"name":"Home","item":"https:\/\/stilladser.dk\/"},{"@type":"ListItem","position":2,"name":"MARS Stilladser A\/S","item":"https:\/\/stilladser.dk\/"},{"@type":"ListItem","position":3,"name":"OM OS"}]},{"@type":"WebSite","@id":"https:\/\/stilladser.dk\/#website","url":"https:\/\/stilladser.dk\/","name":"MARS Stilladser A\/S","description":"Vi har gennem tiden udf\u00f8rt mange sp\u00e6ndende og varierende stilladsopgaver. Om det er allround stillads, overd\u00e6kninger eller specialopgaver, s\u00e5 kan vi klare det langt det meste! Herunder ses et udpluk af de stilladscases vi tidligere har l\u00f8st. S\u00e5 st\u00e5r I og mangler et stillads til jeres n\u00e6ste projekt, s\u00e5 har vi helt sikkert den helt rigtige l\u00f8sning til jer.","publisher":{"@id":"https:\/\/stilladser.dk\/#organization"},"potentialAction":[{"@type":"SearchAction","target":{"@type":"EntryPoint","urlTemplate":"https:\/\/stilladser.dk\/?s={search_term_string}"},"query-input":{"@type":"PropertyValueSpecification","valueRequired":true,"valueName":"search_term_string"}}],"inLanguage":"da-DK"},{"@type":"Organization","@id":"https:\/\/stilladser.dk\/#organization","name":"MARS Stilladser A\/S","url":"https:\/\/stilladser.dk\/","logo":{"@type":"ImageObject","inLanguage":"da-DK","@id":"https:\/\/stilladser.dk\/#\/schema\/logo\/image\/","url":"https:\/\/stilladser.dk\/wp-content\/uploads\/2023\/10\/Mars_Stillads_logo-kopi-5.gif","contentUrl":"https:\/\/stilladser.dk\/wp-content\/uploads\/2023\/10\/Mars_Stillads_logo-kopi-5.gif","width":150,"height":42,"caption":"MARS Stilladser A\/S"},"image":{"@id":"https:\/\/stilladser.dk\/#\/schema\/logo\/image\/"}}]}},"_links":{"self":[{"href":"https:\/\/stilladser.dk\/index.php\/wp-json\/wp\/v2\/pages\/129","targetHints":{"allow":["GET"]}}],"collection":[{"href":"https:\/\/stilladser.dk\/index.php\/wp-json\/wp\/v2\/pages"}],"about":[{"href":"https:\/\/stilladser.dk\/index.php\/wp-json\/wp\/v2\/types\/page"}],"author":[{"embeddable":true,"href":"https:\/\/stilladser.dk\/index.php\/wp-json\/wp\/v2\/users\/1"}],"replies":[{"embeddable":true,"href":"https:\/\/stilladser.dk\/index.php\/wp-json\/wp\/v2\/comments?post=129"}],"version-history":[{"count":17,"href":"https:\/\/stilladser.dk\/index.php\/wp-json\/wp\/v2\/pages\/129\/revisions"}],"predecessor-version":[{"id":1109,"href":"https:\/\/stilladser.dk\/index.php\/wp-json\/wp\/v2\/pages\/129\/revisions\/1109"}],"up":[{"embeddable":true,"href":"https:\/\/stilladser.dk\/index.php\/wp-json\/wp\/v2\/pages\/23"}],"wp:featuredmedia":[{"embeddable":true,"href":"https:\/\/stilladser.dk\/index.php\/wp-json\/wp\/v2\/media\/843"}],"wp:attachment":[{"href":"https:\/\/stilladser.dk\/index.php\/wp-json\/wp\/v2\/media?parent=129"}],"curies":[{"name":"wp","href":"https:\/\/api.w.org\/{rel}","templated":true}]}}