{"id":130,"date":"2023-10-10T10:04:57","date_gmt":"2023-10-10T10:04:57","guid":{"rendered":"https:\/\/stilladser.dk\/?page_id=130"},"modified":"2024-02-20T13:46:41","modified_gmt":"2024-02-20T13:46:41","slug":"kontakt","status":"publish","type":"page","link":"https:\/\/stilladser.dk\/index.php\/mesmerize\/kontakt\/","title":{"rendered":"KONTAKT"},"content":{"rendered":"<div  data-label=\"Contact\" data-id=\"contact--1\" data-export-id=\"contact-6\" data-category=\"contact\" class=\"contact-5 content-section content-section-spacing\" id=\"contact-1\" style=\"background-color: rgb(255, 255, 255);\"><div  class=\"gridContainer\"> <div  class=\"row text-center\"><div  class=\"section-title-col\" data-type=\"column\">  <p  class=\"lead\">Vi er med dig hele vejen, fra r\u00e5dgivning f\u00f8r projektstart til demontering af stilladset. Med n\u00e6sten 100 \u00e5rs erfaring i branchen er vi klar til at bruge vores viden og erfaringer til at skabe de bedste rammer for dit projekt. S\u00e5 hvis du har brug for et stillads til en kommende opgave eller har generelle sp\u00f8rgsm\u00e5l, er du velkommen til at kontakte os! Du kan kontakte os via mail eller telefon, eller du kan komme forbi vores kontor i Viby J t\u00e6t p\u00e5 Aarhus centrum for at f\u00e5 en kop kaffe og en snak om dit projekt.<\/p><\/div> <\/div> <div  class=\"row middle-sm\"> <div  class=\"col-xs-12 col-sm-6 image-holder space-bottom-xs\"> <div  data-content-shortcode=\"mesmerize_maps address=&quot;Fabrikvej 1, 8260 Viby J, Denmark&quot; zoom=&quot;80&quot;\" data-editable=\"true\" class=\"shadow-medium\">        <div class=\"mesmerize-google-maps\" style=\"width:100%\">\n            <iframe style=\"width:100%; height:100%;min-height:inherit;display:block;\" src=\"https:\/\/maps.google.com\/maps?q=Fabrikvej%201,%208260%20Viby%20J,%20Denmark&#038;z=17&#038;output=embed&#038;iwloc=near\"><\/iframe>\n        <\/div>\n    <\/div><\/div> <div  class=\"col-xs-12 col-sm-6\"><div  class=\"row middle-sm\"> <div  data-type=\"column\" class=\"col-xs-12 space-bottom-small\"><h3  class=\"color1\"><span  style=\"color: rgb(23, 46, 103);\">Kontaktinfo:<\/span><\/h3><\/div> <\/div> <div  class=\"row middle-sm\" data-type=\"row\"> <div  class=\"col-xs-12 space-bottom-small\"> <div  class=\"row\"> <div  data-type=\"column\" class=\"col-xs-12 col-sm-fit label-col\"> <h5  class=\"\">CVR:&nbsp; &nbsp; &nbsp; &nbsp; &nbsp; &nbsp; &nbsp;<\/h5><\/div> <div  data-type=\"column\" class=\"col-xs-12 col-sm\"><p  class=\"\">33 38 42 97\n<br >Mars Stilladser A\/S<\/p><\/div> <\/div><\/div><div  class=\"col-xs-12 space-bottom-small\"> <div  class=\"row\"> <div  data-type=\"column\" class=\"col-xs-12 col-sm-fit label-col\"> <h5  class=\"\">Adresse:&nbsp; &nbsp; &nbsp; &nbsp;<\/h5><\/div> <div  data-type=\"column\" class=\"col-xs-12 col-sm\"><p  class=\"\">Fabrikvej 1, DK-8260 Viby J<\/p><\/div> <\/div><\/div> <div  class=\"col-xs-12 space-bottom-small\"><div  class=\"row\"> <div  data-type=\"column\" class=\"col-xs-12 col-sm-fit label-col\"><h5  class=\"\">Telefon:&nbsp; &nbsp; &nbsp; &nbsp;&nbsp;<\/h5><\/div> <div  data-type=\"column\" class=\"col-xs-12 col-sm\"><p  class=\"\">+45 86136344&nbsp; &nbsp;<span style=\"font-style: italic;\" >(ogs\u00e5 vagttelefon)<\/span><\/p><\/div> <\/div><\/div> <div  class=\"col-xs-12 space-bottom-small\"><div  class=\"row\"> <div  data-type=\"column\" class=\"col-xs-12 col-sm-fit label-col\"><h5  class=\"\">Hovedmail:&nbsp; &nbsp;<\/h5><\/div> <div  data-type=\"column\" class=\"col-xs-12 col-sm\"><a href=\"mailto:mars@stilladser.dk\" class=\"\" target=\"_self\" data-cp-link=\"1\" rel=\"noopener\">mars@stilladser.dk<\/a><\/div> <\/div><\/div> <div  class=\"col-xs-12 space-bottom-small\"> <div  class=\"row\"> <div  data-type=\"column\" class=\"col-xs-12 col-sm-fit label-col\"> <h5  class=\"\">Bogholderi:&nbsp; &nbsp;<\/h5><\/div> <div  data-type=\"column\" class=\"col-xs-12 col-sm\"><p  class=\"\"><span  style=\"color: rgb(3, 169, 244);\"><a data-mce-href=\"mailto:bogholderi@stilladser.dk\" href=\"mailto:bogholderi@stilladser.dk\" target=\"_self\" data-mce-selected=\"inline-boundary\" data-cp-link=\"1\" rel=\"noopener\">bogholderi@stilladser.dk<\/a><\/span><\/p><\/div> <\/div><\/div><div  class=\"col-xs-12 space-bottom-small\"> <div  class=\"row\"> <div  data-type=\"column\" class=\"col-xs-12 col-sm-fit label-col\"> <h5  class=\"\">\u00c5bningstider:<\/h5><\/div> <div  data-type=\"column\" class=\"col-xs-12 col-sm\"><p  class=\"\">Man-torsdag: 7:00 \u2013 15:15<br >Fredag:&nbsp; &nbsp; &nbsp; &nbsp; &nbsp; &nbsp; 7:00 \u2013 14:15<br >L\u00f8r-S\u00f8ndag:&nbsp; &nbsp; Lukket\n<br >Helligdage:&nbsp; &nbsp; &nbsp; Lukket<\/p><\/div> <\/div><\/div><\/div> <\/div><\/div> <\/div><\/div>","protected":false},"excerpt":{"rendered":"<p>Vi er med dig hele vejen, fra r\u00e5dgivning f\u00f8r projektstart til demontering af stilladset. Med n\u00e6sten 100 \u00e5rs erfaring i branchen er vi klar til at bruge vores viden og erfaringer til at skabe de bedste rammer for dit projekt. S\u00e5 hvis du har brug for et stillads til en kommende opgave eller har generelle&hellip; <br \/> <a class=\"read-more\" href=\"https:\/\/stilladser.dk\/index.php\/mesmerize\/kontakt\/\">L\u00e6s mere<\/a><\/p>\n","protected":false},"author":1,"featured_media":843,"parent":23,"menu_order":6,"comment_status":"closed","ping_status":"closed","template":"pro\/page-templates\/full-width-page.php","meta":{"footnotes":""},"class_list":["post-130","page","type-page","status-publish","has-post-thumbnail","hentry"],"yoast_head":"<!-- This site is optimized with the Yoast SEO plugin v26.8 - https:\/\/yoast.com\/product\/yoast-seo-wordpress\/ -->\n<title>KONTAKT - MARS Stilladser A\/S<\/title>\n<meta name=\"description\" content=\"Vi er med dig hele vejen, fra r\u00e5dgivning f\u00f8r projektstart til demontering af stilladset. Med n\u00e6sten 100 \u00e5rs erfaring i branchen er vi klar til at bruge vores viden og erfaringer til at skabe de bedste rammer for dit projekt. S\u00e5 hvis du har brug for et stillads til en kommende opgave eller har generelle sp\u00f8rgsm\u00e5l, er du velkommen til at kontakte os! Du kan kontakte os via mail eller telefon, eller du kan komme forbi vores kontor i Viby J t\u00e6t p\u00e5 Aarhus centrum for at f\u00e5 en kop kaffe og en snak om dit projekt.\" \/>\n<meta name=\"robots\" content=\"index, follow, max-snippet:-1, max-image-preview:large, max-video-preview:-1\" \/>\n<link rel=\"canonical\" href=\"https:\/\/stilladser.dk\/index.php\/mesmerize\/kontakt\/\" \/>\n<meta property=\"og:locale\" content=\"da_DK\" \/>\n<meta property=\"og:type\" content=\"article\" \/>\n<meta property=\"og:title\" content=\"KONTAKT - MARS Stilladser A\/S\" \/>\n<meta property=\"og:description\" content=\"Vi er med dig hele vejen, fra r\u00e5dgivning f\u00f8r projektstart til demontering af stilladset. Med n\u00e6sten 100 \u00e5rs erfaring i branchen er vi klar til at bruge vores viden og erfaringer til at skabe de bedste rammer for dit projekt. S\u00e5 hvis du har brug for et stillads til en kommende opgave eller har generelle sp\u00f8rgsm\u00e5l, er du velkommen til at kontakte os! Du kan kontakte os via mail eller telefon, eller du kan komme forbi vores kontor i Viby J t\u00e6t p\u00e5 Aarhus centrum for at f\u00e5 en kop kaffe og en snak om dit projekt.\" \/>\n<meta property=\"og:url\" content=\"https:\/\/stilladser.dk\/index.php\/mesmerize\/kontakt\/\" \/>\n<meta property=\"og:site_name\" content=\"MARS Stilladser A\/S\" \/>\n<meta property=\"article:modified_time\" content=\"2024-02-20T13:46:41+00:00\" \/>\n<meta property=\"og:image\" content=\"https:\/\/stilladser.dk\/wp-content\/uploads\/2023\/10\/cropped-Mars_Stillads_logo-kopi-e1698409719985.png\" \/>\n\t<meta property=\"og:image:width\" content=\"2539\" \/>\n\t<meta property=\"og:image:height\" content=\"1468\" \/>\n\t<meta property=\"og:image:type\" content=\"image\/png\" \/>\n<meta name=\"twitter:card\" content=\"summary_large_image\" \/>\n<meta name=\"twitter:label1\" content=\"Estimeret l\u00e6setid\" \/>\n\t<meta name=\"twitter:data1\" content=\"1 minut\" \/>\n<script type=\"application\/ld+json\" class=\"yoast-schema-graph\">{\"@context\":\"https:\/\/schema.org\",\"@graph\":[{\"@type\":\"WebPage\",\"@id\":\"https:\/\/stilladser.dk\/index.php\/mesmerize\/kontakt\/\",\"url\":\"https:\/\/stilladser.dk\/index.php\/mesmerize\/kontakt\/\",\"name\":\"KONTAKT - MARS Stilladser A\/S\",\"isPartOf\":{\"@id\":\"https:\/\/stilladser.dk\/#website\"},\"primaryImageOfPage\":{\"@id\":\"https:\/\/stilladser.dk\/index.php\/mesmerize\/kontakt\/#primaryimage\"},\"image\":{\"@id\":\"https:\/\/stilladser.dk\/index.php\/mesmerize\/kontakt\/#primaryimage\"},\"thumbnailUrl\":\"https:\/\/stilladser.dk\/wp-content\/uploads\/2023\/10\/cropped-Mars_Stillads_logo-kopi-e1698409719985.png\",\"datePublished\":\"2023-10-10T10:04:57+00:00\",\"dateModified\":\"2024-02-20T13:46:41+00:00\",\"description\":\"Vi er med dig hele vejen, fra r\u00e5dgivning f\u00f8r projektstart til demontering af stilladset. Med n\u00e6sten 100 \u00e5rs erfaring i branchen er vi klar til at bruge vores viden og erfaringer til at skabe de bedste rammer for dit projekt. S\u00e5 hvis du har brug for et stillads til en kommende opgave eller har generelle sp\u00f8rgsm\u00e5l, er du velkommen til at kontakte os! Du kan kontakte os via mail eller telefon, eller du kan komme forbi vores kontor i Viby J t\u00e6t p\u00e5 Aarhus centrum for at f\u00e5 en kop kaffe og en snak om dit projekt.\",\"breadcrumb\":{\"@id\":\"https:\/\/stilladser.dk\/index.php\/mesmerize\/kontakt\/#breadcrumb\"},\"inLanguage\":\"da-DK\",\"potentialAction\":[{\"@type\":\"ReadAction\",\"target\":[\"https:\/\/stilladser.dk\/index.php\/mesmerize\/kontakt\/\"]}]},{\"@type\":\"ImageObject\",\"inLanguage\":\"da-DK\",\"@id\":\"https:\/\/stilladser.dk\/index.php\/mesmerize\/kontakt\/#primaryimage\",\"url\":\"https:\/\/stilladser.dk\/wp-content\/uploads\/2023\/10\/cropped-Mars_Stillads_logo-kopi-e1698409719985.png\",\"contentUrl\":\"https:\/\/stilladser.dk\/wp-content\/uploads\/2023\/10\/cropped-Mars_Stillads_logo-kopi-e1698409719985.png\",\"width\":2539,\"height\":1468},{\"@type\":\"BreadcrumbList\",\"@id\":\"https:\/\/stilladser.dk\/index.php\/mesmerize\/kontakt\/#breadcrumb\",\"itemListElement\":[{\"@type\":\"ListItem\",\"position\":1,\"name\":\"Home\",\"item\":\"https:\/\/stilladser.dk\/\"},{\"@type\":\"ListItem\",\"position\":2,\"name\":\"MARS Stilladser A\/S\",\"item\":\"https:\/\/stilladser.dk\/\"},{\"@type\":\"ListItem\",\"position\":3,\"name\":\"KONTAKT\"}]},{\"@type\":\"WebSite\",\"@id\":\"https:\/\/stilladser.dk\/#website\",\"url\":\"https:\/\/stilladser.dk\/\",\"name\":\"MARS Stilladser A\/S\",\"description\":\"Vi har gennem tiden udf\u00f8rt mange sp\u00e6ndende og varierende stilladsopgaver. Om det er allround stillads, overd\u00e6kninger eller specialopgaver, s\u00e5 kan vi klare det langt det meste! Herunder ses et udpluk af de stilladscases vi tidligere har l\u00f8st. S\u00e5 st\u00e5r I og mangler et stillads til jeres n\u00e6ste projekt, s\u00e5 har vi helt sikkert den helt rigtige l\u00f8sning til jer.\",\"publisher\":{\"@id\":\"https:\/\/stilladser.dk\/#organization\"},\"potentialAction\":[{\"@type\":\"SearchAction\",\"target\":{\"@type\":\"EntryPoint\",\"urlTemplate\":\"https:\/\/stilladser.dk\/?s={search_term_string}\"},\"query-input\":{\"@type\":\"PropertyValueSpecification\",\"valueRequired\":true,\"valueName\":\"search_term_string\"}}],\"inLanguage\":\"da-DK\"},{\"@type\":\"Organization\",\"@id\":\"https:\/\/stilladser.dk\/#organization\",\"name\":\"MARS Stilladser A\/S\",\"url\":\"https:\/\/stilladser.dk\/\",\"logo\":{\"@type\":\"ImageObject\",\"inLanguage\":\"da-DK\",\"@id\":\"https:\/\/stilladser.dk\/#\/schema\/logo\/image\/\",\"url\":\"https:\/\/stilladser.dk\/wp-content\/uploads\/2023\/10\/Mars_Stillads_logo-kopi-5.gif\",\"contentUrl\":\"https:\/\/stilladser.dk\/wp-content\/uploads\/2023\/10\/Mars_Stillads_logo-kopi-5.gif\",\"width\":150,\"height\":42,\"caption\":\"MARS Stilladser A\/S\"},\"image\":{\"@id\":\"https:\/\/stilladser.dk\/#\/schema\/logo\/image\/\"}}]}<\/script>\n<!-- \/ Yoast SEO plugin. -->","yoast_head_json":{"title":"KONTAKT - MARS Stilladser A\/S","description":"Vi er med dig hele vejen, fra r\u00e5dgivning f\u00f8r projektstart til demontering af stilladset. Med n\u00e6sten 100 \u00e5rs erfaring i branchen er vi klar til at bruge vores viden og erfaringer til at skabe de bedste rammer for dit projekt. S\u00e5 hvis du har brug for et stillads til en kommende opgave eller har generelle sp\u00f8rgsm\u00e5l, er du velkommen til at kontakte os! Du kan kontakte os via mail eller telefon, eller du kan komme forbi vores kontor i Viby J t\u00e6t p\u00e5 Aarhus centrum for at f\u00e5 en kop kaffe og en snak om dit projekt.","robots":{"index":"index","follow":"follow","max-snippet":"max-snippet:-1","max-image-preview":"max-image-preview:large","max-video-preview":"max-video-preview:-1"},"canonical":"https:\/\/stilladser.dk\/index.php\/mesmerize\/kontakt\/","og_locale":"da_DK","og_type":"article","og_title":"KONTAKT - MARS Stilladser A\/S","og_description":"Vi er med dig hele vejen, fra r\u00e5dgivning f\u00f8r projektstart til demontering af stilladset. Med n\u00e6sten 100 \u00e5rs erfaring i branchen er vi klar til at bruge vores viden og erfaringer til at skabe de bedste rammer for dit projekt. S\u00e5 hvis du har brug for et stillads til en kommende opgave eller har generelle sp\u00f8rgsm\u00e5l, er du velkommen til at kontakte os! Du kan kontakte os via mail eller telefon, eller du kan komme forbi vores kontor i Viby J t\u00e6t p\u00e5 Aarhus centrum for at f\u00e5 en kop kaffe og en snak om dit projekt.","og_url":"https:\/\/stilladser.dk\/index.php\/mesmerize\/kontakt\/","og_site_name":"MARS Stilladser A\/S","article_modified_time":"2024-02-20T13:46:41+00:00","og_image":[{"width":2539,"height":1468,"url":"https:\/\/stilladser.dk\/wp-content\/uploads\/2023\/10\/cropped-Mars_Stillads_logo-kopi-e1698409719985.png","type":"image\/png"}],"twitter_card":"summary_large_image","twitter_misc":{"Estimeret l\u00e6setid":"1 minut"},"schema":{"@context":"https:\/\/schema.org","@graph":[{"@type":"WebPage","@id":"https:\/\/stilladser.dk\/index.php\/mesmerize\/kontakt\/","url":"https:\/\/stilladser.dk\/index.php\/mesmerize\/kontakt\/","name":"KONTAKT - MARS Stilladser A\/S","isPartOf":{"@id":"https:\/\/stilladser.dk\/#website"},"primaryImageOfPage":{"@id":"https:\/\/stilladser.dk\/index.php\/mesmerize\/kontakt\/#primaryimage"},"image":{"@id":"https:\/\/stilladser.dk\/index.php\/mesmerize\/kontakt\/#primaryimage"},"thumbnailUrl":"https:\/\/stilladser.dk\/wp-content\/uploads\/2023\/10\/cropped-Mars_Stillads_logo-kopi-e1698409719985.png","datePublished":"2023-10-10T10:04:57+00:00","dateModified":"2024-02-20T13:46:41+00:00","description":"Vi er med dig hele vejen, fra r\u00e5dgivning f\u00f8r projektstart til demontering af stilladset. Med n\u00e6sten 100 \u00e5rs erfaring i branchen er vi klar til at bruge vores viden og erfaringer til at skabe de bedste rammer for dit projekt. S\u00e5 hvis du har brug for et stillads til en kommende opgave eller har generelle sp\u00f8rgsm\u00e5l, er du velkommen til at kontakte os! Du kan kontakte os via mail eller telefon, eller du kan komme forbi vores kontor i Viby J t\u00e6t p\u00e5 Aarhus centrum for at f\u00e5 en kop kaffe og en snak om dit projekt.","breadcrumb":{"@id":"https:\/\/stilladser.dk\/index.php\/mesmerize\/kontakt\/#breadcrumb"},"inLanguage":"da-DK","potentialAction":[{"@type":"ReadAction","target":["https:\/\/stilladser.dk\/index.php\/mesmerize\/kontakt\/"]}]},{"@type":"ImageObject","inLanguage":"da-DK","@id":"https:\/\/stilladser.dk\/index.php\/mesmerize\/kontakt\/#primaryimage","url":"https:\/\/stilladser.dk\/wp-content\/uploads\/2023\/10\/cropped-Mars_Stillads_logo-kopi-e1698409719985.png","contentUrl":"https:\/\/stilladser.dk\/wp-content\/uploads\/2023\/10\/cropped-Mars_Stillads_logo-kopi-e1698409719985.png","width":2539,"height":1468},{"@type":"BreadcrumbList","@id":"https:\/\/stilladser.dk\/index.php\/mesmerize\/kontakt\/#breadcrumb","itemListElement":[{"@type":"ListItem","position":1,"name":"Home","item":"https:\/\/stilladser.dk\/"},{"@type":"ListItem","position":2,"name":"MARS Stilladser A\/S","item":"https:\/\/stilladser.dk\/"},{"@type":"ListItem","position":3,"name":"KONTAKT"}]},{"@type":"WebSite","@id":"https:\/\/stilladser.dk\/#website","url":"https:\/\/stilladser.dk\/","name":"MARS Stilladser A\/S","description":"Vi har gennem tiden udf\u00f8rt mange sp\u00e6ndende og varierende stilladsopgaver. Om det er allround stillads, overd\u00e6kninger eller specialopgaver, s\u00e5 kan vi klare det langt det meste! Herunder ses et udpluk af de stilladscases vi tidligere har l\u00f8st. S\u00e5 st\u00e5r I og mangler et stillads til jeres n\u00e6ste projekt, s\u00e5 har vi helt sikkert den helt rigtige l\u00f8sning til jer.","publisher":{"@id":"https:\/\/stilladser.dk\/#organization"},"potentialAction":[{"@type":"SearchAction","target":{"@type":"EntryPoint","urlTemplate":"https:\/\/stilladser.dk\/?s={search_term_string}"},"query-input":{"@type":"PropertyValueSpecification","valueRequired":true,"valueName":"search_term_string"}}],"inLanguage":"da-DK"},{"@type":"Organization","@id":"https:\/\/stilladser.dk\/#organization","name":"MARS Stilladser A\/S","url":"https:\/\/stilladser.dk\/","logo":{"@type":"ImageObject","inLanguage":"da-DK","@id":"https:\/\/stilladser.dk\/#\/schema\/logo\/image\/","url":"https:\/\/stilladser.dk\/wp-content\/uploads\/2023\/10\/Mars_Stillads_logo-kopi-5.gif","contentUrl":"https:\/\/stilladser.dk\/wp-content\/uploads\/2023\/10\/Mars_Stillads_logo-kopi-5.gif","width":150,"height":42,"caption":"MARS Stilladser A\/S"},"image":{"@id":"https:\/\/stilladser.dk\/#\/schema\/logo\/image\/"}}]}},"_links":{"self":[{"href":"https:\/\/stilladser.dk\/index.php\/wp-json\/wp\/v2\/pages\/130","targetHints":{"allow":["GET"]}}],"collection":[{"href":"https:\/\/stilladser.dk\/index.php\/wp-json\/wp\/v2\/pages"}],"about":[{"href":"https:\/\/stilladser.dk\/index.php\/wp-json\/wp\/v2\/types\/page"}],"author":[{"embeddable":true,"href":"https:\/\/stilladser.dk\/index.php\/wp-json\/wp\/v2\/users\/1"}],"replies":[{"embeddable":true,"href":"https:\/\/stilladser.dk\/index.php\/wp-json\/wp\/v2\/comments?post=130"}],"version-history":[{"count":5,"href":"https:\/\/stilladser.dk\/index.php\/wp-json\/wp\/v2\/pages\/130\/revisions"}],"predecessor-version":[{"id":1105,"href":"https:\/\/stilladser.dk\/index.php\/wp-json\/wp\/v2\/pages\/130\/revisions\/1105"}],"up":[{"embeddable":true,"href":"https:\/\/stilladser.dk\/index.php\/wp-json\/wp\/v2\/pages\/23"}],"wp:featuredmedia":[{"embeddable":true,"href":"https:\/\/stilladser.dk\/index.php\/wp-json\/wp\/v2\/media\/843"}],"wp:attachment":[{"href":"https:\/\/stilladser.dk\/index.php\/wp-json\/wp\/v2\/media?parent=130"}],"curies":[{"name":"wp","href":"https:\/\/api.w.org\/{rel}","templated":true}]}}