{"id":549,"date":"2023-10-19T13:41:03","date_gmt":"2023-10-19T13:41:03","guid":{"rendered":"https:\/\/stilladser.dk\/?page_id=549"},"modified":"2023-11-10T12:16:18","modified_gmt":"2023-11-10T12:16:18","slug":"let-facadestillads","status":"publish","type":"page","link":"https:\/\/stilladser.dk\/index.php\/mesmerize\/stilladstyper\/let-facadestillads\/","title":{"rendered":"LET FACADESTILLADS"},"content":{"rendered":"<div  data-label=\"Features\" data-id=\"features--1\" data-export-id=\"features-12-card\" data-category=\"features\" class=\"features-12-card content-section content-section-spacing\" id=\"features-1\" style=\"background-color: rgb(255, 255, 255); background-image: url(&quot;https:\/\/stilladser.dk\/wp-content\/uploads\/2023\/10\/layher-ring-lock-gennemsigtig.png&quot;); background-size: cover; background-position: center top;\" data-section-ov=\"1\"><div  class=\"gridContainer\"> <div  class=\"row text-center\"><div  class=\"section-title-col\" data-type=\"column\"> <h2  class=\"\"><span  style=\"color: rgb(23, 46, 103); font-weight: 600;\">Let og fleksibelt facadestillads fra Layher<\/span><\/h2> <p  class=\"lead\"><span  style=\"font-weight: 300; color: rgb(0, 0, 0);\">Let facadestillads fra Layher er optimalt til de mindre og lettere renoveringsopgaver. Stilladssystemet er kendetegnet ved h\u00f8j sikkerhed og kvalitet, hvilket Layhers produkter generelt er kendt for. Derfor er vi meget stolte udbydere af deres stilladssystemer.\r\n<\/span><br ><br ><span  style=\"font-weight: 300; color: rgb(0, 0, 0);\">Denne type stillads er specielt godt til mindre facade- og tagreparationer eller lignende opgaver. Typen tilbyder et god fleksibilitet og alsidighed, hvilket muligg\u00f8rer arbejde p\u00e5 tv\u00e6rs af forskellige arbejdsopgaver p\u00e5 samme tid. Dette betyder ogs\u00e5 at det g\u00f8r det muligt at spare b\u00e5de tid og ressourcer ved bygge- og renoveringsprojekter. Let facade stillads kan kombineres med Layher Allround stillads, hvilket igen tilbyder en fleksibilitet som kan v\u00e6re en fordel for mange bygge- og renoveringsprojekter.&nbsp;<\/span><\/p><\/div> <\/div> <div  class=\"row spaced-cols\" data-type=\"row\">  <div  class=\"col-sm-6\"> <div  class=\"card row-card\"> <div  class=\"row\"> <div  class=\"col-sm-fit icon-column\"> <i  class=\"fa icon fa-info bordered round color7\"><\/i> <\/div> <div  class=\"col-sm\" data-type=\"column\"> <h5  class=\"color2\"><span  style=\"font-weight: 600; color: rgb(23, 46, 103);\">Dimmensioner og belastning<\/span><\/h5> <p  class=\"\"><span  style=\"color: rgb(60, 66, 79);\">M\u00e5l: 0,7m\r\n<\/span><br ><span  style=\"color: rgb(60, 66, 79);\">Belastningsevne: 2 kn\/m\r\n<\/span><br ><span  style=\"color: rgb(60, 66, 79);\">Disse egenskaber giver et robust og kompakt stillads, som kan kombineres med diverse tilbeh\u00f8r for at tilpasse det til det enkelte projekt.\r\n<\/span><br >\r\n<br ><span  style=\"color: rgb(60, 66, 79);\">Tilbeh\u00f8r som passer til let facadestillads er f.eks.&nbsp;tagb\u00f8jler, alu-trapper,&nbsp;konsoller og reposk\u00e6rme. Denne stilladstype kan ogs\u00e5 monteres med net for, hvilket b\u00e5de \u00f8ger sikkerheden og g\u00f8r det mere modstandsdygtigt overfor det danske vejr.<\/span><\/p><\/div> <\/div><\/div> <\/div> <div  class=\"col-sm-6\"> <div  class=\"card row-card\"> <div  class=\"row\"> <div  class=\"col-sm-fit icon-column\"> <i  class=\"fa icon fa-handshake-o bordered round color7\"><\/i> <\/div> <div  class=\"col-sm\" data-type=\"column\"> <h5  class=\"color2\"><span  style=\"font-weight: 600; color: rgb(23, 46, 103);\">Brug for r\u00e5dgivning?<\/span><\/h5> <p  class=\"\"><span  style=\"color: rgb(60, 66, 79);\">Har du flere sp\u00f8rgsm\u00e5l til stilladstypen og om den kunne v\u00e6re den rigtige l\u00f8sning til dit projekt, s\u00e5 r\u00e6k endelig ud til os. Som din p\u00e5lidelige Layher partner i Aarhus r\u00e5dgiver vi dig gerne hele vejen igennem projektet og s\u00f8rger fo rat b\u00e5de kvaliteten og sikkerheden er i top.&nbsp;\r\n<\/span><br ><br ><span  style=\"color: rgb(60, 66, 79);\">Du kan finde vores kontaktinformationer og \u00e5bningstider under kontakt.&nbsp;<\/span><br ><br ><span  style=\"color: rgb(60, 66, 79);\">\r\nVi ser frem til at hj\u00e6lpe dig godt p\u00e5 vej!\r\n<\/span><\/p><\/div> <\/div><\/div> <\/div> <\/div> <\/div><\/div>","protected":false},"excerpt":{"rendered":"<p>Let og fleksibelt facadestillads fra Layher Let facadestillads fra Layher er optimalt til de mindre og lettere renoveringsopgaver. Stilladssystemet er kendetegnet ved h\u00f8j sikkerhed og kvalitet, hvilket Layhers produkter generelt er kendt for. Derfor er vi meget stolte udbydere af deres stilladssystemer. Denne type stillads er specielt godt til mindre facade- og tagreparationer eller lignende&hellip; <br \/> <a class=\"read-more\" href=\"https:\/\/stilladser.dk\/index.php\/mesmerize\/stilladstyper\/let-facadestillads\/\">L\u00e6s mere<\/a><\/p>\n","protected":false},"author":1,"featured_media":477,"parent":125,"menu_order":1,"comment_status":"closed","ping_status":"closed","template":"pro\/page-templates\/full-width-page.php","meta":{"footnotes":""},"class_list":["post-549","page","type-page","status-publish","has-post-thumbnail","hentry"],"yoast_head":"<!-- This site is optimized with the Yoast SEO plugin v26.8 - https:\/\/yoast.com\/product\/yoast-seo-wordpress\/ -->\n<title>LET FACADESTILLADS - MARS Stilladser A\/S<\/title>\n<meta name=\"description\" content=\"Let facadestillads fra Layher er optimalt til de mindre og lettere renoveringsopgaver og er kendetegnet ved h\u00f8j sikkerhed og kvalitet.\" \/>\n<meta name=\"robots\" content=\"index, follow, max-snippet:-1, max-image-preview:large, max-video-preview:-1\" \/>\n<link rel=\"canonical\" href=\"https:\/\/stilladser.dk\/index.php\/mesmerize\/stilladstyper\/let-facadestillads\/\" \/>\n<meta property=\"og:locale\" content=\"da_DK\" \/>\n<meta property=\"og:type\" content=\"article\" \/>\n<meta property=\"og:title\" content=\"LET FACADESTILLADS - MARS Stilladser A\/S\" \/>\n<meta property=\"og:description\" content=\"Let facadestillads fra Layher er optimalt til de mindre og lettere renoveringsopgaver og er kendetegnet ved h\u00f8j sikkerhed og kvalitet.\" \/>\n<meta property=\"og:url\" content=\"https:\/\/stilladser.dk\/index.php\/mesmerize\/stilladstyper\/let-facadestillads\/\" \/>\n<meta property=\"og:site_name\" content=\"MARS Stilladser A\/S\" \/>\n<meta property=\"article:modified_time\" content=\"2023-11-10T12:16:18+00:00\" \/>\n<meta property=\"og:image\" content=\"https:\/\/stilladser.dk\/wp-content\/uploads\/2023\/10\/IMG_8794-1-rotated-e1698406183353.jpg\" \/>\n\t<meta property=\"og:image:width\" content=\"1512\" \/>\n\t<meta property=\"og:image:height\" content=\"1663\" \/>\n\t<meta property=\"og:image:type\" content=\"image\/jpeg\" \/>\n<meta name=\"twitter:card\" content=\"summary_large_image\" \/>\n<meta name=\"twitter:label1\" content=\"Estimeret l\u00e6setid\" \/>\n\t<meta name=\"twitter:data1\" content=\"2 minutter\" \/>\n<script type=\"application\/ld+json\" class=\"yoast-schema-graph\">{\"@context\":\"https:\/\/schema.org\",\"@graph\":[{\"@type\":\"WebPage\",\"@id\":\"https:\/\/stilladser.dk\/index.php\/mesmerize\/stilladstyper\/let-facadestillads\/\",\"url\":\"https:\/\/stilladser.dk\/index.php\/mesmerize\/stilladstyper\/let-facadestillads\/\",\"name\":\"LET FACADESTILLADS - MARS Stilladser A\/S\",\"isPartOf\":{\"@id\":\"https:\/\/stilladser.dk\/#website\"},\"primaryImageOfPage\":{\"@id\":\"https:\/\/stilladser.dk\/index.php\/mesmerize\/stilladstyper\/let-facadestillads\/#primaryimage\"},\"image\":{\"@id\":\"https:\/\/stilladser.dk\/index.php\/mesmerize\/stilladstyper\/let-facadestillads\/#primaryimage\"},\"thumbnailUrl\":\"https:\/\/stilladser.dk\/wp-content\/uploads\/2023\/10\/IMG_8794-1-rotated-e1698406183353.jpg\",\"datePublished\":\"2023-10-19T13:41:03+00:00\",\"dateModified\":\"2023-11-10T12:16:18+00:00\",\"description\":\"Let facadestillads fra Layher er optimalt til de mindre og lettere renoveringsopgaver og er kendetegnet ved h\u00f8j sikkerhed og kvalitet.\",\"breadcrumb\":{\"@id\":\"https:\/\/stilladser.dk\/index.php\/mesmerize\/stilladstyper\/let-facadestillads\/#breadcrumb\"},\"inLanguage\":\"da-DK\",\"potentialAction\":[{\"@type\":\"ReadAction\",\"target\":[\"https:\/\/stilladser.dk\/index.php\/mesmerize\/stilladstyper\/let-facadestillads\/\"]}]},{\"@type\":\"ImageObject\",\"inLanguage\":\"da-DK\",\"@id\":\"https:\/\/stilladser.dk\/index.php\/mesmerize\/stilladstyper\/let-facadestillads\/#primaryimage\",\"url\":\"https:\/\/stilladser.dk\/wp-content\/uploads\/2023\/10\/IMG_8794-1-rotated-e1698406183353.jpg\",\"contentUrl\":\"https:\/\/stilladser.dk\/wp-content\/uploads\/2023\/10\/IMG_8794-1-rotated-e1698406183353.jpg\",\"width\":1512,\"height\":1663},{\"@type\":\"BreadcrumbList\",\"@id\":\"https:\/\/stilladser.dk\/index.php\/mesmerize\/stilladstyper\/let-facadestillads\/#breadcrumb\",\"itemListElement\":[{\"@type\":\"ListItem\",\"position\":1,\"name\":\"Home\",\"item\":\"https:\/\/stilladser.dk\/\"},{\"@type\":\"ListItem\",\"position\":2,\"name\":\"MARS Stilladser A\/S\",\"item\":\"https:\/\/stilladser.dk\/\"},{\"@type\":\"ListItem\",\"position\":3,\"name\":\"STILLADSTYPER\",\"item\":\"https:\/\/stilladser.dk\/index.php\/mesmerize\/stilladstyper\/\"},{\"@type\":\"ListItem\",\"position\":4,\"name\":\"LET FACADESTILLADS\"}]},{\"@type\":\"WebSite\",\"@id\":\"https:\/\/stilladser.dk\/#website\",\"url\":\"https:\/\/stilladser.dk\/\",\"name\":\"MARS Stilladser A\/S\",\"description\":\"Vi har gennem tiden udf\u00f8rt mange sp\u00e6ndende og varierende stilladsopgaver. Om det er allround stillads, overd\u00e6kninger eller specialopgaver, s\u00e5 kan vi klare det langt det meste! Herunder ses et udpluk af de stilladscases vi tidligere har l\u00f8st. S\u00e5 st\u00e5r I og mangler et stillads til jeres n\u00e6ste projekt, s\u00e5 har vi helt sikkert den helt rigtige l\u00f8sning til jer.\",\"publisher\":{\"@id\":\"https:\/\/stilladser.dk\/#organization\"},\"potentialAction\":[{\"@type\":\"SearchAction\",\"target\":{\"@type\":\"EntryPoint\",\"urlTemplate\":\"https:\/\/stilladser.dk\/?s={search_term_string}\"},\"query-input\":{\"@type\":\"PropertyValueSpecification\",\"valueRequired\":true,\"valueName\":\"search_term_string\"}}],\"inLanguage\":\"da-DK\"},{\"@type\":\"Organization\",\"@id\":\"https:\/\/stilladser.dk\/#organization\",\"name\":\"MARS Stilladser A\/S\",\"url\":\"https:\/\/stilladser.dk\/\",\"logo\":{\"@type\":\"ImageObject\",\"inLanguage\":\"da-DK\",\"@id\":\"https:\/\/stilladser.dk\/#\/schema\/logo\/image\/\",\"url\":\"https:\/\/stilladser.dk\/wp-content\/uploads\/2023\/10\/Mars_Stillads_logo-kopi-5.gif\",\"contentUrl\":\"https:\/\/stilladser.dk\/wp-content\/uploads\/2023\/10\/Mars_Stillads_logo-kopi-5.gif\",\"width\":150,\"height\":42,\"caption\":\"MARS Stilladser A\/S\"},\"image\":{\"@id\":\"https:\/\/stilladser.dk\/#\/schema\/logo\/image\/\"}}]}<\/script>\n<!-- \/ Yoast SEO plugin. -->","yoast_head_json":{"title":"LET FACADESTILLADS - MARS Stilladser A\/S","description":"Let facadestillads fra Layher er optimalt til de mindre og lettere renoveringsopgaver og er kendetegnet ved h\u00f8j sikkerhed og kvalitet.","robots":{"index":"index","follow":"follow","max-snippet":"max-snippet:-1","max-image-preview":"max-image-preview:large","max-video-preview":"max-video-preview:-1"},"canonical":"https:\/\/stilladser.dk\/index.php\/mesmerize\/stilladstyper\/let-facadestillads\/","og_locale":"da_DK","og_type":"article","og_title":"LET FACADESTILLADS - MARS Stilladser A\/S","og_description":"Let facadestillads fra Layher er optimalt til de mindre og lettere renoveringsopgaver og er kendetegnet ved h\u00f8j sikkerhed og kvalitet.","og_url":"https:\/\/stilladser.dk\/index.php\/mesmerize\/stilladstyper\/let-facadestillads\/","og_site_name":"MARS Stilladser A\/S","article_modified_time":"2023-11-10T12:16:18+00:00","og_image":[{"width":1512,"height":1663,"url":"https:\/\/stilladser.dk\/wp-content\/uploads\/2023\/10\/IMG_8794-1-rotated-e1698406183353.jpg","type":"image\/jpeg"}],"twitter_card":"summary_large_image","twitter_misc":{"Estimeret l\u00e6setid":"2 minutter"},"schema":{"@context":"https:\/\/schema.org","@graph":[{"@type":"WebPage","@id":"https:\/\/stilladser.dk\/index.php\/mesmerize\/stilladstyper\/let-facadestillads\/","url":"https:\/\/stilladser.dk\/index.php\/mesmerize\/stilladstyper\/let-facadestillads\/","name":"LET FACADESTILLADS - MARS Stilladser A\/S","isPartOf":{"@id":"https:\/\/stilladser.dk\/#website"},"primaryImageOfPage":{"@id":"https:\/\/stilladser.dk\/index.php\/mesmerize\/stilladstyper\/let-facadestillads\/#primaryimage"},"image":{"@id":"https:\/\/stilladser.dk\/index.php\/mesmerize\/stilladstyper\/let-facadestillads\/#primaryimage"},"thumbnailUrl":"https:\/\/stilladser.dk\/wp-content\/uploads\/2023\/10\/IMG_8794-1-rotated-e1698406183353.jpg","datePublished":"2023-10-19T13:41:03+00:00","dateModified":"2023-11-10T12:16:18+00:00","description":"Let facadestillads fra Layher er optimalt til de mindre og lettere renoveringsopgaver og er kendetegnet ved h\u00f8j sikkerhed og kvalitet.","breadcrumb":{"@id":"https:\/\/stilladser.dk\/index.php\/mesmerize\/stilladstyper\/let-facadestillads\/#breadcrumb"},"inLanguage":"da-DK","potentialAction":[{"@type":"ReadAction","target":["https:\/\/stilladser.dk\/index.php\/mesmerize\/stilladstyper\/let-facadestillads\/"]}]},{"@type":"ImageObject","inLanguage":"da-DK","@id":"https:\/\/stilladser.dk\/index.php\/mesmerize\/stilladstyper\/let-facadestillads\/#primaryimage","url":"https:\/\/stilladser.dk\/wp-content\/uploads\/2023\/10\/IMG_8794-1-rotated-e1698406183353.jpg","contentUrl":"https:\/\/stilladser.dk\/wp-content\/uploads\/2023\/10\/IMG_8794-1-rotated-e1698406183353.jpg","width":1512,"height":1663},{"@type":"BreadcrumbList","@id":"https:\/\/stilladser.dk\/index.php\/mesmerize\/stilladstyper\/let-facadestillads\/#breadcrumb","itemListElement":[{"@type":"ListItem","position":1,"name":"Home","item":"https:\/\/stilladser.dk\/"},{"@type":"ListItem","position":2,"name":"MARS Stilladser A\/S","item":"https:\/\/stilladser.dk\/"},{"@type":"ListItem","position":3,"name":"STILLADSTYPER","item":"https:\/\/stilladser.dk\/index.php\/mesmerize\/stilladstyper\/"},{"@type":"ListItem","position":4,"name":"LET FACADESTILLADS"}]},{"@type":"WebSite","@id":"https:\/\/stilladser.dk\/#website","url":"https:\/\/stilladser.dk\/","name":"MARS Stilladser A\/S","description":"Vi har gennem tiden udf\u00f8rt mange sp\u00e6ndende og varierende stilladsopgaver. Om det er allround stillads, overd\u00e6kninger eller specialopgaver, s\u00e5 kan vi klare det langt det meste! Herunder ses et udpluk af de stilladscases vi tidligere har l\u00f8st. S\u00e5 st\u00e5r I og mangler et stillads til jeres n\u00e6ste projekt, s\u00e5 har vi helt sikkert den helt rigtige l\u00f8sning til jer.","publisher":{"@id":"https:\/\/stilladser.dk\/#organization"},"potentialAction":[{"@type":"SearchAction","target":{"@type":"EntryPoint","urlTemplate":"https:\/\/stilladser.dk\/?s={search_term_string}"},"query-input":{"@type":"PropertyValueSpecification","valueRequired":true,"valueName":"search_term_string"}}],"inLanguage":"da-DK"},{"@type":"Organization","@id":"https:\/\/stilladser.dk\/#organization","name":"MARS Stilladser A\/S","url":"https:\/\/stilladser.dk\/","logo":{"@type":"ImageObject","inLanguage":"da-DK","@id":"https:\/\/stilladser.dk\/#\/schema\/logo\/image\/","url":"https:\/\/stilladser.dk\/wp-content\/uploads\/2023\/10\/Mars_Stillads_logo-kopi-5.gif","contentUrl":"https:\/\/stilladser.dk\/wp-content\/uploads\/2023\/10\/Mars_Stillads_logo-kopi-5.gif","width":150,"height":42,"caption":"MARS Stilladser A\/S"},"image":{"@id":"https:\/\/stilladser.dk\/#\/schema\/logo\/image\/"}}]}},"_links":{"self":[{"href":"https:\/\/stilladser.dk\/index.php\/wp-json\/wp\/v2\/pages\/549","targetHints":{"allow":["GET"]}}],"collection":[{"href":"https:\/\/stilladser.dk\/index.php\/wp-json\/wp\/v2\/pages"}],"about":[{"href":"https:\/\/stilladser.dk\/index.php\/wp-json\/wp\/v2\/types\/page"}],"author":[{"embeddable":true,"href":"https:\/\/stilladser.dk\/index.php\/wp-json\/wp\/v2\/users\/1"}],"replies":[{"embeddable":true,"href":"https:\/\/stilladser.dk\/index.php\/wp-json\/wp\/v2\/comments?post=549"}],"version-history":[{"count":5,"href":"https:\/\/stilladser.dk\/index.php\/wp-json\/wp\/v2\/pages\/549\/revisions"}],"predecessor-version":[{"id":1063,"href":"https:\/\/stilladser.dk\/index.php\/wp-json\/wp\/v2\/pages\/549\/revisions\/1063"}],"up":[{"embeddable":true,"href":"https:\/\/stilladser.dk\/index.php\/wp-json\/wp\/v2\/pages\/125"}],"wp:featuredmedia":[{"embeddable":true,"href":"https:\/\/stilladser.dk\/index.php\/wp-json\/wp\/v2\/media\/477"}],"wp:attachment":[{"href":"https:\/\/stilladser.dk\/index.php\/wp-json\/wp\/v2\/media?parent=549"}],"curies":[{"name":"wp","href":"https:\/\/api.w.org\/{rel}","templated":true}]}}