{"id":551,"date":"2023-10-19T13:40:27","date_gmt":"2023-10-19T13:40:27","guid":{"rendered":"https:\/\/stilladser.dk\/?page_id=551"},"modified":"2023-11-07T09:15:24","modified_gmt":"2023-11-07T09:15:24","slug":"allround-stillads","status":"publish","type":"page","link":"https:\/\/stilladser.dk\/index.php\/mesmerize\/stilladstyper\/allround-stillads\/","title":{"rendered":"ALLROUND STILLADS"},"content":{"rendered":"<div  data-label=\"Features\" data-id=\"features--2\" data-export-id=\"features-12-card-bordered\" data-category=\"features\" class=\"features-12-card-bordered content-section content-section-spacing\" id=\"features-2\" style=\"background-color: rgb(255, 255, 255); background-image: url(&quot;https:\/\/stilladser.dk\/wp-content\/uploads\/2023\/10\/cropped-layher-ring-lock-gennemsigtig-e1697722105516.png&quot;); background-size: cover; background-position: center top;\" data-section-ov=\"1\"><div  class=\"gridContainer\"> <div  class=\"row text-center\"><div  class=\"section-title-col\" data-type=\"column\"> <h2  class=\"\"><span  style=\"font-weight: 600; color: rgb(23, 46, 103);\">Allround stillads fra Layher<\/span><\/h2> <p  class=\"lead\"><span  style=\"font-weight: 300; color: rgb(0, 0, 0);\">Allround stillads er vores mest anvendte stilladstype, da den kan anvendes til langt de fleste stilladsopgaver. Rossetsystemet fra Layher g\u00f8r det muligt at bygge selv de mest komplekse stilladskonstruktioner. Denne type er dermed ogs\u00e5 optimal for os som firma, da den giver os mulighed for at skr\u00e6ddersy vores konstruktioner til hver enkelt kundes behov. I den forbindelse, g\u00f8r vores mange specialopgaver ogs\u00e5 at denne fleksible og alsidige stilladstype fungerer optimalt.&nbsp;Udover stilladstypens h\u00f8je fleksibilitet og kvalitet, skal det ogs\u00e5 n\u00e6vnes at denne stilladstype er yderst robust og sikker. Rossetsystemet tillader hurtige og sikre sammenkoblinger hvilket g\u00f8r det til en \u00f8konomisk god og sikker l\u00f8sning til mere komplekse stilladsprojekter. Endnu en fordel ved Layher allround stillads er kompatibiliteten med Layhers 3D model software. Dette g\u00f8r det muligt for os at skabe korrekte illustrationer af vores stilladskonstruktioner p\u00e5 korrekte 3D modeller til vores projekter. Du kan l\u00e6se mere om vores brug af 3D modeller til specialopgaver <a data-mce-href=\"..\/stillads-til-specialopgaver\/\" href=\"..\/stillads-til-specialopgaver\/\" target=\"_blank\" rel=\"noopener\" data-mce-selected=\"inline-boundary\" data-cp-link=\"1\">her<\/a>!<\/span><\/p><\/div> <\/div> <div  class=\"row spaced-cols\" data-type=\"row\"> <div  class=\"col-sm-6\"> <div  class=\"card row-card bordered y-move\"> <div  class=\"row\"> <div  class=\"col-sm-fit icon-column\"> <i  class=\"fa icon fa-info bordered round color7\"><\/i> <\/div> <div  class=\"col-sm\" data-type=\"column\"> <h5  class=\"color2\"><span  style=\"font-weight: 600; color: rgb(23, 46, 103);\">Dimmensioner og belastning<\/span><\/h5> <p  class=\"\"><span  style=\"color: rgb(60, 66, 79); font-weight: 400;\">M\u00e5l: Stard. m\u00e5l p\u00e5 0,7m. men kan udvides op til 1,4 og 3,0m (som murerstillads)<\/span><br ><span  style=\"color: rgb(60, 66, 79); font-weight: 400;\">\r\nBelastningsevne: 6 kn\/m (med brug af st\u00e5lriste)\r\n<\/span><br ><br ><span  style=\"color: rgb(60, 66, 79); font-weight: 400;\">Disse specifikationer g\u00f8r Allround stillads til en meget fleksibel og robust stilladstype, som er velegnet til komplekse og store stilladsprojekter. Allround er en stilladstype med fokus p\u00e5 sikkerhed og er lavet i robust materiale med en lang levetid, hvilket g\u00f8r det til et b\u00e6redygtigt og omkostningseffektivt produkt.<\/span><\/p><\/div> <\/div><\/div> <\/div> <div  class=\"col-sm-6\"> <div  class=\"card row-card bordered y-move\"> <div  class=\"row\"> <div  class=\"col-sm-fit icon-column\"> <i  class=\"fa icon fa-handshake-o bordered round color7\"><\/i> <\/div> <div  class=\"col-sm\" data-type=\"column\"> <h5  class=\"color2\"><span  style=\"font-weight: 600; color: rgb(23, 46, 103);\">Brug for r\u00e5dgivning?<\/span><\/h5> <p  class=\"\"><span  style=\"font-weight: 400; color: rgb(60, 66, 79);\">Har du flere sp\u00f8rgsm\u00e5l til stilladstypen og om den kunne v\u00e6re den rigtige l\u00f8sning til dit projekt, s\u00e5 r\u00e6k endelig ud til os. Som din p\u00e5lidelige Layher partner i Aarhus r\u00e5dgiver vi dig gerne hele vejen igennem projektet og s\u00f8rger fo rat b\u00e5de kvaliteten og sikkerheden er i top.<br >\r\n<\/span><br ><span  style=\"font-weight: 400; color: rgb(60, 66, 79);\">\r\nDu kan finde vores kontaktinformationer og \u00e5bningstider under kontakt.\r\n<\/span><br ><span  style=\"font-weight: 400; color: rgb(60, 66, 79);\">Vi ser frem til at hj\u00e6lpe dig godt p\u00e5 vej!<\/span><\/p><\/div> <\/div><\/div> <\/div>  <\/div> <\/div><\/div>","protected":false},"excerpt":{"rendered":"<p>Allround stillads fra Layher Allround stillads er vores mest anvendte stilladstype, da den kan anvendes til langt de fleste stilladsopgaver. Rossetsystemet fra Layher g\u00f8r det muligt at bygge selv de mest komplekse stilladskonstruktioner. Denne type er dermed ogs\u00e5 optimal for os som firma, da den giver os mulighed for at skr\u00e6ddersy vores konstruktioner til hver&hellip; <br \/> <a class=\"read-more\" href=\"https:\/\/stilladser.dk\/index.php\/mesmerize\/stilladstyper\/allround-stillads\/\">L\u00e6s mere<\/a><\/p>\n","protected":false},"author":1,"featured_media":372,"parent":125,"menu_order":2,"comment_status":"closed","ping_status":"closed","template":"pro\/page-templates\/full-width-page.php","meta":{"footnotes":""},"class_list":["post-551","page","type-page","status-publish","has-post-thumbnail","hentry"],"yoast_head":"<!-- This site is optimized with the Yoast SEO plugin v26.8 - https:\/\/yoast.com\/product\/yoast-seo-wordpress\/ -->\n<title>ALLROUND STILLADS - MARS Stilladser A\/S<\/title>\n<meta name=\"description\" content=\"Allround stillads kan anvendes til langt de fleste stilladsopgaver grundet det fleksible rossetsystemet fra Layher.\" \/>\n<meta name=\"robots\" content=\"index, follow, max-snippet:-1, max-image-preview:large, max-video-preview:-1\" \/>\n<link rel=\"canonical\" href=\"https:\/\/stilladser.dk\/index.php\/mesmerize\/stilladstyper\/allround-stillads\/\" \/>\n<meta property=\"og:locale\" content=\"da_DK\" \/>\n<meta property=\"og:type\" content=\"article\" \/>\n<meta property=\"og:title\" content=\"ALLROUND STILLADS - MARS Stilladser A\/S\" \/>\n<meta property=\"og:description\" content=\"Allround stillads kan anvendes til langt de fleste stilladsopgaver grundet det fleksible rossetsystemet fra Layher.\" \/>\n<meta property=\"og:url\" content=\"https:\/\/stilladser.dk\/index.php\/mesmerize\/stilladstyper\/allround-stillads\/\" \/>\n<meta property=\"og:site_name\" content=\"MARS Stilladser A\/S\" \/>\n<meta property=\"article:modified_time\" content=\"2023-11-07T09:15:24+00:00\" \/>\n<meta property=\"og:image\" content=\"https:\/\/stilladser.dk\/wp-content\/uploads\/2023\/10\/cropped-IMG_6614-rotated-1.jpg\" \/>\n\t<meta property=\"og:image:width\" content=\"1460\" \/>\n\t<meta property=\"og:image:height\" content=\"2016\" \/>\n\t<meta property=\"og:image:type\" content=\"image\/jpeg\" \/>\n<meta name=\"twitter:card\" content=\"summary_large_image\" \/>\n<meta name=\"twitter:label1\" content=\"Estimeret l\u00e6setid\" \/>\n\t<meta name=\"twitter:data1\" content=\"2 minutter\" \/>\n<script type=\"application\/ld+json\" class=\"yoast-schema-graph\">{\"@context\":\"https:\/\/schema.org\",\"@graph\":[{\"@type\":\"WebPage\",\"@id\":\"https:\/\/stilladser.dk\/index.php\/mesmerize\/stilladstyper\/allround-stillads\/\",\"url\":\"https:\/\/stilladser.dk\/index.php\/mesmerize\/stilladstyper\/allround-stillads\/\",\"name\":\"ALLROUND STILLADS - MARS Stilladser A\/S\",\"isPartOf\":{\"@id\":\"https:\/\/stilladser.dk\/#website\"},\"primaryImageOfPage\":{\"@id\":\"https:\/\/stilladser.dk\/index.php\/mesmerize\/stilladstyper\/allround-stillads\/#primaryimage\"},\"image\":{\"@id\":\"https:\/\/stilladser.dk\/index.php\/mesmerize\/stilladstyper\/allround-stillads\/#primaryimage\"},\"thumbnailUrl\":\"https:\/\/stilladser.dk\/wp-content\/uploads\/2023\/10\/cropped-IMG_6614-rotated-1.jpg\",\"datePublished\":\"2023-10-19T13:40:27+00:00\",\"dateModified\":\"2023-11-07T09:15:24+00:00\",\"description\":\"Allround stillads kan anvendes til langt de fleste stilladsopgaver grundet det fleksible rossetsystemet fra Layher.\",\"breadcrumb\":{\"@id\":\"https:\/\/stilladser.dk\/index.php\/mesmerize\/stilladstyper\/allround-stillads\/#breadcrumb\"},\"inLanguage\":\"da-DK\",\"potentialAction\":[{\"@type\":\"ReadAction\",\"target\":[\"https:\/\/stilladser.dk\/index.php\/mesmerize\/stilladstyper\/allround-stillads\/\"]}]},{\"@type\":\"ImageObject\",\"inLanguage\":\"da-DK\",\"@id\":\"https:\/\/stilladser.dk\/index.php\/mesmerize\/stilladstyper\/allround-stillads\/#primaryimage\",\"url\":\"https:\/\/stilladser.dk\/wp-content\/uploads\/2023\/10\/cropped-IMG_6614-rotated-1.jpg\",\"contentUrl\":\"https:\/\/stilladser.dk\/wp-content\/uploads\/2023\/10\/cropped-IMG_6614-rotated-1.jpg\",\"width\":1460,\"height\":2016},{\"@type\":\"BreadcrumbList\",\"@id\":\"https:\/\/stilladser.dk\/index.php\/mesmerize\/stilladstyper\/allround-stillads\/#breadcrumb\",\"itemListElement\":[{\"@type\":\"ListItem\",\"position\":1,\"name\":\"Home\",\"item\":\"https:\/\/stilladser.dk\/\"},{\"@type\":\"ListItem\",\"position\":2,\"name\":\"MARS Stilladser A\/S\",\"item\":\"https:\/\/stilladser.dk\/\"},{\"@type\":\"ListItem\",\"position\":3,\"name\":\"STILLADSTYPER\",\"item\":\"https:\/\/stilladser.dk\/index.php\/mesmerize\/stilladstyper\/\"},{\"@type\":\"ListItem\",\"position\":4,\"name\":\"ALLROUND STILLADS\"}]},{\"@type\":\"WebSite\",\"@id\":\"https:\/\/stilladser.dk\/#website\",\"url\":\"https:\/\/stilladser.dk\/\",\"name\":\"MARS Stilladser A\/S\",\"description\":\"Vi har gennem tiden udf\u00f8rt mange sp\u00e6ndende og varierende stilladsopgaver. Om det er allround stillads, overd\u00e6kninger eller specialopgaver, s\u00e5 kan vi klare det langt det meste! Herunder ses et udpluk af de stilladscases vi tidligere har l\u00f8st. S\u00e5 st\u00e5r I og mangler et stillads til jeres n\u00e6ste projekt, s\u00e5 har vi helt sikkert den helt rigtige l\u00f8sning til jer.\",\"publisher\":{\"@id\":\"https:\/\/stilladser.dk\/#organization\"},\"potentialAction\":[{\"@type\":\"SearchAction\",\"target\":{\"@type\":\"EntryPoint\",\"urlTemplate\":\"https:\/\/stilladser.dk\/?s={search_term_string}\"},\"query-input\":{\"@type\":\"PropertyValueSpecification\",\"valueRequired\":true,\"valueName\":\"search_term_string\"}}],\"inLanguage\":\"da-DK\"},{\"@type\":\"Organization\",\"@id\":\"https:\/\/stilladser.dk\/#organization\",\"name\":\"MARS Stilladser A\/S\",\"url\":\"https:\/\/stilladser.dk\/\",\"logo\":{\"@type\":\"ImageObject\",\"inLanguage\":\"da-DK\",\"@id\":\"https:\/\/stilladser.dk\/#\/schema\/logo\/image\/\",\"url\":\"https:\/\/stilladser.dk\/wp-content\/uploads\/2023\/10\/Mars_Stillads_logo-kopi-5.gif\",\"contentUrl\":\"https:\/\/stilladser.dk\/wp-content\/uploads\/2023\/10\/Mars_Stillads_logo-kopi-5.gif\",\"width\":150,\"height\":42,\"caption\":\"MARS Stilladser A\/S\"},\"image\":{\"@id\":\"https:\/\/stilladser.dk\/#\/schema\/logo\/image\/\"}}]}<\/script>\n<!-- \/ Yoast SEO plugin. -->","yoast_head_json":{"title":"ALLROUND STILLADS - MARS Stilladser A\/S","description":"Allround stillads kan anvendes til langt de fleste stilladsopgaver grundet det fleksible rossetsystemet fra Layher.","robots":{"index":"index","follow":"follow","max-snippet":"max-snippet:-1","max-image-preview":"max-image-preview:large","max-video-preview":"max-video-preview:-1"},"canonical":"https:\/\/stilladser.dk\/index.php\/mesmerize\/stilladstyper\/allround-stillads\/","og_locale":"da_DK","og_type":"article","og_title":"ALLROUND STILLADS - MARS Stilladser A\/S","og_description":"Allround stillads kan anvendes til langt de fleste stilladsopgaver grundet det fleksible rossetsystemet fra Layher.","og_url":"https:\/\/stilladser.dk\/index.php\/mesmerize\/stilladstyper\/allround-stillads\/","og_site_name":"MARS Stilladser A\/S","article_modified_time":"2023-11-07T09:15:24+00:00","og_image":[{"width":1460,"height":2016,"url":"https:\/\/stilladser.dk\/wp-content\/uploads\/2023\/10\/cropped-IMG_6614-rotated-1.jpg","type":"image\/jpeg"}],"twitter_card":"summary_large_image","twitter_misc":{"Estimeret l\u00e6setid":"2 minutter"},"schema":{"@context":"https:\/\/schema.org","@graph":[{"@type":"WebPage","@id":"https:\/\/stilladser.dk\/index.php\/mesmerize\/stilladstyper\/allround-stillads\/","url":"https:\/\/stilladser.dk\/index.php\/mesmerize\/stilladstyper\/allround-stillads\/","name":"ALLROUND STILLADS - MARS Stilladser A\/S","isPartOf":{"@id":"https:\/\/stilladser.dk\/#website"},"primaryImageOfPage":{"@id":"https:\/\/stilladser.dk\/index.php\/mesmerize\/stilladstyper\/allround-stillads\/#primaryimage"},"image":{"@id":"https:\/\/stilladser.dk\/index.php\/mesmerize\/stilladstyper\/allround-stillads\/#primaryimage"},"thumbnailUrl":"https:\/\/stilladser.dk\/wp-content\/uploads\/2023\/10\/cropped-IMG_6614-rotated-1.jpg","datePublished":"2023-10-19T13:40:27+00:00","dateModified":"2023-11-07T09:15:24+00:00","description":"Allround stillads kan anvendes til langt de fleste stilladsopgaver grundet det fleksible rossetsystemet fra Layher.","breadcrumb":{"@id":"https:\/\/stilladser.dk\/index.php\/mesmerize\/stilladstyper\/allround-stillads\/#breadcrumb"},"inLanguage":"da-DK","potentialAction":[{"@type":"ReadAction","target":["https:\/\/stilladser.dk\/index.php\/mesmerize\/stilladstyper\/allround-stillads\/"]}]},{"@type":"ImageObject","inLanguage":"da-DK","@id":"https:\/\/stilladser.dk\/index.php\/mesmerize\/stilladstyper\/allround-stillads\/#primaryimage","url":"https:\/\/stilladser.dk\/wp-content\/uploads\/2023\/10\/cropped-IMG_6614-rotated-1.jpg","contentUrl":"https:\/\/stilladser.dk\/wp-content\/uploads\/2023\/10\/cropped-IMG_6614-rotated-1.jpg","width":1460,"height":2016},{"@type":"BreadcrumbList","@id":"https:\/\/stilladser.dk\/index.php\/mesmerize\/stilladstyper\/allround-stillads\/#breadcrumb","itemListElement":[{"@type":"ListItem","position":1,"name":"Home","item":"https:\/\/stilladser.dk\/"},{"@type":"ListItem","position":2,"name":"MARS Stilladser A\/S","item":"https:\/\/stilladser.dk\/"},{"@type":"ListItem","position":3,"name":"STILLADSTYPER","item":"https:\/\/stilladser.dk\/index.php\/mesmerize\/stilladstyper\/"},{"@type":"ListItem","position":4,"name":"ALLROUND STILLADS"}]},{"@type":"WebSite","@id":"https:\/\/stilladser.dk\/#website","url":"https:\/\/stilladser.dk\/","name":"MARS Stilladser A\/S","description":"Vi har gennem tiden udf\u00f8rt mange sp\u00e6ndende og varierende stilladsopgaver. Om det er allround stillads, overd\u00e6kninger eller specialopgaver, s\u00e5 kan vi klare det langt det meste! Herunder ses et udpluk af de stilladscases vi tidligere har l\u00f8st. S\u00e5 st\u00e5r I og mangler et stillads til jeres n\u00e6ste projekt, s\u00e5 har vi helt sikkert den helt rigtige l\u00f8sning til jer.","publisher":{"@id":"https:\/\/stilladser.dk\/#organization"},"potentialAction":[{"@type":"SearchAction","target":{"@type":"EntryPoint","urlTemplate":"https:\/\/stilladser.dk\/?s={search_term_string}"},"query-input":{"@type":"PropertyValueSpecification","valueRequired":true,"valueName":"search_term_string"}}],"inLanguage":"da-DK"},{"@type":"Organization","@id":"https:\/\/stilladser.dk\/#organization","name":"MARS Stilladser A\/S","url":"https:\/\/stilladser.dk\/","logo":{"@type":"ImageObject","inLanguage":"da-DK","@id":"https:\/\/stilladser.dk\/#\/schema\/logo\/image\/","url":"https:\/\/stilladser.dk\/wp-content\/uploads\/2023\/10\/Mars_Stillads_logo-kopi-5.gif","contentUrl":"https:\/\/stilladser.dk\/wp-content\/uploads\/2023\/10\/Mars_Stillads_logo-kopi-5.gif","width":150,"height":42,"caption":"MARS Stilladser A\/S"},"image":{"@id":"https:\/\/stilladser.dk\/#\/schema\/logo\/image\/"}}]}},"_links":{"self":[{"href":"https:\/\/stilladser.dk\/index.php\/wp-json\/wp\/v2\/pages\/551","targetHints":{"allow":["GET"]}}],"collection":[{"href":"https:\/\/stilladser.dk\/index.php\/wp-json\/wp\/v2\/pages"}],"about":[{"href":"https:\/\/stilladser.dk\/index.php\/wp-json\/wp\/v2\/types\/page"}],"author":[{"embeddable":true,"href":"https:\/\/stilladser.dk\/index.php\/wp-json\/wp\/v2\/users\/1"}],"replies":[{"embeddable":true,"href":"https:\/\/stilladser.dk\/index.php\/wp-json\/wp\/v2\/comments?post=551"}],"version-history":[{"count":13,"href":"https:\/\/stilladser.dk\/index.php\/wp-json\/wp\/v2\/pages\/551\/revisions"}],"predecessor-version":[{"id":1060,"href":"https:\/\/stilladser.dk\/index.php\/wp-json\/wp\/v2\/pages\/551\/revisions\/1060"}],"up":[{"embeddable":true,"href":"https:\/\/stilladser.dk\/index.php\/wp-json\/wp\/v2\/pages\/125"}],"wp:featuredmedia":[{"embeddable":true,"href":"https:\/\/stilladser.dk\/index.php\/wp-json\/wp\/v2\/media\/372"}],"wp:attachment":[{"href":"https:\/\/stilladser.dk\/index.php\/wp-json\/wp\/v2\/media?parent=551"}],"curies":[{"name":"wp","href":"https:\/\/api.w.org\/{rel}","templated":true}]}}