{"id":557,"date":"2023-10-20T12:13:31","date_gmt":"2023-10-20T12:13:31","guid":{"rendered":"https:\/\/stilladser.dk\/?page_id=557"},"modified":"2023-11-06T12:06:34","modified_gmt":"2023-11-06T12:06:34","slug":"stillads-til-specialopgaver","status":"publish","type":"page","link":"https:\/\/stilladser.dk\/index.php\/mesmerize\/stilladstyper\/stillads-til-specialopgaver\/","title":{"rendered":"STILLADS TIL SPECIALOPGAVER"},"content":{"rendered":"<div  data-label=\"About\" data-id=\"about--1\" data-export-id=\"about-4\" data-category=\"about\" class=\"about-4 content-section content-section-spacing\" id=\"about-1\" style=\"background-color: rgb(255, 255, 255);\"><div  class=\"gridContainer\"> <div  class=\"row middle-sm text-center\"><div  class=\"col-sm-5 space-bottom-xs\" data-type=\"column\"> <h5  class=\"\">Stilladser i mange afskygninger<\/h5> <h2  class=\"\">Specialopgaver<\/h2> <p  class=\"\">Hos MARS Stilladser A\/S tilbyder vi ogs\u00e5 stillads til specialopgaver. Vi har bred erfaring med komplekse og kreative stilladskonstruktioner som er udenfor normalen. Gennem vores mange \u00e5r i stilladsbranchen har vi erhvervet os en&nbsp;bred ekspertise med alt fra renoveringer af mindev\u00e6rdige bygninger til stillads brugt til diverse kunstv\u00e6rker. Det er altid vigtigt for os at levere et produkt hvor sikkerheden er i top. Dette g\u00e6lder b\u00e5de for vores projekter indenfor byggeriet og for vores konstruktioner til kunstv\u00e6rker eller events. Vi r\u00e5dgiver gerne omkring tilladelser til opstilling og s\u00f8rger for at alle krav er opfyldt ved ops\u00e6tning.<\/p> <\/div> <div  class=\"col-sm-7 flexbox center-xs middle-xs image-group-2-img\"> <img  decoding=\"async\" class=\"img-1 shadow-large\" data-size=\"250x200\" src=\"https:\/\/stilladser.dk\/wp-content\/uploads\/2023\/10\/cropped-cropped-cropped-cropped-IMG_7431-rotated-2.jpg\" title=\"IMG_7431\" alt=\"\"> <img  decoding=\"async\" class=\"img-2 shadow-large\" data-size=\"220x170\" src=\"https:\/\/stilladser.dk\/wp-content\/uploads\/2023\/10\/cropped-cropped-20230823094835456_1000-1.jpg\" title=\"cropped-cropped-20230823094835456_1000-1.jpg\" alt=\"\"><\/div> <\/div><\/div> <\/div><div  data-label=\"About\" data-id=\"about--3\" data-export-id=\"about-image-text\" data-category=\"about\" class=\"about-image-text content-section content-section-spacing white-text\" id=\"about-3\" style=\"background-color: rgb(255, 255, 255);\"><div  class=\"gridContainer\"> <div  class=\"row\"><div  class=\"col-sm-6 flexbox-strech center-xs middle-xs no-gutter-col\"> <div  class=\"shadow-large overlap-right-large flexbox middle-xs center-xs left-img\" data-bg=\"image\" style=\"background-image: url(&quot;https:\/\/stilladser.dk\/wp-content\/uploads\/2023\/10\/cropped-cropped-cropped-Design-uden-navn-20.png&quot;);\"><\/div><\/div> <div  class=\"col-sm-6 space-bottom-xs col-padding-small-xs col-sm-padding-large bg-color5 white-text content-col\" data-type=\"column\"><h5  class=\"\"><span  style=\"font-weight: 700;\">Brug af 3D modeller til komplekse konstruktioner<\/span><span  id=\"_mce_caret\" data-mce-bogus=\"1\" data-mce-type=\"format-caret\"><span  style=\"font-weight: 700;\">\ufeff<\/span><\/span><\/h5>  <p  class=\"\">Til vores mere komplekse stilladsopgaver benytter vi Layhers 3D model system. Dette redskab er optimalt til planl\u00e6gning af stillads til specialopgaver, da det g\u00f8r det muligt at forberede detaljerede plantegninger over stilladser p\u00e5 selv de mest krogede konstruktioner. P\u00e5 den m\u00e5de kan vi sikre at vores konstruktioner lever op til alle sikkerhedsm\u00e6ssige krav. Det optimerer ogs\u00e5 tilbudsprocessen og skaber det bedst mulige resultat for vores kunder.<\/p><\/div> <\/div><\/div> <\/div><div  data-label=\"Cta\" data-id=\"cta--1\" data-export-id=\"cta-centered-section-grid\" data-category=\"cta\" class=\"cta-centered-section-grid content-section content-section-spacing-medium bg-color1 white-text\" id=\"cta-1\" style=\"background-image: none; background-color: rgb(251, 251, 251);\"><div  class=\"gridContainer\"> <div  class=\"row text-center\"><div  class=\"col-xs-12 col-sm-10 col-sm-offset-1 col-md-8 col-md-offset-2\" data-type=\"column\"> <h2  class=\"\"><span  style=\"color: rgb(23, 46, 103);\">Skal vi hj\u00e6lpe med dit n\u00e6ste specialprojekt?<\/span><\/h2> <p  class=\"\"><span  style=\"color: rgb(0, 0, 0);\">St\u00e5r du med et fremtidigt stilladsprojekt som kr\u00e6ver en mere kreativ og kompleks l\u00f8sning, s\u00e5 tag endelig fat i os. Vi kan klare langt det meste og har en bred erfaring med stillads til specialopgaver. Har du sp\u00f8rgsm\u00e5l omkring en kommende opgave, s\u00e5 er du selvf\u00f8lgelig altid velkommen til at <a data-mce-href=\"..\/..\/kontakt\/\" href=\"https:\/\/stilladser.dk\/index.php\/mesmerize\/kontakt\" target=\"_blank\" rel=\"noopener\" data-mce-selected=\"inline-boundary\" data-cp-link=\"1\">kontakte os<\/a>. Vi r\u00e5dgiver og er med dig hele vejen fra ide generering til eksekvering, for at sikre den bedste og sikreste l\u00f8sning til dit projekt. Vi r\u00e5dgiver ogs\u00e5 gerne omkring krav til tilladselser for lige netop din type projekt. Med vores fleksible stilladssystem fra Layher kan vi lave skr\u00e6ddersyede l\u00f8sninger til den selv de mest komplekse opgaver uden at g\u00e5 p\u00e5 kompromis med sikkerheden og funktionaliteten.&nbsp;&nbsp;<\/span><\/p> <a class=\"button color7 white-text\" href=\"https:\/\/stilladser.dk\/index.php\/mesmerize\/kontakt\" target=\"_blank\" data-cp-link=\"1\" data-icon=\"\" rel=\"noopener\">KONTAKT<\/a><\/div> <\/div><\/div> <\/div>","protected":false},"excerpt":{"rendered":"<p>Stilladser i mange afskygninger Specialopgaver Hos MARS Stilladser A\/S tilbyder vi ogs\u00e5 stillads til specialopgaver. Vi har bred erfaring med komplekse og kreative stilladskonstruktioner som er udenfor normalen. Gennem vores mange \u00e5r i stilladsbranchen har vi erhvervet os en&nbsp;bred ekspertise med alt fra renoveringer af mindev\u00e6rdige bygninger til stillads brugt til diverse kunstv\u00e6rker. Det er&hellip; <br \/> <a class=\"read-more\" href=\"https:\/\/stilladser.dk\/index.php\/mesmerize\/stilladstyper\/stillads-til-specialopgaver\/\">L\u00e6s mere<\/a><\/p>\n","protected":false},"author":1,"featured_media":362,"parent":125,"menu_order":5,"comment_status":"closed","ping_status":"closed","template":"pro\/page-templates\/full-width-page.php","meta":{"footnotes":""},"class_list":["post-557","page","type-page","status-publish","has-post-thumbnail","hentry"],"yoast_head":"<!-- This site is optimized with the Yoast SEO plugin v26.8 - https:\/\/yoast.com\/product\/yoast-seo-wordpress\/ -->\n<title>STILLADS TIL SPECIALOPGAVER - MARS Stilladser A\/S<\/title>\n<meta name=\"description\" content=\"Hos MARS Stilladser A\/S tilbyder vi ogs\u00e5 stillads til specialopgaver for mere kreative og komplekse projekter der er udenfor normalen.\" \/>\n<meta name=\"robots\" content=\"index, follow, max-snippet:-1, max-image-preview:large, max-video-preview:-1\" \/>\n<link rel=\"canonical\" href=\"https:\/\/stilladser.dk\/index.php\/mesmerize\/stilladstyper\/stillads-til-specialopgaver\/\" \/>\n<meta property=\"og:locale\" content=\"da_DK\" \/>\n<meta property=\"og:type\" content=\"article\" \/>\n<meta property=\"og:title\" content=\"STILLADS TIL SPECIALOPGAVER - MARS Stilladser A\/S\" \/>\n<meta property=\"og:description\" content=\"Hos MARS Stilladser A\/S tilbyder vi ogs\u00e5 stillads til specialopgaver for mere kreative og komplekse projekter der er udenfor normalen.\" \/>\n<meta property=\"og:url\" content=\"https:\/\/stilladser.dk\/index.php\/mesmerize\/stilladstyper\/stillads-til-specialopgaver\/\" \/>\n<meta property=\"og:site_name\" content=\"MARS Stilladser A\/S\" \/>\n<meta property=\"article:modified_time\" content=\"2023-11-06T12:06:34+00:00\" \/>\n<meta property=\"og:image\" content=\"https:\/\/stilladser.dk\/wp-content\/uploads\/2023\/10\/cropped-IMG_3477-e1698406874728.jpg\" \/>\n\t<meta property=\"og:image:width\" content=\"1138\" \/>\n\t<meta property=\"og:image:height\" content=\"675\" \/>\n\t<meta property=\"og:image:type\" content=\"image\/jpeg\" \/>\n<meta name=\"twitter:card\" content=\"summary_large_image\" \/>\n<meta name=\"twitter:label1\" content=\"Estimeret l\u00e6setid\" \/>\n\t<meta name=\"twitter:data1\" content=\"3 minutter\" \/>\n<script type=\"application\/ld+json\" class=\"yoast-schema-graph\">{\"@context\":\"https:\/\/schema.org\",\"@graph\":[{\"@type\":\"WebPage\",\"@id\":\"https:\/\/stilladser.dk\/index.php\/mesmerize\/stilladstyper\/stillads-til-specialopgaver\/\",\"url\":\"https:\/\/stilladser.dk\/index.php\/mesmerize\/stilladstyper\/stillads-til-specialopgaver\/\",\"name\":\"STILLADS TIL SPECIALOPGAVER - MARS Stilladser A\/S\",\"isPartOf\":{\"@id\":\"https:\/\/stilladser.dk\/#website\"},\"primaryImageOfPage\":{\"@id\":\"https:\/\/stilladser.dk\/index.php\/mesmerize\/stilladstyper\/stillads-til-specialopgaver\/#primaryimage\"},\"image\":{\"@id\":\"https:\/\/stilladser.dk\/index.php\/mesmerize\/stilladstyper\/stillads-til-specialopgaver\/#primaryimage\"},\"thumbnailUrl\":\"https:\/\/stilladser.dk\/wp-content\/uploads\/2023\/10\/cropped-IMG_3477-e1698406874728.jpg\",\"datePublished\":\"2023-10-20T12:13:31+00:00\",\"dateModified\":\"2023-11-06T12:06:34+00:00\",\"description\":\"Hos MARS Stilladser A\/S tilbyder vi ogs\u00e5 stillads til specialopgaver for mere kreative og komplekse projekter der er udenfor normalen.\",\"breadcrumb\":{\"@id\":\"https:\/\/stilladser.dk\/index.php\/mesmerize\/stilladstyper\/stillads-til-specialopgaver\/#breadcrumb\"},\"inLanguage\":\"da-DK\",\"potentialAction\":[{\"@type\":\"ReadAction\",\"target\":[\"https:\/\/stilladser.dk\/index.php\/mesmerize\/stilladstyper\/stillads-til-specialopgaver\/\"]}]},{\"@type\":\"ImageObject\",\"inLanguage\":\"da-DK\",\"@id\":\"https:\/\/stilladser.dk\/index.php\/mesmerize\/stilladstyper\/stillads-til-specialopgaver\/#primaryimage\",\"url\":\"https:\/\/stilladser.dk\/wp-content\/uploads\/2023\/10\/cropped-IMG_3477-e1698406874728.jpg\",\"contentUrl\":\"https:\/\/stilladser.dk\/wp-content\/uploads\/2023\/10\/cropped-IMG_3477-e1698406874728.jpg\",\"width\":1138,\"height\":675},{\"@type\":\"BreadcrumbList\",\"@id\":\"https:\/\/stilladser.dk\/index.php\/mesmerize\/stilladstyper\/stillads-til-specialopgaver\/#breadcrumb\",\"itemListElement\":[{\"@type\":\"ListItem\",\"position\":1,\"name\":\"Home\",\"item\":\"https:\/\/stilladser.dk\/\"},{\"@type\":\"ListItem\",\"position\":2,\"name\":\"MARS Stilladser A\/S\",\"item\":\"https:\/\/stilladser.dk\/\"},{\"@type\":\"ListItem\",\"position\":3,\"name\":\"STILLADSTYPER\",\"item\":\"https:\/\/stilladser.dk\/index.php\/mesmerize\/stilladstyper\/\"},{\"@type\":\"ListItem\",\"position\":4,\"name\":\"STILLADS TIL SPECIALOPGAVER\"}]},{\"@type\":\"WebSite\",\"@id\":\"https:\/\/stilladser.dk\/#website\",\"url\":\"https:\/\/stilladser.dk\/\",\"name\":\"MARS Stilladser A\/S\",\"description\":\"Vi har gennem tiden udf\u00f8rt mange sp\u00e6ndende og varierende stilladsopgaver. Om det er allround stillads, overd\u00e6kninger eller specialopgaver, s\u00e5 kan vi klare det langt det meste! Herunder ses et udpluk af de stilladscases vi tidligere har l\u00f8st. S\u00e5 st\u00e5r I og mangler et stillads til jeres n\u00e6ste projekt, s\u00e5 har vi helt sikkert den helt rigtige l\u00f8sning til jer.\",\"publisher\":{\"@id\":\"https:\/\/stilladser.dk\/#organization\"},\"potentialAction\":[{\"@type\":\"SearchAction\",\"target\":{\"@type\":\"EntryPoint\",\"urlTemplate\":\"https:\/\/stilladser.dk\/?s={search_term_string}\"},\"query-input\":{\"@type\":\"PropertyValueSpecification\",\"valueRequired\":true,\"valueName\":\"search_term_string\"}}],\"inLanguage\":\"da-DK\"},{\"@type\":\"Organization\",\"@id\":\"https:\/\/stilladser.dk\/#organization\",\"name\":\"MARS Stilladser A\/S\",\"url\":\"https:\/\/stilladser.dk\/\",\"logo\":{\"@type\":\"ImageObject\",\"inLanguage\":\"da-DK\",\"@id\":\"https:\/\/stilladser.dk\/#\/schema\/logo\/image\/\",\"url\":\"https:\/\/stilladser.dk\/wp-content\/uploads\/2023\/10\/Mars_Stillads_logo-kopi-5.gif\",\"contentUrl\":\"https:\/\/stilladser.dk\/wp-content\/uploads\/2023\/10\/Mars_Stillads_logo-kopi-5.gif\",\"width\":150,\"height\":42,\"caption\":\"MARS Stilladser A\/S\"},\"image\":{\"@id\":\"https:\/\/stilladser.dk\/#\/schema\/logo\/image\/\"}}]}<\/script>\n<!-- \/ Yoast SEO plugin. -->","yoast_head_json":{"title":"STILLADS TIL SPECIALOPGAVER - MARS Stilladser A\/S","description":"Hos MARS Stilladser A\/S tilbyder vi ogs\u00e5 stillads til specialopgaver for mere kreative og komplekse projekter der er udenfor normalen.","robots":{"index":"index","follow":"follow","max-snippet":"max-snippet:-1","max-image-preview":"max-image-preview:large","max-video-preview":"max-video-preview:-1"},"canonical":"https:\/\/stilladser.dk\/index.php\/mesmerize\/stilladstyper\/stillads-til-specialopgaver\/","og_locale":"da_DK","og_type":"article","og_title":"STILLADS TIL SPECIALOPGAVER - MARS Stilladser A\/S","og_description":"Hos MARS Stilladser A\/S tilbyder vi ogs\u00e5 stillads til specialopgaver for mere kreative og komplekse projekter der er udenfor normalen.","og_url":"https:\/\/stilladser.dk\/index.php\/mesmerize\/stilladstyper\/stillads-til-specialopgaver\/","og_site_name":"MARS Stilladser A\/S","article_modified_time":"2023-11-06T12:06:34+00:00","og_image":[{"width":1138,"height":675,"url":"https:\/\/stilladser.dk\/wp-content\/uploads\/2023\/10\/cropped-IMG_3477-e1698406874728.jpg","type":"image\/jpeg"}],"twitter_card":"summary_large_image","twitter_misc":{"Estimeret l\u00e6setid":"3 minutter"},"schema":{"@context":"https:\/\/schema.org","@graph":[{"@type":"WebPage","@id":"https:\/\/stilladser.dk\/index.php\/mesmerize\/stilladstyper\/stillads-til-specialopgaver\/","url":"https:\/\/stilladser.dk\/index.php\/mesmerize\/stilladstyper\/stillads-til-specialopgaver\/","name":"STILLADS TIL SPECIALOPGAVER - MARS Stilladser A\/S","isPartOf":{"@id":"https:\/\/stilladser.dk\/#website"},"primaryImageOfPage":{"@id":"https:\/\/stilladser.dk\/index.php\/mesmerize\/stilladstyper\/stillads-til-specialopgaver\/#primaryimage"},"image":{"@id":"https:\/\/stilladser.dk\/index.php\/mesmerize\/stilladstyper\/stillads-til-specialopgaver\/#primaryimage"},"thumbnailUrl":"https:\/\/stilladser.dk\/wp-content\/uploads\/2023\/10\/cropped-IMG_3477-e1698406874728.jpg","datePublished":"2023-10-20T12:13:31+00:00","dateModified":"2023-11-06T12:06:34+00:00","description":"Hos MARS Stilladser A\/S tilbyder vi ogs\u00e5 stillads til specialopgaver for mere kreative og komplekse projekter der er udenfor normalen.","breadcrumb":{"@id":"https:\/\/stilladser.dk\/index.php\/mesmerize\/stilladstyper\/stillads-til-specialopgaver\/#breadcrumb"},"inLanguage":"da-DK","potentialAction":[{"@type":"ReadAction","target":["https:\/\/stilladser.dk\/index.php\/mesmerize\/stilladstyper\/stillads-til-specialopgaver\/"]}]},{"@type":"ImageObject","inLanguage":"da-DK","@id":"https:\/\/stilladser.dk\/index.php\/mesmerize\/stilladstyper\/stillads-til-specialopgaver\/#primaryimage","url":"https:\/\/stilladser.dk\/wp-content\/uploads\/2023\/10\/cropped-IMG_3477-e1698406874728.jpg","contentUrl":"https:\/\/stilladser.dk\/wp-content\/uploads\/2023\/10\/cropped-IMG_3477-e1698406874728.jpg","width":1138,"height":675},{"@type":"BreadcrumbList","@id":"https:\/\/stilladser.dk\/index.php\/mesmerize\/stilladstyper\/stillads-til-specialopgaver\/#breadcrumb","itemListElement":[{"@type":"ListItem","position":1,"name":"Home","item":"https:\/\/stilladser.dk\/"},{"@type":"ListItem","position":2,"name":"MARS Stilladser A\/S","item":"https:\/\/stilladser.dk\/"},{"@type":"ListItem","position":3,"name":"STILLADSTYPER","item":"https:\/\/stilladser.dk\/index.php\/mesmerize\/stilladstyper\/"},{"@type":"ListItem","position":4,"name":"STILLADS TIL SPECIALOPGAVER"}]},{"@type":"WebSite","@id":"https:\/\/stilladser.dk\/#website","url":"https:\/\/stilladser.dk\/","name":"MARS Stilladser A\/S","description":"Vi har gennem tiden udf\u00f8rt mange sp\u00e6ndende og varierende stilladsopgaver. Om det er allround stillads, overd\u00e6kninger eller specialopgaver, s\u00e5 kan vi klare det langt det meste! Herunder ses et udpluk af de stilladscases vi tidligere har l\u00f8st. S\u00e5 st\u00e5r I og mangler et stillads til jeres n\u00e6ste projekt, s\u00e5 har vi helt sikkert den helt rigtige l\u00f8sning til jer.","publisher":{"@id":"https:\/\/stilladser.dk\/#organization"},"potentialAction":[{"@type":"SearchAction","target":{"@type":"EntryPoint","urlTemplate":"https:\/\/stilladser.dk\/?s={search_term_string}"},"query-input":{"@type":"PropertyValueSpecification","valueRequired":true,"valueName":"search_term_string"}}],"inLanguage":"da-DK"},{"@type":"Organization","@id":"https:\/\/stilladser.dk\/#organization","name":"MARS Stilladser A\/S","url":"https:\/\/stilladser.dk\/","logo":{"@type":"ImageObject","inLanguage":"da-DK","@id":"https:\/\/stilladser.dk\/#\/schema\/logo\/image\/","url":"https:\/\/stilladser.dk\/wp-content\/uploads\/2023\/10\/Mars_Stillads_logo-kopi-5.gif","contentUrl":"https:\/\/stilladser.dk\/wp-content\/uploads\/2023\/10\/Mars_Stillads_logo-kopi-5.gif","width":150,"height":42,"caption":"MARS Stilladser A\/S"},"image":{"@id":"https:\/\/stilladser.dk\/#\/schema\/logo\/image\/"}}]}},"_links":{"self":[{"href":"https:\/\/stilladser.dk\/index.php\/wp-json\/wp\/v2\/pages\/557","targetHints":{"allow":["GET"]}}],"collection":[{"href":"https:\/\/stilladser.dk\/index.php\/wp-json\/wp\/v2\/pages"}],"about":[{"href":"https:\/\/stilladser.dk\/index.php\/wp-json\/wp\/v2\/types\/page"}],"author":[{"embeddable":true,"href":"https:\/\/stilladser.dk\/index.php\/wp-json\/wp\/v2\/users\/1"}],"replies":[{"embeddable":true,"href":"https:\/\/stilladser.dk\/index.php\/wp-json\/wp\/v2\/comments?post=557"}],"version-history":[{"count":8,"href":"https:\/\/stilladser.dk\/index.php\/wp-json\/wp\/v2\/pages\/557\/revisions"}],"predecessor-version":[{"id":1032,"href":"https:\/\/stilladser.dk\/index.php\/wp-json\/wp\/v2\/pages\/557\/revisions\/1032"}],"up":[{"embeddable":true,"href":"https:\/\/stilladser.dk\/index.php\/wp-json\/wp\/v2\/pages\/125"}],"wp:featuredmedia":[{"embeddable":true,"href":"https:\/\/stilladser.dk\/index.php\/wp-json\/wp\/v2\/media\/362"}],"wp:attachment":[{"href":"https:\/\/stilladser.dk\/index.php\/wp-json\/wp\/v2\/media?parent=557"}],"curies":[{"name":"wp","href":"https:\/\/api.w.org\/{rel}","templated":true}]}}