{"id":956,"date":"2023-11-06T09:01:33","date_gmt":"2023-11-06T09:01:33","guid":{"rendered":"https:\/\/stilladser.dk\/?page_id=956"},"modified":"2023-11-29T10:32:14","modified_gmt":"2023-11-29T10:32:14","slug":"bliv-stilladsmontoer","status":"publish","type":"page","link":"https:\/\/stilladser.dk\/index.php\/mesmerize\/karriere\/bliv-stilladsmontoer\/","title":{"rendered":"BLIV STILLADSMONT\u00d8R"},"content":{"rendered":"<div  data-label=\"About\" data-id=\"about--1\" data-export-id=\"about-9\" data-category=\"about\" class=\"about-9 content-section content-section-spacing\" id=\"about-1\" style=\"background-color: rgb(255, 255, 255);\"><div  class=\"gridContainer\"> <div  class=\"row middle-sm text-center\"><div  class=\"col-sm-5 space-bottom-xs content-column content-right-sm\" data-type=\"column\">  <h2  class=\"\" style=\"text-align: left;\"><span  style=\"font-weight: 300; color: rgb(23, 46, 103);\">En arbejdsplads med fokus p\u00e5 sikkerhed, velv\u00e6re og h\u00f8j faglig kvalitet&nbsp;<\/span><span  id=\"_mce_caret\" data-mce-bogus=\"1\" data-mce-type=\"format-caret\"><span  style=\"font-style: italic;\">\ufeff<\/span><\/span><\/h2> <p  class=\"\" style=\"text-align: left;\"><span  style=\"color: rgb(0, 0, 0);\">Hos MARS Stilladser A\/S bestr\u00e6ber vi os p\u00e5 at skabe en arbejdsplads med plads individualitet og mulighed for st\u00e6rk faglig udvikling. Som stilladsmont\u00f8r hos Mars Stilladser A\/S er du med til at skabe sikre rammer for udviklingen af bybilledet i Aarhus og omegn. Denne opgave udfylder vi ved at transportere, opstille, justere og demontere h\u00f8jkvalitetsstilladser for b\u00e5de industrien og private. Vi g\u00e5r op i kvailitetsarbejde, faglig stolthed og sikkerhed, hvilket vi opn\u00e5r gennem udf\u00f8rlige opstillingsinstrukser, ansvarbevidsthed og l\u00f8bende faglig udvikling af vores medarbejdere. Vores team best\u00e5r af en bred vifte af forskellige aldre og med forskellige niveauer af faglig erfaring, s\u00e5 der er helt sikkert ogs\u00e5 plads til dig. Hvis det lyder interessant, s\u00e5 send os en mail via linket nederst p\u00e5 siden og fort\u00e6l os lidt om dig selv og din faglige baggrund.<\/span><span  id=\"_mce_caret\" data-mce-bogus=\"1\" data-mce-type=\"format-caret\">\ufeff <span  style=\"color: rgb(0, 0, 0);\">Hvis du har sp\u00f8rgsm\u00e5l til jobbet, s\u00e5 er du selvf\u00f8lgelig altid velkommen til at <a data-mce-href=\"..\/..\/kontakt\/\" href=\"https:\/\/stilladser.dk\/index.php\/mesmerize\/kontakt\" target=\"_blank\" rel=\"noopener\" data-mce-selected=\"inline-boundary\" data-cp-link=\"1\">kontakte os<\/a>!<\/span><span  id=\"_mce_caret\" data-mce-bogus=\"1\" data-mce-type=\"format-caret\"><span  style=\"color: rgb(0, 0, 0);\">\ufeff<\/span><\/span><\/span><\/p> <\/div> <div  class=\"col-sm-7 flexbox flexbox middle-xs center-xs space-bottom-xs\"><div  class=\"overlay-box flexbox middle-xs center-xs overlay-holder \"> <div  class=\"overlay-box-offset offset-background shadow-medium bg-color2 hide-xs\"><\/div> <img  decoding=\"async\" class=\"flexbox shadow-large img1\" src=\"https:\/\/stilladser.dk\/wp-content\/uploads\/2023\/10\/cropped-cropped-cropped-cropped-cropped-IMG_7431-rotated-2-1.jpg\" data-size=\"600x400\" title=\"IMG_7431\" alt=\"\"><\/div> <\/div><\/div> <\/div><\/div><div  data-label=\"Features\" data-id=\"features--2\" data-export-id=\"features-12\" data-category=\"features\" class=\"features-12 content-section content-section-spacing \" id=\"features-2\" style=\"background-color: rgb(255, 255, 255);\"><div  class=\"gridContainer\"> <div  class=\"row text-center\"><div  class=\"section-title-col\" data-type=\"column\"> <h2  class=\"\"><span  style=\"color: rgb(23, 46, 103);\">Mere om jobbet som stilladsmont\u00f8r hos MARS Stilladser A\/S<\/span><\/h2> <\/div> <\/div> <div  class=\"row spaced-cols center-sm content-left-sm\" data-type=\"row\"> <div  class=\"col-sm-6\"> <div  class=\"row space-bottom\"> <div  class=\"col-sm-fit icon-column\"> <i  class=\"fa icon fa-cog bordered round small color7\"><\/i> <\/div> <div  class=\"col-sm\" data-type=\"column\"> <h5  class=\"color2\"><span  style=\"color: rgb(23, 46, 103);\">Varierende og udfordrende stilladsopgaver<\/span><\/h5> <\/div> <\/div><\/div> <div  class=\"col-sm-6\"><div  class=\"row space-bottom\"> <div  class=\"col-sm-fit icon-column\"><i  class=\"fa icon fa-cog bordered round small color7\"><\/i><\/div> <div  class=\"col-sm\" data-type=\"column\"><h5  class=\"color2\"><span  style=\"color: rgb(23, 46, 103);\">Stabil og p\u00e5lidelig\r\n<br >l\u00f8nadministration<\/span><\/h5> <\/div> <\/div><\/div> <div  class=\"col-sm-6\"><div  class=\"row space-bottom\"> <div  class=\"col-sm-fit icon-column\"><i  class=\"fa icon fa-cog bordered round small color7\"><\/i><\/div> <div  class=\"col-sm\" data-type=\"column\"><h5  class=\"color2\"><span  style=\"color: rgb(23, 46, 103);\">H\u00f8j kapacitet af stilladssystemer fra Layher.&nbsp;<\/span><\/h5> <\/div> <\/div><\/div> <div  class=\"col-sm-6\"><div  class=\"row space-bottom\"> <div  class=\"col-sm-fit icon-column\"><i  class=\"fa icon fa-cog bordered round small color7\"><\/i><\/div> <div  class=\"col-sm\" data-type=\"column\"><h5  class=\"color2\"><span  style=\"color: rgb(23, 46, 103);\">Mulighed for<br >frihed&nbsp;<\/span><span  style=\"color: rgb(23, 46, 103);\">under ansvar<\/span><\/h5> <\/div> <\/div><\/div> <div  class=\"col-sm-6\"> <div  class=\"row space-bottom\"> <div  class=\"col-sm-fit icon-column\"> <i  class=\"fa icon fa-cog bordered round small color7\"><\/i> <\/div> <div  class=\"col-sm\" data-type=\"column\"> <h5  class=\"color2\"><font  color=\"#172e67\">Retf\u00e6rdig ledelse\r\n<br >af afdelingen<\/font><\/h5> <\/div> <\/div><\/div><div  class=\"col-sm-6\"> <div  class=\"row space-bottom\"> <div  class=\"col-sm-fit icon-column\"> <i  class=\"fa icon fa-cog bordered round small color7\"><\/i> <\/div> <div  class=\"col-sm\" data-type=\"column\"> <h5  class=\"color2\"><span  style=\"color: rgb(23, 46, 103);\">Sociale\r\n<br >arrangementer<\/span><\/h5> <\/div> <\/div><\/div><div  class=\"col-sm-6\"> <div  class=\"row space-bottom\"> <div  class=\"col-sm-fit icon-column\"> <i  class=\"fa icon fa-cog bordered round small color7\"><\/i> <\/div> <div  class=\"col-sm\" data-type=\"column\"> <h5  class=\"color2\"><font  color=\"#172e67\">Godkendt\r\n<br >kvalitetssikkerhedsudstyr<\/font><\/h5> <\/div> <\/div><\/div><div  class=\"col-sm-6\"> <div  class=\"row space-bottom\"> <div  class=\"col-sm-fit icon-column\"> <i  class=\"fa icon fa-cog bordered round small color7\"><\/i> <\/div> <div  class=\"col-sm\" data-type=\"column\"> <h5  class=\"color2\"><font  color=\"#172e67\">L\u00f8bende mulighed for udlevering og udskifting af grej og t\u00f8j efter behov.<\/font><\/h5> <\/div> <\/div><\/div><\/div><\/div> <\/div><div  data-label=\"Cta\" data-id=\"cta--1\" data-export-id=\"cta-centered-section-grid\" data-category=\"cta\" class=\"cta-centered-section-grid content-section content-section-spacing-medium bg-color1 white-text\" id=\"cta-1\" style=\"background-image: none; background-color: rgb(23, 46, 103);\"><div  class=\"gridContainer\"> <div  class=\"row text-center\"><div  class=\"col-xs-12 col-sm-10 col-sm-offset-1 col-md-8 col-md-offset-2\" data-type=\"column\"> <h2  class=\"\"><span  style=\"font-weight: 600;\">Jobs\u00f8gende?<\/span><\/h2> <p  class=\"\">Vi er ofte p\u00e5 udkig efter flere engagerede folk til vores team med lyst til et sp\u00e6ndende og afvekslende job som stilladsmont\u00f8r. S\u00e5 hvis det kunne v\u00e6re noget for dig, s\u00e5 send os en mail hvor du fort\u00e6ller lidt om dig selv og din interesse i faget. Inklud\u00e9r gerne kontaktinfo og lidt om hvad du har lavet tidligere (f.eks. CV med evt. erfaring, kurser, certificeringer og k\u00f8rekort). Har du interessen, men endnu ikke er uddannet, s\u00e5 hold dig ikke tilbage, da vi har uddannet mange dygtige mont\u00f8rer gennem tiden.\r\n<br ><br >\r\nVi gl\u00e6der os til at h\u00f8re fra dig!<\/p> <a class=\"button color8 dark-text\" href=\"mailto:mars@stilladser.dk\" target=\"_blank\" data-cp-link=\"1\" data-icon=\"\" rel=\"noopener\">Send mail<\/a><\/div> <\/div><\/div> <\/div><div data-label=\"Cta\" data-id=\"cta--2\" data-export-id=\"cta-centered-section-grid\" data-category=\"cta\" class=\"cta-centered-section-grid content-section content-section-spacing-medium bg-color1 dark-text\" id=\"cta-2\"  style=\"background-image: none; background-color: rgb(251, 251, 251);\"><div class=\"gridContainer\" > <div class=\"row text-center\" ><div class=\"col-xs-12 col-sm-10 col-sm-offset-1 col-md-8 col-md-offset-2\" data-type=\"column\" > <h2 class=\"\" >Behandling af persondata<\/h2> <p class=\"\" >Ans\u00f8geren giver MARS Stilladser A\/S ret til at behandle de fremsendte personoplysninger med det form\u00e5l at oplysningerne kan indg\u00e5 i en rekrutteringsproces. Oplysningerne bliver opbevaret i overensstemmelse med god databehandlingsskik.\r\n<br ><br >\r\nOplysningerne bliver maksimalt opbevaret i 6 m\u00e5neder, eller til rekrutteringsprocessen er overst\u00e5et, hvorefter de vil blive slettet permanent.<br >\r\nEnhver henvendelse i relation til personoplysninger kan rettes til Klaus Bjerregaard.<br >\r\nAlle oplysninger behandles i fortrolighed.\r\n<br ><br >\r\nAns\u00f8gningerne m\u00e5 ikke indeholde personf\u00f8lsomme oplysninger, i form af oplysninger om seksualitet, fagforeningsm\u00e6ssige tilh\u00f8rsforhold, race, religion, filosofisk overbevisning samt politisk overbevisning.<\/p> <\/div> <\/div><\/div> <\/div>","protected":false},"excerpt":{"rendered":"<p>En arbejdsplads med fokus p\u00e5 sikkerhed, velv\u00e6re og h\u00f8j faglig kvalitet&nbsp;\ufeff Hos MARS Stilladser A\/S bestr\u00e6ber vi os p\u00e5 at skabe en arbejdsplads med plads individualitet og mulighed for st\u00e6rk faglig udvikling. Som stilladsmont\u00f8r hos Mars Stilladser A\/S er du med til at skabe sikre rammer for udviklingen af bybilledet i Aarhus og omegn. Denne&hellip; <br \/> <a class=\"read-more\" href=\"https:\/\/stilladser.dk\/index.php\/mesmerize\/karriere\/bliv-stilladsmontoer\/\">L\u00e6s mere<\/a><\/p>\n","protected":false},"author":1,"featured_media":843,"parent":128,"menu_order":1,"comment_status":"closed","ping_status":"closed","template":"pro\/page-templates\/full-width-page.php","meta":{"footnotes":""},"class_list":["post-956","page","type-page","status-publish","has-post-thumbnail","hentry"],"yoast_head":"<!-- This site is optimized with the Yoast SEO plugin v26.8 - https:\/\/yoast.com\/product\/yoast-seo-wordpress\/ -->\n<title>BLIV STILLADSMONT\u00d8R - MARS Stilladser A\/S<\/title>\n<meta name=\"description\" content=\"Bliv stilladsmont\u00f8r hos Mars Stilladser A\/S. En arbejdsplads med h\u00f8jt fokus p\u00e5 sikkerhed og h\u00f8jt fagligt niveau!\" \/>\n<meta name=\"robots\" content=\"index, follow, max-snippet:-1, max-image-preview:large, max-video-preview:-1\" \/>\n<link rel=\"canonical\" href=\"https:\/\/stilladser.dk\/index.php\/mesmerize\/karriere\/bliv-stilladsmontoer\/\" \/>\n<meta property=\"og:locale\" content=\"da_DK\" \/>\n<meta property=\"og:type\" content=\"article\" \/>\n<meta property=\"og:title\" content=\"BLIV STILLADSMONT\u00d8R - MARS Stilladser A\/S\" \/>\n<meta property=\"og:description\" content=\"Bliv stilladsmont\u00f8r hos Mars Stilladser A\/S. En arbejdsplads med h\u00f8jt fokus p\u00e5 sikkerhed og h\u00f8jt fagligt niveau!\" \/>\n<meta property=\"og:url\" content=\"https:\/\/stilladser.dk\/index.php\/mesmerize\/karriere\/bliv-stilladsmontoer\/\" \/>\n<meta property=\"og:site_name\" content=\"MARS Stilladser A\/S\" \/>\n<meta property=\"article:modified_time\" content=\"2023-11-29T10:32:14+00:00\" \/>\n<meta property=\"og:image\" content=\"https:\/\/stilladser.dk\/wp-content\/uploads\/2023\/10\/cropped-Mars_Stillads_logo-kopi-e1698409719985.png\" \/>\n\t<meta property=\"og:image:width\" content=\"2539\" \/>\n\t<meta property=\"og:image:height\" content=\"1468\" \/>\n\t<meta property=\"og:image:type\" content=\"image\/png\" \/>\n<meta name=\"twitter:card\" content=\"summary_large_image\" \/>\n<meta name=\"twitter:label1\" content=\"Estimeret l\u00e6setid\" \/>\n\t<meta name=\"twitter:data1\" content=\"3 minutter\" \/>\n<script type=\"application\/ld+json\" class=\"yoast-schema-graph\">{\"@context\":\"https:\/\/schema.org\",\"@graph\":[{\"@type\":\"WebPage\",\"@id\":\"https:\/\/stilladser.dk\/index.php\/mesmerize\/karriere\/bliv-stilladsmontoer\/\",\"url\":\"https:\/\/stilladser.dk\/index.php\/mesmerize\/karriere\/bliv-stilladsmontoer\/\",\"name\":\"BLIV STILLADSMONT\u00d8R - MARS Stilladser A\/S\",\"isPartOf\":{\"@id\":\"https:\/\/stilladser.dk\/#website\"},\"primaryImageOfPage\":{\"@id\":\"https:\/\/stilladser.dk\/index.php\/mesmerize\/karriere\/bliv-stilladsmontoer\/#primaryimage\"},\"image\":{\"@id\":\"https:\/\/stilladser.dk\/index.php\/mesmerize\/karriere\/bliv-stilladsmontoer\/#primaryimage\"},\"thumbnailUrl\":\"https:\/\/stilladser.dk\/wp-content\/uploads\/2023\/10\/cropped-Mars_Stillads_logo-kopi-e1698409719985.png\",\"datePublished\":\"2023-11-06T09:01:33+00:00\",\"dateModified\":\"2023-11-29T10:32:14+00:00\",\"description\":\"Bliv stilladsmont\u00f8r hos Mars Stilladser A\/S. En arbejdsplads med h\u00f8jt fokus p\u00e5 sikkerhed og h\u00f8jt fagligt niveau!\",\"breadcrumb\":{\"@id\":\"https:\/\/stilladser.dk\/index.php\/mesmerize\/karriere\/bliv-stilladsmontoer\/#breadcrumb\"},\"inLanguage\":\"da-DK\",\"potentialAction\":[{\"@type\":\"ReadAction\",\"target\":[\"https:\/\/stilladser.dk\/index.php\/mesmerize\/karriere\/bliv-stilladsmontoer\/\"]}]},{\"@type\":\"ImageObject\",\"inLanguage\":\"da-DK\",\"@id\":\"https:\/\/stilladser.dk\/index.php\/mesmerize\/karriere\/bliv-stilladsmontoer\/#primaryimage\",\"url\":\"https:\/\/stilladser.dk\/wp-content\/uploads\/2023\/10\/cropped-Mars_Stillads_logo-kopi-e1698409719985.png\",\"contentUrl\":\"https:\/\/stilladser.dk\/wp-content\/uploads\/2023\/10\/cropped-Mars_Stillads_logo-kopi-e1698409719985.png\",\"width\":2539,\"height\":1468},{\"@type\":\"BreadcrumbList\",\"@id\":\"https:\/\/stilladser.dk\/index.php\/mesmerize\/karriere\/bliv-stilladsmontoer\/#breadcrumb\",\"itemListElement\":[{\"@type\":\"ListItem\",\"position\":1,\"name\":\"Home\",\"item\":\"https:\/\/stilladser.dk\/\"},{\"@type\":\"ListItem\",\"position\":2,\"name\":\"MARS Stilladser A\/S\",\"item\":\"https:\/\/stilladser.dk\/\"},{\"@type\":\"ListItem\",\"position\":3,\"name\":\"KARRIERE\",\"item\":\"https:\/\/stilladser.dk\/index.php\/mesmerize\/karriere\/\"},{\"@type\":\"ListItem\",\"position\":4,\"name\":\"BLIV STILLADSMONT\u00d8R\"}]},{\"@type\":\"WebSite\",\"@id\":\"https:\/\/stilladser.dk\/#website\",\"url\":\"https:\/\/stilladser.dk\/\",\"name\":\"MARS Stilladser A\/S\",\"description\":\"Vi har gennem tiden udf\u00f8rt mange sp\u00e6ndende og varierende stilladsopgaver. Om det er allround stillads, overd\u00e6kninger eller specialopgaver, s\u00e5 kan vi klare det langt det meste! Herunder ses et udpluk af de stilladscases vi tidligere har l\u00f8st. S\u00e5 st\u00e5r I og mangler et stillads til jeres n\u00e6ste projekt, s\u00e5 har vi helt sikkert den helt rigtige l\u00f8sning til jer.\",\"publisher\":{\"@id\":\"https:\/\/stilladser.dk\/#organization\"},\"potentialAction\":[{\"@type\":\"SearchAction\",\"target\":{\"@type\":\"EntryPoint\",\"urlTemplate\":\"https:\/\/stilladser.dk\/?s={search_term_string}\"},\"query-input\":{\"@type\":\"PropertyValueSpecification\",\"valueRequired\":true,\"valueName\":\"search_term_string\"}}],\"inLanguage\":\"da-DK\"},{\"@type\":\"Organization\",\"@id\":\"https:\/\/stilladser.dk\/#organization\",\"name\":\"MARS Stilladser A\/S\",\"url\":\"https:\/\/stilladser.dk\/\",\"logo\":{\"@type\":\"ImageObject\",\"inLanguage\":\"da-DK\",\"@id\":\"https:\/\/stilladser.dk\/#\/schema\/logo\/image\/\",\"url\":\"https:\/\/stilladser.dk\/wp-content\/uploads\/2023\/10\/Mars_Stillads_logo-kopi-5.gif\",\"contentUrl\":\"https:\/\/stilladser.dk\/wp-content\/uploads\/2023\/10\/Mars_Stillads_logo-kopi-5.gif\",\"width\":150,\"height\":42,\"caption\":\"MARS Stilladser A\/S\"},\"image\":{\"@id\":\"https:\/\/stilladser.dk\/#\/schema\/logo\/image\/\"}}]}<\/script>\n<!-- \/ Yoast SEO plugin. -->","yoast_head_json":{"title":"BLIV STILLADSMONT\u00d8R - MARS Stilladser A\/S","description":"Bliv stilladsmont\u00f8r hos Mars Stilladser A\/S. En arbejdsplads med h\u00f8jt fokus p\u00e5 sikkerhed og h\u00f8jt fagligt niveau!","robots":{"index":"index","follow":"follow","max-snippet":"max-snippet:-1","max-image-preview":"max-image-preview:large","max-video-preview":"max-video-preview:-1"},"canonical":"https:\/\/stilladser.dk\/index.php\/mesmerize\/karriere\/bliv-stilladsmontoer\/","og_locale":"da_DK","og_type":"article","og_title":"BLIV STILLADSMONT\u00d8R - MARS Stilladser A\/S","og_description":"Bliv stilladsmont\u00f8r hos Mars Stilladser A\/S. En arbejdsplads med h\u00f8jt fokus p\u00e5 sikkerhed og h\u00f8jt fagligt niveau!","og_url":"https:\/\/stilladser.dk\/index.php\/mesmerize\/karriere\/bliv-stilladsmontoer\/","og_site_name":"MARS Stilladser A\/S","article_modified_time":"2023-11-29T10:32:14+00:00","og_image":[{"width":2539,"height":1468,"url":"https:\/\/stilladser.dk\/wp-content\/uploads\/2023\/10\/cropped-Mars_Stillads_logo-kopi-e1698409719985.png","type":"image\/png"}],"twitter_card":"summary_large_image","twitter_misc":{"Estimeret l\u00e6setid":"3 minutter"},"schema":{"@context":"https:\/\/schema.org","@graph":[{"@type":"WebPage","@id":"https:\/\/stilladser.dk\/index.php\/mesmerize\/karriere\/bliv-stilladsmontoer\/","url":"https:\/\/stilladser.dk\/index.php\/mesmerize\/karriere\/bliv-stilladsmontoer\/","name":"BLIV STILLADSMONT\u00d8R - MARS Stilladser A\/S","isPartOf":{"@id":"https:\/\/stilladser.dk\/#website"},"primaryImageOfPage":{"@id":"https:\/\/stilladser.dk\/index.php\/mesmerize\/karriere\/bliv-stilladsmontoer\/#primaryimage"},"image":{"@id":"https:\/\/stilladser.dk\/index.php\/mesmerize\/karriere\/bliv-stilladsmontoer\/#primaryimage"},"thumbnailUrl":"https:\/\/stilladser.dk\/wp-content\/uploads\/2023\/10\/cropped-Mars_Stillads_logo-kopi-e1698409719985.png","datePublished":"2023-11-06T09:01:33+00:00","dateModified":"2023-11-29T10:32:14+00:00","description":"Bliv stilladsmont\u00f8r hos Mars Stilladser A\/S. En arbejdsplads med h\u00f8jt fokus p\u00e5 sikkerhed og h\u00f8jt fagligt niveau!","breadcrumb":{"@id":"https:\/\/stilladser.dk\/index.php\/mesmerize\/karriere\/bliv-stilladsmontoer\/#breadcrumb"},"inLanguage":"da-DK","potentialAction":[{"@type":"ReadAction","target":["https:\/\/stilladser.dk\/index.php\/mesmerize\/karriere\/bliv-stilladsmontoer\/"]}]},{"@type":"ImageObject","inLanguage":"da-DK","@id":"https:\/\/stilladser.dk\/index.php\/mesmerize\/karriere\/bliv-stilladsmontoer\/#primaryimage","url":"https:\/\/stilladser.dk\/wp-content\/uploads\/2023\/10\/cropped-Mars_Stillads_logo-kopi-e1698409719985.png","contentUrl":"https:\/\/stilladser.dk\/wp-content\/uploads\/2023\/10\/cropped-Mars_Stillads_logo-kopi-e1698409719985.png","width":2539,"height":1468},{"@type":"BreadcrumbList","@id":"https:\/\/stilladser.dk\/index.php\/mesmerize\/karriere\/bliv-stilladsmontoer\/#breadcrumb","itemListElement":[{"@type":"ListItem","position":1,"name":"Home","item":"https:\/\/stilladser.dk\/"},{"@type":"ListItem","position":2,"name":"MARS Stilladser A\/S","item":"https:\/\/stilladser.dk\/"},{"@type":"ListItem","position":3,"name":"KARRIERE","item":"https:\/\/stilladser.dk\/index.php\/mesmerize\/karriere\/"},{"@type":"ListItem","position":4,"name":"BLIV STILLADSMONT\u00d8R"}]},{"@type":"WebSite","@id":"https:\/\/stilladser.dk\/#website","url":"https:\/\/stilladser.dk\/","name":"MARS Stilladser A\/S","description":"Vi har gennem tiden udf\u00f8rt mange sp\u00e6ndende og varierende stilladsopgaver. Om det er allround stillads, overd\u00e6kninger eller specialopgaver, s\u00e5 kan vi klare det langt det meste! Herunder ses et udpluk af de stilladscases vi tidligere har l\u00f8st. S\u00e5 st\u00e5r I og mangler et stillads til jeres n\u00e6ste projekt, s\u00e5 har vi helt sikkert den helt rigtige l\u00f8sning til jer.","publisher":{"@id":"https:\/\/stilladser.dk\/#organization"},"potentialAction":[{"@type":"SearchAction","target":{"@type":"EntryPoint","urlTemplate":"https:\/\/stilladser.dk\/?s={search_term_string}"},"query-input":{"@type":"PropertyValueSpecification","valueRequired":true,"valueName":"search_term_string"}}],"inLanguage":"da-DK"},{"@type":"Organization","@id":"https:\/\/stilladser.dk\/#organization","name":"MARS Stilladser A\/S","url":"https:\/\/stilladser.dk\/","logo":{"@type":"ImageObject","inLanguage":"da-DK","@id":"https:\/\/stilladser.dk\/#\/schema\/logo\/image\/","url":"https:\/\/stilladser.dk\/wp-content\/uploads\/2023\/10\/Mars_Stillads_logo-kopi-5.gif","contentUrl":"https:\/\/stilladser.dk\/wp-content\/uploads\/2023\/10\/Mars_Stillads_logo-kopi-5.gif","width":150,"height":42,"caption":"MARS Stilladser A\/S"},"image":{"@id":"https:\/\/stilladser.dk\/#\/schema\/logo\/image\/"}}]}},"_links":{"self":[{"href":"https:\/\/stilladser.dk\/index.php\/wp-json\/wp\/v2\/pages\/956","targetHints":{"allow":["GET"]}}],"collection":[{"href":"https:\/\/stilladser.dk\/index.php\/wp-json\/wp\/v2\/pages"}],"about":[{"href":"https:\/\/stilladser.dk\/index.php\/wp-json\/wp\/v2\/types\/page"}],"author":[{"embeddable":true,"href":"https:\/\/stilladser.dk\/index.php\/wp-json\/wp\/v2\/users\/1"}],"replies":[{"embeddable":true,"href":"https:\/\/stilladser.dk\/index.php\/wp-json\/wp\/v2\/comments?post=956"}],"version-history":[{"count":8,"href":"https:\/\/stilladser.dk\/index.php\/wp-json\/wp\/v2\/pages\/956\/revisions"}],"predecessor-version":[{"id":1087,"href":"https:\/\/stilladser.dk\/index.php\/wp-json\/wp\/v2\/pages\/956\/revisions\/1087"}],"up":[{"embeddable":true,"href":"https:\/\/stilladser.dk\/index.php\/wp-json\/wp\/v2\/pages\/128"}],"wp:featuredmedia":[{"embeddable":true,"href":"https:\/\/stilladser.dk\/index.php\/wp-json\/wp\/v2\/media\/843"}],"wp:attachment":[{"href":"https:\/\/stilladser.dk\/index.php\/wp-json\/wp\/v2\/media?parent=956"}],"curies":[{"name":"wp","href":"https:\/\/api.w.org\/{rel}","templated":true}]}}