{"id":960,"date":"2023-11-06T08:35:51","date_gmt":"2023-11-06T08:35:51","guid":{"rendered":"https:\/\/stilladser.dk\/?page_id=960"},"modified":"2023-11-29T10:30:37","modified_gmt":"2023-11-29T10:30:37","slug":"bliv-stilladsmontoer-laerling-hos-mars","status":"publish","type":"page","link":"https:\/\/stilladser.dk\/index.php\/mesmerize\/karriere\/bliv-stilladsmontoer-laerling-hos-mars\/","title":{"rendered":"BLIV STILLADSMONT\u00d8R L\u00c6RLING"},"content":{"rendered":"<div  data-label=\"About\" data-id=\"about--1\" data-export-id=\"about-9\" data-category=\"about\" class=\"about-9 content-section content-section-spacing\" id=\"about-1\" style=\"background-color: rgb(255, 255, 255);\"><div  class=\"gridContainer\"> <div  class=\"row middle-sm text-center\"><div  class=\"col-sm-5 space-bottom-xs content-column content-right-sm\" data-type=\"column\">  <h2  class=\"\" style=\"text-align: left;\"><span  style=\"color: rgb(23, 46, 103);\">Interesseret i at blive stilladsmont\u00f8r, men er endnu ikke uddannet?<\/span><\/h2> <p  class=\"\" style=\"text-align: left;\"><span  style=\"color: rgb(0, 0, 0);\">Det skal du ikke lade dig holde tilbage af! Bliv stilladsmont\u00f8r l\u00e6rling hos MARS Stilladser A\/S. Vi har uddannet mange dygtige stilladsmont\u00f8rer gennem vores n\u00e6sten 100 \u00e5r i industrien. Gennem et l\u00e6rerigt uddannelsesforl\u00f8b \u00f8nsker vi at bidrage til en forh\u00f8jet kvalitet i branchen. Hos os f\u00e5r du mulighed for at arbejde side om side med erfarne stilladsmont\u00f8rer b\u00e5de f\u00f8r, under og efter din uddannelse. Dette giver dig muligheden for at erhverve dig nyttig viden og erfaring med stilladskonstruktioner allerede tidligt i din karriere. Vi er et firma med et mangfoldigt team med medarbejdere i mange forskellige aldre og forskellige erfaringsniveauer, s\u00e5 det er helt sikkert ogs\u00e5 plads til dig. S\u00e5, hvis det lyder som noget for dig, s\u00e5 send en mail via linket nederst p\u00e5 siden og f\u00e5 muligheden for at blive stilladsmont\u00f8r l\u00e6rling hos Mars Stilladser A\/S. Skulle du have sp\u00f8rgsm\u00e5l til jobbet eller uddannelsen, s\u00e5 er du selvf\u00f8lgelig altid velkommen til at <a data-mce-href=\"..\/..\/kontakt\/\" href=\"https:\/\/stilladser.dk\/index.php\/mesmerize\/kontakt\" target=\"_blank\" rel=\"noopener\" data-mce-selected=\"inline-boundary\" data-cp-link=\"1\">kontakte os<\/a>!<\/span><\/p> <\/div> <div  class=\"col-sm-7 flexbox flexbox middle-xs center-xs space-bottom-xs\"><div  class=\"overlay-box flexbox middle-xs center-xs overlay-holder \"> <div  class=\"overlay-box-offset offset-background shadow-medium bg-color2 hide-xs\"><\/div> <img  decoding=\"async\" class=\"flexbox shadow-large img1\" src=\"https:\/\/stilladser.dk\/wp-content\/uploads\/2023\/10\/cropped-cropped-Design-uden-navn-13.png\" data-size=\"600x400\" title=\"cropped-cropped-Design-uden-navn-13.png\" alt=\"\"><\/div> <\/div><\/div> <\/div><\/div><div  data-label=\"Features\" data-id=\"features--1\" data-export-id=\"features-12\" data-category=\"features\" class=\"features-12 content-section content-section-spacing \" id=\"features-1\" style=\"background-color: rgb(255, 255, 255);\"><div  class=\"gridContainer\"> <div  class=\"row text-center\"><div  class=\"section-title-col\" data-type=\"column\"> <h2  class=\"\"><span  style=\"color: rgb(23, 46, 103);\">Mere om jobbet som stilladsmont\u00f8r og l\u00e6rling hos MARS Stilladser A\/S\n<\/span><\/h2> <\/div> <\/div> <div  class=\"row spaced-cols\" data-type=\"row\"> <div  class=\"col-sm-6\"> <div  class=\"row space-bottom\"> <div  class=\"col-sm-fit icon-column\"> <i  class=\"fa icon fa-cog bordered round small color7\"><\/i> <\/div> <div  class=\"col-sm\" data-type=\"column\"> <h5  class=\"color2\"><span  style=\"color: rgb(23, 46, 103);\">Varierende og\n<br >udfordrende stilladsopgaver<\/span><\/h5> <\/div> <\/div><\/div> <div  class=\"col-sm-6\"><div  class=\"row space-bottom\"> <div  class=\"col-sm-fit icon-column\"><i  class=\"fa icon fa-cog bordered round small color7\"><\/i><\/div> <div  class=\"col-sm\" data-type=\"column\"><h5  class=\"color2\" style=\"margin-right: auto; outline-color: rgb(204, 204, 204); outline-style: solid;\"><span  style=\"color: rgb(23, 46, 103);\">Stabil og p\u00e5lidelig<br >l\u00f8nadministration<\/span><\/h5> <\/div> <\/div><\/div> <div  class=\"col-sm-6\"><div  class=\"row space-bottom\"> <div  class=\"col-sm-fit icon-column\"><i  class=\"fa icon fa-cog bordered round small color7\"><\/i><\/div> <div  class=\"col-sm\" data-type=\"column\"><h5  class=\"color2\"><span  style=\"color: rgb(23, 46, 103);\">H\u00f8j kapacitet af\n<br >stilladssystemer fra Layher.<\/span><\/h5> <\/div> <\/div><\/div> <div  class=\"col-sm-6\"><div  class=\"row space-bottom\"> <div  class=\"col-sm-fit icon-column\"><i  class=\"fa icon fa-cog bordered round small color7\"><\/i><\/div> <div  class=\"col-sm\" data-type=\"column\"><h5  class=\"color2\"><span  style=\"color: rgb(23, 46, 103);\">Mulighed for<\/span><br ><span  style=\"color: rgb(23, 46, 103);\">\nfrihed under ansvar<\/span><\/h5> <\/div> <\/div><\/div> <div  class=\"col-sm-6\"> <div  class=\"row space-bottom\"> <div  class=\"col-sm-fit icon-column\"> <i  class=\"fa icon fa-cog bordered round small color7\"><\/i> <\/div> <div  class=\"col-sm\" data-type=\"column\"> <h5  class=\"color2\"><span  style=\"color: rgb(23, 46, 103);\">Varierende og\n<br >udfordrende stilladsopgaver<\/span><\/h5> <\/div> <\/div><\/div><div  class=\"col-sm-6\"> <div  class=\"row space-bottom\"> <div  class=\"col-sm-fit icon-column\"> <i  class=\"fa icon fa-cog bordered round small color7\"><\/i> <\/div> <div  class=\"col-sm\" data-type=\"column\"> <h5  class=\"color2\"><span  style=\"color: rgb(23, 46, 103);\">Sociale\n<\/span><br ><span  style=\"color: rgb(23, 46, 103);\">arrangementer<\/span><\/h5> <\/div> <\/div><\/div><div  class=\"col-sm-6\"> <div  class=\"row space-bottom\"> <div  class=\"col-sm-fit icon-column\"> <i  class=\"fa icon fa-cog bordered round small color7\"><\/i> <\/div> <div  class=\"col-sm\" data-type=\"column\"> <h5  class=\"color2\"><span  style=\"color: rgb(23, 46, 103);\">Godkendt<\/span><br ><span  style=\"color: rgb(23, 46, 103);\">\nkvalitetssikkerhedsudstyr<\/span><\/h5> <\/div> <\/div><\/div><div  class=\"col-sm-6\"> <div  class=\"row space-bottom\"> <div  class=\"col-sm-fit icon-column\"> <i  class=\"fa icon fa-cog bordered round small color7\"><\/i> <\/div> <div  class=\"col-sm\" data-type=\"column\"> <h5  class=\"color2\"><span  style=\"color: rgb(23, 46, 103);\">L\u00f8bende mulighed for udlevering\n<br >og udskifting af grej og t\u00f8j efter behov.<\/span><\/h5> <\/div> <\/div><\/div><\/div><\/div> <\/div><div  data-label=\"Cta\" data-id=\"cta--1\" data-export-id=\"cta-centered-section-grid\" data-category=\"cta\" class=\"cta-centered-section-grid content-section content-section-spacing-medium bg-color1 white-text\" id=\"cta-1\" style=\"background-image: none; background-color: rgb(23, 46, 103);\"><div  class=\"gridContainer\"> <div  class=\"row text-center\"><div  class=\"col-xs-12 col-sm-10 col-sm-offset-1 col-md-8 col-md-offset-2\" data-type=\"column\"> <h2  class=\"\">Jobs\u00f8gende?<\/h2> <p  class=\"\">Vi er ofte p\u00e5 udkig efter flere engagerede folk til vores team med lyst til et sp\u00e6ndende og afvekslende job som stilladsmont\u00f8r. S\u00e5 hvis det kunne v\u00e6re noget for dig, s\u00e5 send os en mail hvor du fort\u00e6ller lidt om dig selv og din interesse i faget. Inklud\u00e9r gerne kontaktinfo og lidt om hvad du har lavet tidligere (f.eks. CV med evt. erfaring, kurser, certificeringer og k\u00f8rekort). Har du interessen, men endnu ikke er uddannet, s\u00e5 hold dig ikke tilbage, da vi har uddannet mange dygtige mont\u00f8rer gennem tiden.\n<br ><br >\nVi gl\u00e6der os til at h\u00f8re fra dig!<\/p> <a class=\"button color8 dark-text\" href=\"mailto:mars@stilladser.dk\" target=\"_blank\" data-cp-link=\"1\" data-icon=\"\" rel=\"noopener\">Send mail<\/a><\/div> <\/div><\/div> <\/div><div data-label=\"Cta\" data-id=\"cta--2\" data-export-id=\"cta-centered-section-grid\" data-category=\"cta\" class=\"cta-centered-section-grid content-section content-section-spacing-medium bg-color1 dark-text\" id=\"cta-2\"  style=\"background-image: none; background-color: rgb(251, 251, 251);\"><div class=\"gridContainer\" > <div class=\"row text-center\" ><div class=\"col-xs-12 col-sm-10 col-sm-offset-1 col-md-8 col-md-offset-2\" data-type=\"column\" > <h2 class=\"\" >Behandling af persondata<\/h2> <p class=\"\" >Ans\u00f8geren giver MARS Stilladser A\/S ret til at behandle de fremsendte personoplysninger med det form\u00e5l at oplysningerne kan indg\u00e5 i en rekrutteringsproces. Oplysningerne bliver opbevaret i overensstemmelse med god databehandlingsskik.\n<br ><br >Oplysningerne bliver maksimalt opbevaret i 6 m\u00e5neder, eller til rekrutteringsprocessen er overst\u00e5et, hvorefter de vil blive slettet permanent.<br >\nEnhver henvendelse i relation til personoplysninger kan rettes til Klaus Bjerregaard.<br >\nAlle oplysninger behandles i fortrolighed.\n<br ><br >\nAns\u00f8gningerne m\u00e5 ikke indeholde personf\u00f8lsomme oplysninger, i form af oplysninger om seksualitet, fagforeningsm\u00e6ssige tilh\u00f8rsforhold, race, religion, filosofisk overbevisning samt politisk overbevisning.<\/p> <\/div> <\/div><\/div> <\/div>","protected":false},"excerpt":{"rendered":"<p>Interesseret i at blive stilladsmont\u00f8r, men er endnu ikke uddannet? Det skal du ikke lade dig holde tilbage af! Bliv stilladsmont\u00f8r l\u00e6rling hos MARS Stilladser A\/S. Vi har uddannet mange dygtige stilladsmont\u00f8rer gennem vores n\u00e6sten 100 \u00e5r i industrien. Gennem et l\u00e6rerigt uddannelsesforl\u00f8b \u00f8nsker vi at bidrage til en forh\u00f8jet kvalitet i branchen. Hos os&hellip; <br \/> <a class=\"read-more\" href=\"https:\/\/stilladser.dk\/index.php\/mesmerize\/karriere\/bliv-stilladsmontoer-laerling-hos-mars\/\">L\u00e6s mere<\/a><\/p>\n","protected":false},"author":1,"featured_media":843,"parent":128,"menu_order":2,"comment_status":"closed","ping_status":"closed","template":"pro\/page-templates\/full-width-page.php","meta":{"footnotes":""},"class_list":["post-960","page","type-page","status-publish","has-post-thumbnail","hentry"],"yoast_head":"<!-- This site is optimized with the Yoast SEO plugin v26.8 - https:\/\/yoast.com\/product\/yoast-seo-wordpress\/ -->\n<title>BLIV STILLADSMONT\u00d8R L\u00c6RLING - MARS Stilladser A\/S<\/title>\n<meta name=\"description\" content=\"Bliv stilladsmont\u00f8r l\u00e6rling hos Mars. Vi har bred erfaring med uddannelse af elever med fokus p\u00e5 sikkerhed og faglig udvikling.\" \/>\n<meta name=\"robots\" content=\"index, follow, max-snippet:-1, max-image-preview:large, max-video-preview:-1\" \/>\n<link rel=\"canonical\" href=\"https:\/\/stilladser.dk\/index.php\/mesmerize\/karriere\/bliv-stilladsmontoer-laerling-hos-mars\/\" \/>\n<meta property=\"og:locale\" content=\"da_DK\" \/>\n<meta property=\"og:type\" content=\"article\" \/>\n<meta property=\"og:title\" content=\"BLIV STILLADSMONT\u00d8R L\u00c6RLING - MARS Stilladser A\/S\" \/>\n<meta property=\"og:description\" content=\"Bliv stilladsmont\u00f8r l\u00e6rling hos Mars. Vi har bred erfaring med uddannelse af elever med fokus p\u00e5 sikkerhed og faglig udvikling.\" \/>\n<meta property=\"og:url\" content=\"https:\/\/stilladser.dk\/index.php\/mesmerize\/karriere\/bliv-stilladsmontoer-laerling-hos-mars\/\" \/>\n<meta property=\"og:site_name\" content=\"MARS Stilladser A\/S\" \/>\n<meta property=\"article:modified_time\" content=\"2023-11-29T10:30:37+00:00\" \/>\n<meta property=\"og:image\" content=\"https:\/\/stilladser.dk\/wp-content\/uploads\/2023\/10\/cropped-Mars_Stillads_logo-kopi-e1698409719985.png\" \/>\n\t<meta property=\"og:image:width\" content=\"2539\" \/>\n\t<meta property=\"og:image:height\" content=\"1468\" \/>\n\t<meta property=\"og:image:type\" content=\"image\/png\" \/>\n<meta name=\"twitter:card\" content=\"summary_large_image\" \/>\n<meta name=\"twitter:label1\" content=\"Estimeret l\u00e6setid\" \/>\n\t<meta name=\"twitter:data1\" content=\"2 minutter\" \/>\n<script type=\"application\/ld+json\" class=\"yoast-schema-graph\">{\"@context\":\"https:\/\/schema.org\",\"@graph\":[{\"@type\":\"WebPage\",\"@id\":\"https:\/\/stilladser.dk\/index.php\/mesmerize\/karriere\/bliv-stilladsmontoer-laerling-hos-mars\/\",\"url\":\"https:\/\/stilladser.dk\/index.php\/mesmerize\/karriere\/bliv-stilladsmontoer-laerling-hos-mars\/\",\"name\":\"BLIV STILLADSMONT\u00d8R L\u00c6RLING - MARS Stilladser A\/S\",\"isPartOf\":{\"@id\":\"https:\/\/stilladser.dk\/#website\"},\"primaryImageOfPage\":{\"@id\":\"https:\/\/stilladser.dk\/index.php\/mesmerize\/karriere\/bliv-stilladsmontoer-laerling-hos-mars\/#primaryimage\"},\"image\":{\"@id\":\"https:\/\/stilladser.dk\/index.php\/mesmerize\/karriere\/bliv-stilladsmontoer-laerling-hos-mars\/#primaryimage\"},\"thumbnailUrl\":\"https:\/\/stilladser.dk\/wp-content\/uploads\/2023\/10\/cropped-Mars_Stillads_logo-kopi-e1698409719985.png\",\"datePublished\":\"2023-11-06T08:35:51+00:00\",\"dateModified\":\"2023-11-29T10:30:37+00:00\",\"description\":\"Bliv stilladsmont\u00f8r l\u00e6rling hos Mars. Vi har bred erfaring med uddannelse af elever med fokus p\u00e5 sikkerhed og faglig udvikling.\",\"breadcrumb\":{\"@id\":\"https:\/\/stilladser.dk\/index.php\/mesmerize\/karriere\/bliv-stilladsmontoer-laerling-hos-mars\/#breadcrumb\"},\"inLanguage\":\"da-DK\",\"potentialAction\":[{\"@type\":\"ReadAction\",\"target\":[\"https:\/\/stilladser.dk\/index.php\/mesmerize\/karriere\/bliv-stilladsmontoer-laerling-hos-mars\/\"]}]},{\"@type\":\"ImageObject\",\"inLanguage\":\"da-DK\",\"@id\":\"https:\/\/stilladser.dk\/index.php\/mesmerize\/karriere\/bliv-stilladsmontoer-laerling-hos-mars\/#primaryimage\",\"url\":\"https:\/\/stilladser.dk\/wp-content\/uploads\/2023\/10\/cropped-Mars_Stillads_logo-kopi-e1698409719985.png\",\"contentUrl\":\"https:\/\/stilladser.dk\/wp-content\/uploads\/2023\/10\/cropped-Mars_Stillads_logo-kopi-e1698409719985.png\",\"width\":2539,\"height\":1468},{\"@type\":\"BreadcrumbList\",\"@id\":\"https:\/\/stilladser.dk\/index.php\/mesmerize\/karriere\/bliv-stilladsmontoer-laerling-hos-mars\/#breadcrumb\",\"itemListElement\":[{\"@type\":\"ListItem\",\"position\":1,\"name\":\"Home\",\"item\":\"https:\/\/stilladser.dk\/\"},{\"@type\":\"ListItem\",\"position\":2,\"name\":\"MARS Stilladser A\/S\",\"item\":\"https:\/\/stilladser.dk\/\"},{\"@type\":\"ListItem\",\"position\":3,\"name\":\"KARRIERE\",\"item\":\"https:\/\/stilladser.dk\/index.php\/mesmerize\/karriere\/\"},{\"@type\":\"ListItem\",\"position\":4,\"name\":\"BLIV STILLADSMONT\u00d8R L\u00c6RLING\"}]},{\"@type\":\"WebSite\",\"@id\":\"https:\/\/stilladser.dk\/#website\",\"url\":\"https:\/\/stilladser.dk\/\",\"name\":\"MARS Stilladser A\/S\",\"description\":\"Vi har gennem tiden udf\u00f8rt mange sp\u00e6ndende og varierende stilladsopgaver. Om det er allround stillads, overd\u00e6kninger eller specialopgaver, s\u00e5 kan vi klare det langt det meste! Herunder ses et udpluk af de stilladscases vi tidligere har l\u00f8st. S\u00e5 st\u00e5r I og mangler et stillads til jeres n\u00e6ste projekt, s\u00e5 har vi helt sikkert den helt rigtige l\u00f8sning til jer.\",\"publisher\":{\"@id\":\"https:\/\/stilladser.dk\/#organization\"},\"potentialAction\":[{\"@type\":\"SearchAction\",\"target\":{\"@type\":\"EntryPoint\",\"urlTemplate\":\"https:\/\/stilladser.dk\/?s={search_term_string}\"},\"query-input\":{\"@type\":\"PropertyValueSpecification\",\"valueRequired\":true,\"valueName\":\"search_term_string\"}}],\"inLanguage\":\"da-DK\"},{\"@type\":\"Organization\",\"@id\":\"https:\/\/stilladser.dk\/#organization\",\"name\":\"MARS Stilladser A\/S\",\"url\":\"https:\/\/stilladser.dk\/\",\"logo\":{\"@type\":\"ImageObject\",\"inLanguage\":\"da-DK\",\"@id\":\"https:\/\/stilladser.dk\/#\/schema\/logo\/image\/\",\"url\":\"https:\/\/stilladser.dk\/wp-content\/uploads\/2023\/10\/Mars_Stillads_logo-kopi-5.gif\",\"contentUrl\":\"https:\/\/stilladser.dk\/wp-content\/uploads\/2023\/10\/Mars_Stillads_logo-kopi-5.gif\",\"width\":150,\"height\":42,\"caption\":\"MARS Stilladser A\/S\"},\"image\":{\"@id\":\"https:\/\/stilladser.dk\/#\/schema\/logo\/image\/\"}}]}<\/script>\n<!-- \/ Yoast SEO plugin. -->","yoast_head_json":{"title":"BLIV STILLADSMONT\u00d8R L\u00c6RLING - MARS Stilladser A\/S","description":"Bliv stilladsmont\u00f8r l\u00e6rling hos Mars. Vi har bred erfaring med uddannelse af elever med fokus p\u00e5 sikkerhed og faglig udvikling.","robots":{"index":"index","follow":"follow","max-snippet":"max-snippet:-1","max-image-preview":"max-image-preview:large","max-video-preview":"max-video-preview:-1"},"canonical":"https:\/\/stilladser.dk\/index.php\/mesmerize\/karriere\/bliv-stilladsmontoer-laerling-hos-mars\/","og_locale":"da_DK","og_type":"article","og_title":"BLIV STILLADSMONT\u00d8R L\u00c6RLING - MARS Stilladser A\/S","og_description":"Bliv stilladsmont\u00f8r l\u00e6rling hos Mars. Vi har bred erfaring med uddannelse af elever med fokus p\u00e5 sikkerhed og faglig udvikling.","og_url":"https:\/\/stilladser.dk\/index.php\/mesmerize\/karriere\/bliv-stilladsmontoer-laerling-hos-mars\/","og_site_name":"MARS Stilladser A\/S","article_modified_time":"2023-11-29T10:30:37+00:00","og_image":[{"width":2539,"height":1468,"url":"https:\/\/stilladser.dk\/wp-content\/uploads\/2023\/10\/cropped-Mars_Stillads_logo-kopi-e1698409719985.png","type":"image\/png"}],"twitter_card":"summary_large_image","twitter_misc":{"Estimeret l\u00e6setid":"2 minutter"},"schema":{"@context":"https:\/\/schema.org","@graph":[{"@type":"WebPage","@id":"https:\/\/stilladser.dk\/index.php\/mesmerize\/karriere\/bliv-stilladsmontoer-laerling-hos-mars\/","url":"https:\/\/stilladser.dk\/index.php\/mesmerize\/karriere\/bliv-stilladsmontoer-laerling-hos-mars\/","name":"BLIV STILLADSMONT\u00d8R L\u00c6RLING - MARS Stilladser A\/S","isPartOf":{"@id":"https:\/\/stilladser.dk\/#website"},"primaryImageOfPage":{"@id":"https:\/\/stilladser.dk\/index.php\/mesmerize\/karriere\/bliv-stilladsmontoer-laerling-hos-mars\/#primaryimage"},"image":{"@id":"https:\/\/stilladser.dk\/index.php\/mesmerize\/karriere\/bliv-stilladsmontoer-laerling-hos-mars\/#primaryimage"},"thumbnailUrl":"https:\/\/stilladser.dk\/wp-content\/uploads\/2023\/10\/cropped-Mars_Stillads_logo-kopi-e1698409719985.png","datePublished":"2023-11-06T08:35:51+00:00","dateModified":"2023-11-29T10:30:37+00:00","description":"Bliv stilladsmont\u00f8r l\u00e6rling hos Mars. Vi har bred erfaring med uddannelse af elever med fokus p\u00e5 sikkerhed og faglig udvikling.","breadcrumb":{"@id":"https:\/\/stilladser.dk\/index.php\/mesmerize\/karriere\/bliv-stilladsmontoer-laerling-hos-mars\/#breadcrumb"},"inLanguage":"da-DK","potentialAction":[{"@type":"ReadAction","target":["https:\/\/stilladser.dk\/index.php\/mesmerize\/karriere\/bliv-stilladsmontoer-laerling-hos-mars\/"]}]},{"@type":"ImageObject","inLanguage":"da-DK","@id":"https:\/\/stilladser.dk\/index.php\/mesmerize\/karriere\/bliv-stilladsmontoer-laerling-hos-mars\/#primaryimage","url":"https:\/\/stilladser.dk\/wp-content\/uploads\/2023\/10\/cropped-Mars_Stillads_logo-kopi-e1698409719985.png","contentUrl":"https:\/\/stilladser.dk\/wp-content\/uploads\/2023\/10\/cropped-Mars_Stillads_logo-kopi-e1698409719985.png","width":2539,"height":1468},{"@type":"BreadcrumbList","@id":"https:\/\/stilladser.dk\/index.php\/mesmerize\/karriere\/bliv-stilladsmontoer-laerling-hos-mars\/#breadcrumb","itemListElement":[{"@type":"ListItem","position":1,"name":"Home","item":"https:\/\/stilladser.dk\/"},{"@type":"ListItem","position":2,"name":"MARS Stilladser A\/S","item":"https:\/\/stilladser.dk\/"},{"@type":"ListItem","position":3,"name":"KARRIERE","item":"https:\/\/stilladser.dk\/index.php\/mesmerize\/karriere\/"},{"@type":"ListItem","position":4,"name":"BLIV STILLADSMONT\u00d8R L\u00c6RLING"}]},{"@type":"WebSite","@id":"https:\/\/stilladser.dk\/#website","url":"https:\/\/stilladser.dk\/","name":"MARS Stilladser A\/S","description":"Vi har gennem tiden udf\u00f8rt mange sp\u00e6ndende og varierende stilladsopgaver. Om det er allround stillads, overd\u00e6kninger eller specialopgaver, s\u00e5 kan vi klare det langt det meste! Herunder ses et udpluk af de stilladscases vi tidligere har l\u00f8st. S\u00e5 st\u00e5r I og mangler et stillads til jeres n\u00e6ste projekt, s\u00e5 har vi helt sikkert den helt rigtige l\u00f8sning til jer.","publisher":{"@id":"https:\/\/stilladser.dk\/#organization"},"potentialAction":[{"@type":"SearchAction","target":{"@type":"EntryPoint","urlTemplate":"https:\/\/stilladser.dk\/?s={search_term_string}"},"query-input":{"@type":"PropertyValueSpecification","valueRequired":true,"valueName":"search_term_string"}}],"inLanguage":"da-DK"},{"@type":"Organization","@id":"https:\/\/stilladser.dk\/#organization","name":"MARS Stilladser A\/S","url":"https:\/\/stilladser.dk\/","logo":{"@type":"ImageObject","inLanguage":"da-DK","@id":"https:\/\/stilladser.dk\/#\/schema\/logo\/image\/","url":"https:\/\/stilladser.dk\/wp-content\/uploads\/2023\/10\/Mars_Stillads_logo-kopi-5.gif","contentUrl":"https:\/\/stilladser.dk\/wp-content\/uploads\/2023\/10\/Mars_Stillads_logo-kopi-5.gif","width":150,"height":42,"caption":"MARS Stilladser A\/S"},"image":{"@id":"https:\/\/stilladser.dk\/#\/schema\/logo\/image\/"}}]}},"_links":{"self":[{"href":"https:\/\/stilladser.dk\/index.php\/wp-json\/wp\/v2\/pages\/960","targetHints":{"allow":["GET"]}}],"collection":[{"href":"https:\/\/stilladser.dk\/index.php\/wp-json\/wp\/v2\/pages"}],"about":[{"href":"https:\/\/stilladser.dk\/index.php\/wp-json\/wp\/v2\/types\/page"}],"author":[{"embeddable":true,"href":"https:\/\/stilladser.dk\/index.php\/wp-json\/wp\/v2\/users\/1"}],"replies":[{"embeddable":true,"href":"https:\/\/stilladser.dk\/index.php\/wp-json\/wp\/v2\/comments?post=960"}],"version-history":[{"count":8,"href":"https:\/\/stilladser.dk\/index.php\/wp-json\/wp\/v2\/pages\/960\/revisions"}],"predecessor-version":[{"id":1086,"href":"https:\/\/stilladser.dk\/index.php\/wp-json\/wp\/v2\/pages\/960\/revisions\/1086"}],"up":[{"embeddable":true,"href":"https:\/\/stilladser.dk\/index.php\/wp-json\/wp\/v2\/pages\/128"}],"wp:featuredmedia":[{"embeddable":true,"href":"https:\/\/stilladser.dk\/index.php\/wp-json\/wp\/v2\/media\/843"}],"wp:attachment":[{"href":"https:\/\/stilladser.dk\/index.php\/wp-json\/wp\/v2\/media?parent=960"}],"curies":[{"name":"wp","href":"https:\/\/api.w.org\/{rel}","templated":true}]}}